{"id":2517,"date":"2025-01-20T02:18:16","date_gmt":"2025-01-20T02:18:16","guid":{"rendered":"https:\/\/www.tikdd.cc\/i\/?page_id=2517"},"modified":"2026-03-01T03:30:22","modified_gmt":"2026-03-01T03:30:22","slug":"descargar-videos-de-porntube","status":"publish","type":"page","link":"https:\/\/www.tikdd.cc\/i\/es\/descargar-videos-de-porntube\/","title":{"rendered":"Descargar V\u00eddeos de\u00a0PornTube"},"content":{"rendered":"\n<p><strong>Descargador de v\u00eddeo de PornTube<\/strong> es una herramienta gratuita para descargar v\u00eddeos de <a href=\"https:\/\/www.porntube.com\/\" rel=\"nofollow noopener\" target=\"_blank\">PornTube<\/a>, que permite a los usuarios guardar contenidos para adultos en formatos de alta calidad como .mp4 para verlos sin conexi\u00f3n. Copiando y pegando la URL del v\u00eddeo en el descargador, los usuarios pueden acceder r\u00e1pidamente a sus v\u00eddeos favoritos con facilidad. Es importante tener en cuenta que los usuarios deben cumplir las condiciones de servicio de PornTube y la normativa sobre derechos de autor.<\/p>\n\n\n\n<p>Ejemplo de URL &gt;&gt;&gt; https:\/\/www.porntube.com\/video\/ZzUlmbMkTgRiBs0y\/euro-cutie-matty-mila-perez-gets-down-on-american-dick<\/p>\n\n\n\n<div class=\"section features-1\">\n        <div class=\"container\">\n            <div class=\"row\">\n                <div class=\"col-md-8 mx-auto text-center\">\n                    <h2 class=\"display-4 mb-5\">\u00bfC\u00f3mo descargar v\u00eddeos de PornTube?<\/h2>\n                <\/div>\n            <\/div>\n            <div class=\"row text-center\">\n                <div class=\"col\">\n                    <div class=\"info\">\n                        <div class=\"icon icon-lg icon-shape icon-shape-primary shadow rounded-circle\">\n                            <i class=\"fas fa-link\"><\/i>\n                        <\/div>\n                        <h6 class=\"info-title text-uppercase text-primary\">Copiar URL de v\u00eddeo compartible<\/h6>\n                        <p class=\"description opacity-8\"><\/p>\n                    <\/div>\n                <\/div>\n                <div class=\"col\">\n                    <div class=\"info\">\n                        <div class=\"icon icon-lg icon-shape icon-shape-success shadow rounded-circle\">\n                            <i class=\"fas fa-paste\"><\/i>\n                        <\/div>\n                        <h6 class=\"info-title text-uppercase text-success\">P\u00e9guelo en el campo de arriba<\/h6>\n                        <p class=\"description opacity-8\"><\/p>\n                    <\/div>\n                <\/div>\n                <div class=\"col\">\n                    <div class=\"info\">\n                        <div class=\"icon icon-lg icon-shape icon-shape-info shadow rounded-circle\">\n                            <i class=\"fas fa-download\"><\/i>\n                        <\/div>\n                        <h6 class=\"info-title text-uppercase text-info\">Haga clic para descargar<\/h6>\n                        <p class=\"description opacity-8\"><\/p>\n                    <\/div>\n                <\/div>\n            <\/div>\n        <\/div>\n    <\/div>\n\n\n","protected":false},"excerpt":{"rendered":"<p>Descargador de v\u00eddeo de PornTube es una herramienta gratuita para descargar v\u00eddeos de PornTube, que&hellip;<\/p>\n","protected":false},"author":1,"featured_media":0,"parent":0,"menu_order":0,"comment_status":"closed","ping_status":"closed","template":"page-templates\/template-downloader.php","meta":{"footnotes":""},"class_list":["post-2517","page","type-page","status-publish","hentry"],"_links":{"self":[{"href":"https:\/\/www.tikdd.cc\/i\/wp-json\/wp\/v2\/pages\/2517","targetHints":{"allow":["GET"]}}],"collection":[{"href":"https:\/\/www.tikdd.cc\/i\/wp-json\/wp\/v2\/pages"}],"about":[{"href":"https:\/\/www.tikdd.cc\/i\/wp-json\/wp\/v2\/types\/page"}],"author":[{"embeddable":true,"href":"https:\/\/www.tikdd.cc\/i\/wp-json\/wp\/v2\/users\/1"}],"replies":[{"embeddable":true,"href":"https:\/\/www.tikdd.cc\/i\/wp-json\/wp\/v2\/comments?post=2517"}],"version-history":[{"count":3,"href":"https:\/\/www.tikdd.cc\/i\/wp-json\/wp\/v2\/pages\/2517\/revisions"}],"predecessor-version":[{"id":2704,"href":"https:\/\/www.tikdd.cc\/i\/wp-json\/wp\/v2\/pages\/2517\/revisions\/2704"}],"wp:attachment":[{"href":"https:\/\/www.tikdd.cc\/i\/wp-json\/wp\/v2\/media?parent=2517"}],"curies":[{"name":"wp","href":"https:\/\/api.w.org\/{rel}","templated":true}]}}