{"id":2497,"date":"2025-01-17T09:54:25","date_gmt":"2025-01-17T09:54:25","guid":{"rendered":"https:\/\/www.tikdd.cc\/i\/?page_id=2497"},"modified":"2025-01-17T09:54:27","modified_gmt":"2025-01-17T09:54:27","slug":"descargar-videos-de-nowness","status":"publish","type":"page","link":"https:\/\/www.tikdd.cc\/i\/es\/descargar-videos-de-nowness\/","title":{"rendered":"Descargar V\u00eddeos de\u00a0Nowness"},"content":{"rendered":"\n<p><strong>Descargador de v\u00eddeo de Nowness<\/strong> es una herramienta gratuita para descargar v\u00eddeos de <a href=\"https:\/\/www.nowness.com\/\" rel=\"nofollow noopener\" target=\"_blank\">Nowness<\/a>, una plataforma global que ofrece pel\u00edculas y v\u00eddeos sobre arte, cultura, moda y dise\u00f1o. Este descargador permite a los usuarios guardar contenidos en formatos de alta definici\u00f3n como .mp4, lo que lo hace perfecto para ver sin conexi\u00f3n obras creativas e inspiradoras. Al pegar la URL del v\u00eddeo en el descargador, los usuarios pueden acceder r\u00e1pidamente a sus v\u00eddeos favoritos de Nowness. Esta herramienta es ideal para artistas, estudiantes y entusiastas de la cultura que quieran explorar los contenidos de Nowness sin conexi\u00f3n a Internet.<\/p>\n\n\n\n<p>Ejemplo de URL >>> <code>https:\/\/www.nowness.com\/story\/as-time-goes-by-nadia-lee-cohen-saint-laurent<\/code><\/p>\n\n\n\n<div class=\"section features-1\">\n        <div class=\"container\">\n            <div class=\"row\">\n                <div class=\"col-md-8 mx-auto text-center\">\n                    <h2 class=\"display-4 mb-5\">\u00bfC\u00f3mo descargar v\u00eddeos de Nowness?<\/h2>\n                <\/div>\n            <\/div>\n            <div class=\"row text-center\">\n                <div class=\"col\">\n                    <div class=\"info\">\n                        <div class=\"icon icon-lg icon-shape icon-shape-primary shadow rounded-circle\">\n                            <i class=\"fas fa-link\"><\/i>\n                        <\/div>\n                        <h6 class=\"info-title text-uppercase text-primary\">Copiar URL de v\u00eddeo compartible<\/h6>\n                        <p class=\"description opacity-8\"><\/p>\n                    <\/div>\n                <\/div>\n                <div class=\"col\">\n                    <div class=\"info\">\n                        <div class=\"icon icon-lg icon-shape icon-shape-success shadow rounded-circle\">\n                            <i class=\"fas fa-paste\"><\/i>\n                        <\/div>\n                        <h6 class=\"info-title text-uppercase text-success\">P\u00e9guelo en el campo de arriba<\/h6>\n                        <p class=\"description opacity-8\"><\/p>\n                    <\/div>\n                <\/div>\n                <div class=\"col\">\n                    <div class=\"info\">\n                        <div class=\"icon icon-lg icon-shape icon-shape-info shadow rounded-circle\">\n                            <i class=\"fas fa-download\"><\/i>\n                        <\/div>\n                        <h6 class=\"info-title text-uppercase text-info\">Haga clic para descargar<\/h6>\n                        <p class=\"description opacity-8\"><\/p>\n                    <\/div>\n                <\/div>\n            <\/div>\n        <\/div>\n    <\/div>\n","protected":false},"excerpt":{"rendered":"<p>Descargador de v\u00eddeo de Nowness es una herramienta gratuita para descargar v\u00eddeos de Nowness, una&hellip;<\/p>\n","protected":false},"author":1,"featured_media":0,"parent":0,"menu_order":0,"comment_status":"closed","ping_status":"closed","template":"page-templates\/template-downloader.php","meta":{"footnotes":""},"class_list":["post-2497","page","type-page","status-publish","hentry"],"_links":{"self":[{"href":"https:\/\/www.tikdd.cc\/i\/wp-json\/wp\/v2\/pages\/2497","targetHints":{"allow":["GET"]}}],"collection":[{"href":"https:\/\/www.tikdd.cc\/i\/wp-json\/wp\/v2\/pages"}],"about":[{"href":"https:\/\/www.tikdd.cc\/i\/wp-json\/wp\/v2\/types\/page"}],"author":[{"embeddable":true,"href":"https:\/\/www.tikdd.cc\/i\/wp-json\/wp\/v2\/users\/1"}],"replies":[{"embeddable":true,"href":"https:\/\/www.tikdd.cc\/i\/wp-json\/wp\/v2\/comments?post=2497"}],"version-history":[{"count":1,"href":"https:\/\/www.tikdd.cc\/i\/wp-json\/wp\/v2\/pages\/2497\/revisions"}],"predecessor-version":[{"id":2498,"href":"https:\/\/www.tikdd.cc\/i\/wp-json\/wp\/v2\/pages\/2497\/revisions\/2498"}],"wp:attachment":[{"href":"https:\/\/www.tikdd.cc\/i\/wp-json\/wp\/v2\/media?parent=2497"}],"curies":[{"name":"wp","href":"https:\/\/api.w.org\/{rel}","templated":true}]}}