{"id":2480,"date":"2025-01-17T08:05:33","date_gmt":"2025-01-17T08:05:33","guid":{"rendered":"https:\/\/www.tikdd.cc\/i\/?page_id=2480"},"modified":"2025-01-17T08:06:01","modified_gmt":"2025-01-17T08:06:01","slug":"descargar-videos-de-national-geographic","status":"publish","type":"page","link":"https:\/\/www.tikdd.cc\/i\/es\/descargar-videos-de-national-geographic\/","title":{"rendered":"Descargar V\u00eddeos de\u00a0National Geographic"},"content":{"rendered":"\n<p>Descargador de v\u00eddeo de National Geographic es una potente herramienta dise\u00f1ada para descargar v\u00eddeos de <a href=\"https:\/\/www.nationalgeographic.com\/\" rel=\"nofollow noopener\" target=\"_blank\">National Geographic<\/a>, una plataforma famosa por sus documentales de alta calidad, contenidos educativos y exploraciones de la naturaleza. Este descargador permite a los usuarios guardar v\u00eddeos en formatos como .mp4, conservando la calidad de alta definici\u00f3n para su visualizaci\u00f3n sin conexi\u00f3n. El descargador es ideal para educadores, estudiantes y entusiastas de la naturaleza que deseen acceder a los contenidos de National Geographic sin conexi\u00f3n a Internet.<\/p>\n\n\n\n<p>Ejemplo de URL >>> <code>https:\/\/www.nationalgeographic.com\/tv\/episode\/80ef51fd-2ded-4da2-a4d8-c0ea8e3bf3e6\/playlist\/PL553044961<\/code><\/p>\n\n\n\n<div class=\"section features-1\">\n        <div class=\"container\">\n            <div class=\"row\">\n                <div class=\"col-md-8 mx-auto text-center\">\n                    <h2 class=\"display-4 mb-5\">\u00bfC\u00f3mo descargar v\u00eddeos de Descargar V\u00eddeos de\u00a0National Geographic?<\/h2>\n                <\/div>\n            <\/div>\n            <div class=\"row text-center\">\n                <div class=\"col\">\n                    <div class=\"info\">\n                        <div class=\"icon icon-lg icon-shape icon-shape-primary shadow rounded-circle\">\n                            <i class=\"fas fa-link\"><\/i>\n                        <\/div>\n                        <h6 class=\"info-title text-uppercase text-primary\">Copiar URL de v\u00eddeo compartible<\/h6>\n                        <p class=\"description opacity-8\"><\/p>\n                    <\/div>\n                <\/div>\n                <div class=\"col\">\n                    <div class=\"info\">\n                        <div class=\"icon icon-lg icon-shape icon-shape-success shadow rounded-circle\">\n                            <i class=\"fas fa-paste\"><\/i>\n                        <\/div>\n                        <h6 class=\"info-title text-uppercase text-success\">P\u00e9guelo en el campo de arriba<\/h6>\n                        <p class=\"description opacity-8\"><\/p>\n                    <\/div>\n                <\/div>\n                <div class=\"col\">\n                    <div class=\"info\">\n                        <div class=\"icon icon-lg icon-shape icon-shape-info shadow rounded-circle\">\n                            <i class=\"fas fa-download\"><\/i>\n                        <\/div>\n                        <h6 class=\"info-title text-uppercase text-info\">Haga clic para descargar<\/h6>\n                        <p class=\"description opacity-8\"><\/p>\n                    <\/div>\n                <\/div>\n            <\/div>\n        <\/div>\n    <\/div>\n","protected":false},"excerpt":{"rendered":"<p>Descargador de v\u00eddeo de National Geographic es una potente herramienta dise\u00f1ada para descargar v\u00eddeos de&hellip;<\/p>\n","protected":false},"author":1,"featured_media":0,"parent":0,"menu_order":0,"comment_status":"closed","ping_status":"closed","template":"page-templates\/template-downloader.php","meta":{"footnotes":""},"class_list":["post-2480","page","type-page","status-publish","hentry"],"_links":{"self":[{"href":"https:\/\/www.tikdd.cc\/i\/wp-json\/wp\/v2\/pages\/2480","targetHints":{"allow":["GET"]}}],"collection":[{"href":"https:\/\/www.tikdd.cc\/i\/wp-json\/wp\/v2\/pages"}],"about":[{"href":"https:\/\/www.tikdd.cc\/i\/wp-json\/wp\/v2\/types\/page"}],"author":[{"embeddable":true,"href":"https:\/\/www.tikdd.cc\/i\/wp-json\/wp\/v2\/users\/1"}],"replies":[{"embeddable":true,"href":"https:\/\/www.tikdd.cc\/i\/wp-json\/wp\/v2\/comments?post=2480"}],"version-history":[{"count":2,"href":"https:\/\/www.tikdd.cc\/i\/wp-json\/wp\/v2\/pages\/2480\/revisions"}],"predecessor-version":[{"id":2482,"href":"https:\/\/www.tikdd.cc\/i\/wp-json\/wp\/v2\/pages\/2480\/revisions\/2482"}],"wp:attachment":[{"href":"https:\/\/www.tikdd.cc\/i\/wp-json\/wp\/v2\/media?parent=2480"}],"curies":[{"name":"wp","href":"https:\/\/api.w.org\/{rel}","templated":true}]}}