{"id":2466,"date":"2025-01-17T05:00:44","date_gmt":"2025-01-17T05:00:44","guid":{"rendered":"https:\/\/www.tikdd.cc\/i\/?page_id=2466"},"modified":"2025-01-17T05:00:46","modified_gmt":"2025-01-17T05:00:46","slug":"descargar-videos-de-media-ccc-de","status":"publish","type":"page","link":"https:\/\/www.tikdd.cc\/i\/es\/descargar-videos-de-media-ccc-de\/","title":{"rendered":"Descargar V\u00eddeos de\u00a0Media.ccc.de"},"content":{"rendered":"\n<p>Descargador de v\u00eddeo de Media.ccc.de es una herramienta especializada dise\u00f1ada para descargar v\u00eddeos de <a href=\"https:\/\/media.ccc.de\/\" rel=\"nofollow noopener\" target=\"_blank\">Media.ccc.de<\/a>, una plataforma que aloja grabaciones de presentaciones y eventos organizados por el Chaos Computer Club (CCC). Este descargador permite a los usuarios guardar v\u00eddeos en formatos de alta calidad como .mp4, lo que resulta muy pr\u00e1ctico para ver sin conexi\u00f3n charlas t\u00e9cnicas, talleres y conferencias. Al pegar la URL del v\u00eddeo en la herramienta, los usuarios pueden recuperar r\u00e1pidamente el contenido para su estudio personal o consulta.<\/p>\n\n\n\n<p>Ejemplo de URL &gt;&gt;&gt; https:\/\/media.ccc.de\/v\/emf2024-177-science-magic-magic-science<\/p>\n\n\n\n<div class=\"section features-1\">\n        <div class=\"container\">\n            <div class=\"row\">\n                <div class=\"col-md-8 mx-auto text-center\">\n                    <h2 class=\"display-4 mb-5\">\u00bfC\u00f3mo descargar v\u00eddeos de Media.ccc.de?<\/h2>\n                <\/div>\n            <\/div>\n            <div class=\"row text-center\">\n                <div class=\"col\">\n                    <div class=\"info\">\n                        <div class=\"icon icon-lg icon-shape icon-shape-primary shadow rounded-circle\">\n                            <i class=\"fas fa-link\"><\/i>\n                        <\/div>\n                        <h6 class=\"info-title text-uppercase text-primary\">Copiar URL de v\u00eddeo compartible<\/h6>\n                        <p class=\"description opacity-8\"><\/p>\n                    <\/div>\n                <\/div>\n                <div class=\"col\">\n                    <div class=\"info\">\n                        <div class=\"icon icon-lg icon-shape icon-shape-success shadow rounded-circle\">\n                            <i class=\"fas fa-paste\"><\/i>\n                        <\/div>\n                        <h6 class=\"info-title text-uppercase text-success\">P\u00e9guelo en el campo de arriba<\/h6>\n                        <p class=\"description opacity-8\"><\/p>\n                    <\/div>\n                <\/div>\n                <div class=\"col\">\n                    <div class=\"info\">\n                        <div class=\"icon icon-lg icon-shape icon-shape-info shadow rounded-circle\">\n                            <i class=\"fas fa-download\"><\/i>\n                        <\/div>\n                        <h6 class=\"info-title text-uppercase text-info\">Haga clic para descargar<\/h6>\n                        <p class=\"description opacity-8\"><\/p>\n                    <\/div>\n                <\/div>\n            <\/div>\n        <\/div>\n    <\/div>\n","protected":false},"excerpt":{"rendered":"<p>Descargador de v\u00eddeo de Media.ccc.de es una herramienta especializada dise\u00f1ada para descargar v\u00eddeos de Media.ccc.de,&hellip;<\/p>\n","protected":false},"author":1,"featured_media":0,"parent":0,"menu_order":0,"comment_status":"closed","ping_status":"closed","template":"page-templates\/template-downloader.php","meta":{"footnotes":""},"class_list":["post-2466","page","type-page","status-publish","hentry"],"_links":{"self":[{"href":"https:\/\/www.tikdd.cc\/i\/wp-json\/wp\/v2\/pages\/2466","targetHints":{"allow":["GET"]}}],"collection":[{"href":"https:\/\/www.tikdd.cc\/i\/wp-json\/wp\/v2\/pages"}],"about":[{"href":"https:\/\/www.tikdd.cc\/i\/wp-json\/wp\/v2\/types\/page"}],"author":[{"embeddable":true,"href":"https:\/\/www.tikdd.cc\/i\/wp-json\/wp\/v2\/users\/1"}],"replies":[{"embeddable":true,"href":"https:\/\/www.tikdd.cc\/i\/wp-json\/wp\/v2\/comments?post=2466"}],"version-history":[{"count":1,"href":"https:\/\/www.tikdd.cc\/i\/wp-json\/wp\/v2\/pages\/2466\/revisions"}],"predecessor-version":[{"id":2467,"href":"https:\/\/www.tikdd.cc\/i\/wp-json\/wp\/v2\/pages\/2466\/revisions\/2467"}],"wp:attachment":[{"href":"https:\/\/www.tikdd.cc\/i\/wp-json\/wp\/v2\/media?parent=2466"}],"curies":[{"name":"wp","href":"https:\/\/api.w.org\/{rel}","templated":true}]}}