{"id":2456,"date":"2025-01-16T14:15:25","date_gmt":"2025-01-16T14:15:25","guid":{"rendered":"https:\/\/www.tikdd.cc\/i\/?page_id=2456"},"modified":"2025-01-16T14:15:26","modified_gmt":"2025-01-16T14:15:26","slug":"descargar-videos-de-livestream","status":"publish","type":"page","link":"https:\/\/www.tikdd.cc\/i\/es\/descargar-videos-de-livestream\/","title":{"rendered":"Descargar V\u00eddeos de\u00a0Livestream"},"content":{"rendered":"\n<p>Descargador de v\u00eddeo de Livestream es una herramienta gratuita dise\u00f1ada para descargar v\u00eddeos y retransmisiones en directo de <a href=\"https:\/\/livestream.com\/watch\" rel=\"nofollow noopener\" target=\"_blank\">Livestream<\/a>, una plataforma utilizada para retransmitir eventos, seminarios web y actuaciones en directo. Con este descargador, los usuarios pueden guardar v\u00eddeos en formatos de alta calidad como .mp4, lo que permite acceder sin conexi\u00f3n a contenidos importantes o memorables. Al pegar la URL del v\u00eddeo o de la transmisi\u00f3n en el descargador, los usuarios pueden recuperar eficazmente el contenido deseado. Esta herramienta es ideal para organizadores de eventos, educadores y espectadores que quieran conservar un registro de las sesiones en directo.<\/p>\n\n\n\n<p>Ejemplo de URL &gt;&gt;&gt; https:\/\/livestream.com\/accounts\/4838057\/commencement2016\/videos\/123055275<\/p>\n\n\n\n<div class=\"section features-1\">\n        <div class=\"container\">\n            <div class=\"row\">\n                <div class=\"col-md-8 mx-auto text-center\">\n                    <h2 class=\"display-4 mb-5\"><a href=\"#\" target=\"_blank\">\u00bfC\u00f3mo descargar v\u00eddeos de Livestream?<\/a><\/h2>\n                <\/div>\n            <\/div>\n            <div class=\"row text-center\">\n                <div class=\"col\">\n                    <div class=\"info\">\n                        <div class=\"icon icon-lg icon-shape icon-shape-primary shadow rounded-circle\">\n                            <i class=\"fas fa-link\"><\/i>\n                        <\/div>\n                        <h6 class=\"info-title text-uppercase text-primary\">Copiar URL de v\u00eddeo compartible<\/h6>\n                        <p class=\"description opacity-8\"><\/p>\n                    <\/div>\n                <\/div>\n                <div class=\"col\">\n                    <div class=\"info\">\n                        <div class=\"icon icon-lg icon-shape icon-shape-success shadow rounded-circle\">\n                            <i class=\"fas fa-paste\"><\/i>\n                        <\/div>\n                        <h6 class=\"info-title text-uppercase text-success\">P\u00e9guelo en el campo de arriba<\/h6>\n                        <p class=\"description opacity-8\"><\/p>\n                    <\/div>\n                <\/div>\n                <div class=\"col\">\n                    <div class=\"info\">\n                        <div class=\"icon icon-lg icon-shape icon-shape-info shadow rounded-circle\">\n                            <i class=\"fas fa-download\"><\/i>\n                        <\/div>\n                        <h6 class=\"info-title text-uppercase text-info\">Haga clic en el bot\u00f3n de descarga<\/h6>\n                        <p class=\"description opacity-8\"><\/p>\n                    <\/div>\n                <\/div>\n            <\/div>\n        <\/div>\n    <\/div>\n","protected":false},"excerpt":{"rendered":"<p>Descargador de v\u00eddeo de Livestream es una herramienta gratuita dise\u00f1ada para descargar v\u00eddeos y retransmisiones&hellip;<\/p>\n","protected":false},"author":1,"featured_media":0,"parent":0,"menu_order":0,"comment_status":"closed","ping_status":"closed","template":"page-templates\/template-downloader.php","meta":{"footnotes":""},"class_list":["post-2456","page","type-page","status-publish","hentry"],"_links":{"self":[{"href":"https:\/\/www.tikdd.cc\/i\/wp-json\/wp\/v2\/pages\/2456","targetHints":{"allow":["GET"]}}],"collection":[{"href":"https:\/\/www.tikdd.cc\/i\/wp-json\/wp\/v2\/pages"}],"about":[{"href":"https:\/\/www.tikdd.cc\/i\/wp-json\/wp\/v2\/types\/page"}],"author":[{"embeddable":true,"href":"https:\/\/www.tikdd.cc\/i\/wp-json\/wp\/v2\/users\/1"}],"replies":[{"embeddable":true,"href":"https:\/\/www.tikdd.cc\/i\/wp-json\/wp\/v2\/comments?post=2456"}],"version-history":[{"count":1,"href":"https:\/\/www.tikdd.cc\/i\/wp-json\/wp\/v2\/pages\/2456\/revisions"}],"predecessor-version":[{"id":2457,"href":"https:\/\/www.tikdd.cc\/i\/wp-json\/wp\/v2\/pages\/2456\/revisions\/2457"}],"wp:attachment":[{"href":"https:\/\/www.tikdd.cc\/i\/wp-json\/wp\/v2\/media?parent=2456"}],"curies":[{"name":"wp","href":"https:\/\/api.w.org\/{rel}","templated":true}]}}