{"id":2432,"date":"2025-01-15T15:17:35","date_gmt":"2025-01-15T15:17:35","guid":{"rendered":"https:\/\/www.tikdd.cc\/i\/?page_id=2432"},"modified":"2025-01-15T15:17:37","modified_gmt":"2025-01-15T15:17:37","slug":"descargar-videos-de-hellporno","status":"publish","type":"page","link":"https:\/\/www.tikdd.cc\/i\/es\/descargar-videos-de-hellporno\/","title":{"rendered":"Descargar V\u00eddeos de\u00a0Hellporno"},"content":{"rendered":"\n<p>Descargador de v\u00eddeo de Hellporno es una herramienta gratuita y eficaz para descargar v\u00eddeos de <a href=\"https:\/\/hellporno.net\/\" rel=\"nofollow noopener\" target=\"_blank\">Hellporno<\/a>, una plataforma de contenidos para adultos. Este descargador permite a los usuarios guardar v\u00eddeos en formatos de alta definici\u00f3n como .mp4(720P-1080P), proporcionando una experiencia de visualizaci\u00f3n sin conexi\u00f3n perfecta. Con s\u00f3lo pegar la URL del v\u00eddeo en el descargador, los usuarios pueden acceder r\u00e1pidamente al contenido deseado con facilidad. La herramienta permite descargas r\u00e1pidas y garantiza la conservaci\u00f3n de la calidad original del v\u00eddeo.<\/p>\n\n\n\n<p>Ejemplo de URL &gt;&gt;&gt; https:\/\/hellporno.net\/v\/474784\/<\/p>\n\n\n\n<div class=\"section features-1\">\n        <div class=\"container\">\n            <div class=\"row\">\n                <div class=\"col-md-8 mx-auto text-center\">\n                    <h2 class=\"display-4 mb-5\"><a href=\"#\" target=\"_blank\">\u00bfC\u00f3mo descargar v\u00eddeos de Hellporno?<\/a><\/h2>\n                <\/div>\n            <\/div>\n            <div class=\"row text-center\">\n                <div class=\"col\">\n                    <div class=\"info\">\n                        <div class=\"icon icon-lg icon-shape icon-shape-primary shadow rounded-circle\">\n                            <i class=\"fas fa-link\"><\/i>\n                        <\/div>\n                        <h6 class=\"info-title text-uppercase text-primary\">Copiar URL de v\u00eddeo compartible<\/h6>\n                        <p class=\"description opacity-8\"><\/p>\n                    <\/div>\n                <\/div>\n                <div class=\"col\">\n                    <div class=\"info\">\n                        <div class=\"icon icon-lg icon-shape icon-shape-success shadow rounded-circle\">\n                            <i class=\"fas fa-paste\"><\/i>\n                        <\/div>\n                        <h6 class=\"info-title text-uppercase text-success\">P\u00e9guelo en el campo de arriba<\/h6>\n                        <p class=\"description opacity-8\"><\/p>\n                    <\/div>\n                <\/div>\n                <div class=\"col\">\n                    <div class=\"info\">\n                        <div class=\"icon icon-lg icon-shape icon-shape-info shadow rounded-circle\">\n                            <i class=\"fas fa-download\"><\/i>\n                        <\/div>\n                        <h6 class=\"info-title text-uppercase text-info\">Haga clic en el bot\u00f3n de descarga<\/h6>\n                        <p class=\"description opacity-8\"><\/p>\n                    <\/div>\n                <\/div>\n            <\/div>\n        <\/div>\n    <\/div>\n","protected":false},"excerpt":{"rendered":"<p>Descargador de v\u00eddeo de Hellporno es una herramienta gratuita y eficaz para descargar v\u00eddeos de&hellip;<\/p>\n","protected":false},"author":1,"featured_media":0,"parent":0,"menu_order":0,"comment_status":"closed","ping_status":"closed","template":"page-templates\/template-downloader.php","meta":{"footnotes":""},"class_list":["post-2432","page","type-page","status-publish","hentry"],"_links":{"self":[{"href":"https:\/\/www.tikdd.cc\/i\/wp-json\/wp\/v2\/pages\/2432","targetHints":{"allow":["GET"]}}],"collection":[{"href":"https:\/\/www.tikdd.cc\/i\/wp-json\/wp\/v2\/pages"}],"about":[{"href":"https:\/\/www.tikdd.cc\/i\/wp-json\/wp\/v2\/types\/page"}],"author":[{"embeddable":true,"href":"https:\/\/www.tikdd.cc\/i\/wp-json\/wp\/v2\/users\/1"}],"replies":[{"embeddable":true,"href":"https:\/\/www.tikdd.cc\/i\/wp-json\/wp\/v2\/comments?post=2432"}],"version-history":[{"count":1,"href":"https:\/\/www.tikdd.cc\/i\/wp-json\/wp\/v2\/pages\/2432\/revisions"}],"predecessor-version":[{"id":2433,"href":"https:\/\/www.tikdd.cc\/i\/wp-json\/wp\/v2\/pages\/2432\/revisions\/2433"}],"wp:attachment":[{"href":"https:\/\/www.tikdd.cc\/i\/wp-json\/wp\/v2\/media?parent=2432"}],"curies":[{"name":"wp","href":"https:\/\/api.w.org\/{rel}","templated":true}]}}