{"id":2428,"date":"2025-01-15T09:20:25","date_gmt":"2025-01-15T09:20:25","guid":{"rendered":"https:\/\/www.tikdd.cc\/i\/?page_id=2428"},"modified":"2025-01-15T09:20:26","modified_gmt":"2025-01-15T09:20:26","slug":"descargar-videos-de-glide","status":"publish","type":"page","link":"https:\/\/www.tikdd.cc\/i\/es\/descargar-videos-de-glide\/","title":{"rendered":"Descargar V\u00eddeos de\u00a0Glide"},"content":{"rendered":"\n<p>Descargador de v\u00eddeo de Glide es una herramienta f\u00e1cil de usar dise\u00f1ada para descargar v\u00eddeos de <a href=\"https:\/\/www.glide.me\/\" rel=\"nofollow noopener\" target=\"_blank\">Glide<\/a>, una plataforma especializada en mensajer\u00eda y comunicaci\u00f3n por v\u00eddeo. Este descargador permite a los usuarios guardar mensajes de v\u00eddeo en formatos de alta calidad como .mp4, lo que resulta muy pr\u00e1ctico para verlos sin conexi\u00f3n o archivar conversaciones personales. Al pegar el enlace del v\u00eddeo en el descargador, los usuarios pueden recuperar el contenido deseado de forma r\u00e1pida y eficaz. Esta herramienta es ideal para conservar mensajes de v\u00eddeo importantes o momentos entra\u00f1ables.<\/p>\n\n\n\n<div class=\"section features-1\">\n        <div class=\"container\">\n            <div class=\"row\">\n                <div class=\"col-md-8 mx-auto text-center\">\n                    <h2 class=\"display-4 mb-5\"><a href=\"#\" target=\"_blank\">\u00bfC\u00f3mo descargar v\u00eddeos de Glide?<\/a><\/h2>\n                <\/div>\n            <\/div>\n            <div class=\"row text-center\">\n                <div class=\"col\">\n                    <div class=\"info\">\n                        <div class=\"icon icon-lg icon-shape icon-shape-primary shadow rounded-circle\">\n                            <i class=\"fas fa-link\"><\/i>\n                        <\/div>\n                        <h6 class=\"info-title text-uppercase text-primary\">Copiar URL de v\u00eddeo compartible<\/h6>\n                        <p class=\"description opacity-8\"><\/p>\n                    <\/div>\n                <\/div>\n                <div class=\"col\">\n                    <div class=\"info\">\n                        <div class=\"icon icon-lg icon-shape icon-shape-success shadow rounded-circle\">\n                            <i class=\"fas fa-paste\"><\/i>\n                        <\/div>\n                        <h6 class=\"info-title text-uppercase text-success\">P\u00e9guelo en el campo de arriba<\/h6>\n                        <p class=\"description opacity-8\"><\/p>\n                    <\/div>\n                <\/div>\n                <div class=\"col\">\n                    <div class=\"info\">\n                        <div class=\"icon icon-lg icon-shape icon-shape-info shadow rounded-circle\">\n                            <i class=\"fas fa-download\"><\/i>\n                        <\/div>\n                        <h6 class=\"info-title text-uppercase text-info\">Haga clic en el bot\u00f3n de descarga<\/h6>\n                        <p class=\"description opacity-8\"><\/p>\n                    <\/div>\n                <\/div>\n            <\/div>\n        <\/div>\n    <\/div>\n","protected":false},"excerpt":{"rendered":"<p>Descargador de v\u00eddeo de Glide es una herramienta f\u00e1cil de usar dise\u00f1ada para descargar v\u00eddeos&hellip;<\/p>\n","protected":false},"author":1,"featured_media":0,"parent":0,"menu_order":0,"comment_status":"closed","ping_status":"closed","template":"page-templates\/template-downloader.php","meta":{"footnotes":""},"class_list":["post-2428","page","type-page","status-publish","hentry"],"_links":{"self":[{"href":"https:\/\/www.tikdd.cc\/i\/wp-json\/wp\/v2\/pages\/2428","targetHints":{"allow":["GET"]}}],"collection":[{"href":"https:\/\/www.tikdd.cc\/i\/wp-json\/wp\/v2\/pages"}],"about":[{"href":"https:\/\/www.tikdd.cc\/i\/wp-json\/wp\/v2\/types\/page"}],"author":[{"embeddable":true,"href":"https:\/\/www.tikdd.cc\/i\/wp-json\/wp\/v2\/users\/1"}],"replies":[{"embeddable":true,"href":"https:\/\/www.tikdd.cc\/i\/wp-json\/wp\/v2\/comments?post=2428"}],"version-history":[{"count":1,"href":"https:\/\/www.tikdd.cc\/i\/wp-json\/wp\/v2\/pages\/2428\/revisions"}],"predecessor-version":[{"id":2429,"href":"https:\/\/www.tikdd.cc\/i\/wp-json\/wp\/v2\/pages\/2428\/revisions\/2429"}],"wp:attachment":[{"href":"https:\/\/www.tikdd.cc\/i\/wp-json\/wp\/v2\/media?parent=2428"}],"curies":[{"name":"wp","href":"https:\/\/api.w.org\/{rel}","templated":true}]}}