{"id":2423,"date":"2025-01-15T08:48:42","date_gmt":"2025-01-15T08:48:42","guid":{"rendered":"https:\/\/www.tikdd.cc\/i\/?page_id=2423"},"modified":"2025-01-15T09:09:55","modified_gmt":"2025-01-15T09:09:55","slug":"descargar-videos-de-empflix","status":"publish","type":"page","link":"https:\/\/www.tikdd.cc\/i\/es\/descargar-videos-de-empflix\/","title":{"rendered":"Descargar V\u00eddeos de\u00a0EmpFlix"},"content":{"rendered":"\n<p>Descargador de v\u00eddeos de EmpFlix es una herramienta gratuita dise\u00f1ada para descargar v\u00eddeos de <a href=\"https:\/\/www.empflix.com\/\" rel=\"nofollow noopener\" target=\"_blank\">EmpFlix<\/a>, una plataforma de contenidos para adultos. Al pegar la URL del v\u00eddeo en el descargador, los usuarios pueden guardar r\u00e1pidamente v\u00eddeos en formatos de alta definici\u00f3n como .mp4 para verlos sin conexi\u00f3n. Este descargador ofrece una soluci\u00f3n sencilla y r\u00e1pida para acceder a los contenidos preferidos en cualquier momento sin conexi\u00f3n a Internet. Sin embargo, los usuarios deben respetar las condiciones del servicio de EmpFlix y las normas sobre derechos de autor. El material descargado debe utilizarse estrictamente para fines personales, ya que su uso compartido no autorizado o su explotaci\u00f3n comercial pueden dar lugar a infracciones legales o \u00e9ticas. Utilice siempre el descargador de forma responsable y legal.<\/p>\n\n\n\n<p>Ejemplo de URL &gt;&gt;&gt; https:\/\/www.empflix.com\/amateur-porn\/paying-for-rent-with-her-delicious-body\/video3568154<\/p>\n\n\n\n<div class=\"section features-1\">\n        <div class=\"container\">\n            <div class=\"row\">\n                <div class=\"col-md-8 mx-auto text-center\">\n                    <h2 class=\"display-4 mb-5\"><a href=\"#\" target=\"_blank\">\u00bfC\u00f3mo descargar v\u00eddeos de EmpFlix?<\/a><\/h2>\n                <\/div>\n            <\/div>\n            <div class=\"row text-center\">\n                <div class=\"col\">\n                    <div class=\"info\">\n                        <div class=\"icon icon-lg icon-shape icon-shape-primary shadow rounded-circle\">\n                            <i class=\"fas fa-link\"><\/i>\n                        <\/div>\n                        <h6 class=\"info-title text-uppercase text-primary\">Copiar URL de v\u00eddeo compartible<\/h6>\n                        <p class=\"description opacity-8\"><\/p>\n                    <\/div>\n                <\/div>\n                <div class=\"col\">\n                    <div class=\"info\">\n                        <div class=\"icon icon-lg icon-shape icon-shape-success shadow rounded-circle\">\n                            <i class=\"fas fa-paste\"><\/i>\n                        <\/div>\n                        <h6 class=\"info-title text-uppercase text-success\">P\u00e9guelo en el campo de arriba<\/h6>\n                        <p class=\"description opacity-8\"><\/p>\n                    <\/div>\n                <\/div>\n                <div class=\"col\">\n                    <div class=\"info\">\n                        <div class=\"icon icon-lg icon-shape icon-shape-info shadow rounded-circle\">\n                            <i class=\"fas fa-download\"><\/i>\n                        <\/div>\n                        <h6 class=\"info-title text-uppercase text-info\">Haga clic en el bot\u00f3n de descarga<\/h6>\n                        <p class=\"description opacity-8\"><\/p>\n                    <\/div>\n                <\/div>\n            <\/div>\n        <\/div>\n    <\/div>\n","protected":false},"excerpt":{"rendered":"<p>Descargador de v\u00eddeos de EmpFlix es una herramienta gratuita dise\u00f1ada para descargar v\u00eddeos de EmpFlix,&hellip;<\/p>\n","protected":false},"author":1,"featured_media":0,"parent":0,"menu_order":0,"comment_status":"closed","ping_status":"closed","template":"page-templates\/template-downloader.php","meta":{"footnotes":""},"class_list":["post-2423","page","type-page","status-publish","hentry"],"_links":{"self":[{"href":"https:\/\/www.tikdd.cc\/i\/wp-json\/wp\/v2\/pages\/2423","targetHints":{"allow":["GET"]}}],"collection":[{"href":"https:\/\/www.tikdd.cc\/i\/wp-json\/wp\/v2\/pages"}],"about":[{"href":"https:\/\/www.tikdd.cc\/i\/wp-json\/wp\/v2\/types\/page"}],"author":[{"embeddable":true,"href":"https:\/\/www.tikdd.cc\/i\/wp-json\/wp\/v2\/users\/1"}],"replies":[{"embeddable":true,"href":"https:\/\/www.tikdd.cc\/i\/wp-json\/wp\/v2\/comments?post=2423"}],"version-history":[{"count":2,"href":"https:\/\/www.tikdd.cc\/i\/wp-json\/wp\/v2\/pages\/2423\/revisions"}],"predecessor-version":[{"id":2425,"href":"https:\/\/www.tikdd.cc\/i\/wp-json\/wp\/v2\/pages\/2423\/revisions\/2425"}],"wp:attachment":[{"href":"https:\/\/www.tikdd.cc\/i\/wp-json\/wp\/v2\/media?parent=2423"}],"curies":[{"name":"wp","href":"https:\/\/api.w.org\/{rel}","templated":true}]}}