{"id":2417,"date":"2025-01-15T08:24:07","date_gmt":"2025-01-15T08:24:07","guid":{"rendered":"https:\/\/www.tikdd.cc\/i\/?page_id=2417"},"modified":"2025-01-15T08:24:08","modified_gmt":"2025-01-15T08:24:08","slug":"descargar-videos-de-discovery","status":"publish","type":"page","link":"https:\/\/www.tikdd.cc\/i\/es\/descargar-videos-de-discovery\/","title":{"rendered":"Descargar V\u00eddeos de\u00a0Discovery"},"content":{"rendered":"\n<p>Descargador de v\u00eddeo de Discovery es una herramienta gratuita y f\u00e1cil de usar dise\u00f1ada para descargar v\u00eddeos de <a href=\"https:\/\/www.discovery.com\/\" rel=\"nofollow noopener\" target=\"_blank\">Discovery<\/a>, una plataforma famosa por sus documentales, programas educativos y reality shows. El descargador ofrece una forma r\u00e1pida y eficaz de guardar v\u00eddeos en formatos de alta definici\u00f3n como .mp4, garantizando una excelente experiencia de visionado sin conexi\u00f3n. Al pegar la URL del v\u00eddeo en la herramienta, los usuarios pueden acceder f\u00e1cilmente a sus contenidos favoritos, ya sean programas de ciencia, naturaleza o aventuras, sin necesidad de conexi\u00f3n a Internet.<\/p>\n\n\n\n<p>Ejemplo de URL &gt;&gt;&gt; https:\/\/www.discovery.com\/videos\/bobcat-on-the-hunt-12866061<\/p>\n\n\n\n<div class=\"section features-1\">\n        <div class=\"container\">\n            <div class=\"row\">\n                <div class=\"col-md-8 mx-auto text-center\">\n                    <h2 class=\"display-4 mb-5\"><a href=\"#\" target=\"_blank\">\u00bfC\u00f3mo descargar v\u00eddeos de Discovery?<\/a><\/h2>\n                <\/div>\n            <\/div>\n            <div class=\"row text-center\">\n                <div class=\"col\">\n                    <div class=\"info\">\n                        <div class=\"icon icon-lg icon-shape icon-shape-primary shadow rounded-circle\">\n                            <i class=\"fas fa-link\"><\/i>\n                        <\/div>\n                        <h6 class=\"info-title text-uppercase text-primary\">Copiar URL de v\u00eddeo compartible<\/h6>\n                        <p class=\"description opacity-8\"><\/p>\n                    <\/div>\n                <\/div>\n                <div class=\"col\">\n                    <div class=\"info\">\n                        <div class=\"icon icon-lg icon-shape icon-shape-success shadow rounded-circle\">\n                            <i class=\"fas fa-paste\"><\/i>\n                        <\/div>\n                        <h6 class=\"info-title text-uppercase text-success\">P\u00e9guelo en el campo de arriba<\/h6>\n                        <p class=\"description opacity-8\"><\/p>\n                    <\/div>\n                <\/div>\n                <div class=\"col\">\n                    <div class=\"info\">\n                        <div class=\"icon icon-lg icon-shape icon-shape-info shadow rounded-circle\">\n                            <i class=\"fas fa-download\"><\/i>\n                        <\/div>\n                        <h6 class=\"info-title text-uppercase text-info\">Haga clic en el bot\u00f3n de descarga<\/h6>\n                        <p class=\"description opacity-8\"><\/p>\n                    <\/div>\n                <\/div>\n            <\/div>\n        <\/div>\n    <\/div>\n","protected":false},"excerpt":{"rendered":"<p>Descargador de v\u00eddeo de Discovery es una herramienta gratuita y f\u00e1cil de usar dise\u00f1ada para&hellip;<\/p>\n","protected":false},"author":1,"featured_media":0,"parent":0,"menu_order":0,"comment_status":"closed","ping_status":"closed","template":"page-templates\/template-downloader.php","meta":{"footnotes":""},"class_list":["post-2417","page","type-page","status-publish","hentry"],"_links":{"self":[{"href":"https:\/\/www.tikdd.cc\/i\/wp-json\/wp\/v2\/pages\/2417","targetHints":{"allow":["GET"]}}],"collection":[{"href":"https:\/\/www.tikdd.cc\/i\/wp-json\/wp\/v2\/pages"}],"about":[{"href":"https:\/\/www.tikdd.cc\/i\/wp-json\/wp\/v2\/types\/page"}],"author":[{"embeddable":true,"href":"https:\/\/www.tikdd.cc\/i\/wp-json\/wp\/v2\/users\/1"}],"replies":[{"embeddable":true,"href":"https:\/\/www.tikdd.cc\/i\/wp-json\/wp\/v2\/comments?post=2417"}],"version-history":[{"count":1,"href":"https:\/\/www.tikdd.cc\/i\/wp-json\/wp\/v2\/pages\/2417\/revisions"}],"predecessor-version":[{"id":2418,"href":"https:\/\/www.tikdd.cc\/i\/wp-json\/wp\/v2\/pages\/2417\/revisions\/2418"}],"wp:attachment":[{"href":"https:\/\/www.tikdd.cc\/i\/wp-json\/wp\/v2\/media?parent=2417"}],"curies":[{"name":"wp","href":"https:\/\/api.w.org\/{rel}","templated":true}]}}