{"id":2413,"date":"2025-01-15T07:37:50","date_gmt":"2025-01-15T07:37:50","guid":{"rendered":"https:\/\/www.tikdd.cc\/i\/?page_id=2413"},"modified":"2025-01-15T07:37:51","modified_gmt":"2025-01-15T07:37:51","slug":"descargar-videos-de-dailymail","status":"publish","type":"page","link":"https:\/\/www.tikdd.cc\/i\/es\/descargar-videos-de-dailymail\/","title":{"rendered":"Descargar V\u00eddeos de\u00a0DailyMail"},"content":{"rendered":"\n<p>Descargador de v\u00eddeo de DailyMail es una herramienta dise\u00f1ada para descargar v\u00eddeos de <a href=\"https:\/\/www.dailymail.co.uk\/\" rel=\"nofollow noopener\" target=\"_blank\">DailyMail<\/a>, una popular plataforma de noticias que cubre acontecimientos mundiales, entretenimiento, estilo de vida e historias exclusivas. Al pegar la URL del v\u00eddeo en el descargador, los usuarios pueden guardar v\u00eddeos de alta calidad en formatos como .mp4 para verlos sin conexi\u00f3n. Esta herramienta es ideal para usuarios que quieran acceder a noticias de \u00faltima hora, clips virales o reportajes en profundidad sin conexi\u00f3n a Internet.<\/p>\n\n\n\n<p>Ejemplo de URL &gt;&gt;&gt; https:\/\/www.dailymail.co.uk\/video\/news\/video-3328691\/The-real-life-woman-perfect-female-body-according-AI.html<\/p>\n\n\n\n<div class=\"section features-1\">\n        <div class=\"container\">\n            <div class=\"row\">\n                <div class=\"col-md-8 mx-auto text-center\">\n                    <h2 class=\"display-4 mb-5\"><a href=\"#\" target=\"_blank\">\u00bfC\u00f3mo descargar v\u00eddeos de DailyMail?<\/a><\/h2>\n                <\/div>\n            <\/div>\n            <div class=\"row text-center\">\n                <div class=\"col\">\n                    <div class=\"info\">\n                        <div class=\"icon icon-lg icon-shape icon-shape-primary shadow rounded-circle\">\n                            <i class=\"fas fa-link\"><\/i>\n                        <\/div>\n                        <h6 class=\"info-title text-uppercase text-primary\">Copiar URL de v\u00eddeo compartible<\/h6>\n                        <p class=\"description opacity-8\"><\/p>\n                    <\/div>\n                <\/div>\n                <div class=\"col\">\n                    <div class=\"info\">\n                        <div class=\"icon icon-lg icon-shape icon-shape-success shadow rounded-circle\">\n                            <i class=\"fas fa-paste\"><\/i>\n                        <\/div>\n                        <h6 class=\"info-title text-uppercase text-success\">P\u00e9guelo en el campo de arriba<\/h6>\n                        <p class=\"description opacity-8\"><\/p>\n                    <\/div>\n                <\/div>\n                <div class=\"col\">\n                    <div class=\"info\">\n                        <div class=\"icon icon-lg icon-shape icon-shape-info shadow rounded-circle\">\n                            <i class=\"fas fa-download\"><\/i>\n                        <\/div>\n                        <h6 class=\"info-title text-uppercase text-info\">Haga clic en el bot\u00f3n de descarga<\/h6>\n                        <p class=\"description opacity-8\"><\/p>\n                    <\/div>\n                <\/div>\n            <\/div>\n        <\/div>\n    <\/div>\n","protected":false},"excerpt":{"rendered":"<p>Descargador de v\u00eddeo de DailyMail es una herramienta dise\u00f1ada para descargar v\u00eddeos de DailyMail, una&hellip;<\/p>\n","protected":false},"author":1,"featured_media":0,"parent":0,"menu_order":0,"comment_status":"closed","ping_status":"closed","template":"page-templates\/template-downloader.php","meta":{"footnotes":""},"class_list":["post-2413","page","type-page","status-publish","hentry"],"_links":{"self":[{"href":"https:\/\/www.tikdd.cc\/i\/wp-json\/wp\/v2\/pages\/2413","targetHints":{"allow":["GET"]}}],"collection":[{"href":"https:\/\/www.tikdd.cc\/i\/wp-json\/wp\/v2\/pages"}],"about":[{"href":"https:\/\/www.tikdd.cc\/i\/wp-json\/wp\/v2\/types\/page"}],"author":[{"embeddable":true,"href":"https:\/\/www.tikdd.cc\/i\/wp-json\/wp\/v2\/users\/1"}],"replies":[{"embeddable":true,"href":"https:\/\/www.tikdd.cc\/i\/wp-json\/wp\/v2\/comments?post=2413"}],"version-history":[{"count":1,"href":"https:\/\/www.tikdd.cc\/i\/wp-json\/wp\/v2\/pages\/2413\/revisions"}],"predecessor-version":[{"id":2414,"href":"https:\/\/www.tikdd.cc\/i\/wp-json\/wp\/v2\/pages\/2413\/revisions\/2414"}],"wp:attachment":[{"href":"https:\/\/www.tikdd.cc\/i\/wp-json\/wp\/v2\/media?parent=2413"}],"curies":[{"name":"wp","href":"https:\/\/api.w.org\/{rel}","templated":true}]}}