{"id":2409,"date":"2025-01-15T07:31:09","date_gmt":"2025-01-15T07:31:09","guid":{"rendered":"https:\/\/www.tikdd.cc\/i\/?page_id=2409"},"modified":"2025-01-15T07:31:10","modified_gmt":"2025-01-15T07:31:10","slug":"descargar-videos-de-ctv","status":"publish","type":"page","link":"https:\/\/www.tikdd.cc\/i\/es\/descargar-videos-de-ctv\/","title":{"rendered":"Descargar V\u00eddeos de\u00a0CTV"},"content":{"rendered":"\n<p>Descargador de v\u00eddeo de CTV es una herramienta dise\u00f1ada para descargar v\u00eddeos de <a href=\"https:\/\/www.ctv.ca\/\" rel=\"nofollow noopener\" target=\"_blank\">CTV<\/a> y <a href=\"https:\/\/www.ctvnews.ca\/\" rel=\"nofollow noopener\" target=\"_blank\">CTV News<\/a>, dos de las principales plataformas canadienses de entretenimiento, noticias y emisiones en directo. Copiando la URL del v\u00eddeo y peg\u00e1ndola en el descargador, los usuarios pueden guardar el contenido en formatos de alta calidad como .mp4 para verlo sin conexi\u00f3n. Esta herramienta es perfecta para acceder a programas de televisi\u00f3n, informativos y contenidos exclusivos sin necesidad de conexi\u00f3n a Internet. Es compatible con una amplia gama de v\u00eddeos en ambas plataformas, lo que garantiza una experiencia fluida para los usuarios.<\/p>\n\n\n\n<p>Ejemplo de URL &gt;&gt;&gt; https:\/\/www.ctvnews.ca\/video\/c3007388-fall-flea-and-tick-prevention<\/p>\n\n\n\n<div class=\"section features-1\">\n        <div class=\"container\">\n            <div class=\"row\">\n                <div class=\"col-md-8 mx-auto text-center\">\n                    <h2 class=\"display-4 mb-5\"><a href=\"#\" target=\"_blank\">\u00bfC\u00f3mo descargar v\u00eddeos de CTV?<\/a><\/h2>\n                <\/div>\n            <\/div>\n            <div class=\"row text-center\">\n                <div class=\"col\">\n                    <div class=\"info\">\n                        <div class=\"icon icon-lg icon-shape icon-shape-primary shadow rounded-circle\">\n                            <i class=\"fas fa-link\"><\/i>\n                        <\/div>\n                        <h6 class=\"info-title text-uppercase text-primary\">Copiar URL de v\u00eddeo compartible<\/h6>\n                        <p class=\"description opacity-8\"><\/p>\n                    <\/div>\n                <\/div>\n                <div class=\"col\">\n                    <div class=\"info\">\n                        <div class=\"icon icon-lg icon-shape icon-shape-success shadow rounded-circle\">\n                            <i class=\"fas fa-paste\"><\/i>\n                        <\/div>\n                        <h6 class=\"info-title text-uppercase text-success\">P\u00e9guelo en el campo de arriba<\/h6>\n                        <p class=\"description opacity-8\"><\/p>\n                    <\/div>\n                <\/div>\n                <div class=\"col\">\n                    <div class=\"info\">\n                        <div class=\"icon icon-lg icon-shape icon-shape-info shadow rounded-circle\">\n                            <i class=\"fas fa-download\"><\/i>\n                        <\/div>\n                        <h6 class=\"info-title text-uppercase text-info\">Haga clic en el bot\u00f3n de descarga<\/h6>\n                        <p class=\"description opacity-8\"><\/p>\n                    <\/div>\n                <\/div>\n            <\/div>\n        <\/div>\n    <\/div>\n","protected":false},"excerpt":{"rendered":"<p>Descargador de v\u00eddeo de CTV es una herramienta dise\u00f1ada para descargar v\u00eddeos de CTV y&hellip;<\/p>\n","protected":false},"author":1,"featured_media":0,"parent":0,"menu_order":0,"comment_status":"closed","ping_status":"closed","template":"page-templates\/template-downloader.php","meta":{"footnotes":""},"class_list":["post-2409","page","type-page","status-publish","hentry"],"_links":{"self":[{"href":"https:\/\/www.tikdd.cc\/i\/wp-json\/wp\/v2\/pages\/2409","targetHints":{"allow":["GET"]}}],"collection":[{"href":"https:\/\/www.tikdd.cc\/i\/wp-json\/wp\/v2\/pages"}],"about":[{"href":"https:\/\/www.tikdd.cc\/i\/wp-json\/wp\/v2\/types\/page"}],"author":[{"embeddable":true,"href":"https:\/\/www.tikdd.cc\/i\/wp-json\/wp\/v2\/users\/1"}],"replies":[{"embeddable":true,"href":"https:\/\/www.tikdd.cc\/i\/wp-json\/wp\/v2\/comments?post=2409"}],"version-history":[{"count":1,"href":"https:\/\/www.tikdd.cc\/i\/wp-json\/wp\/v2\/pages\/2409\/revisions"}],"predecessor-version":[{"id":2410,"href":"https:\/\/www.tikdd.cc\/i\/wp-json\/wp\/v2\/pages\/2409\/revisions\/2410"}],"wp:attachment":[{"href":"https:\/\/www.tikdd.cc\/i\/wp-json\/wp\/v2\/media?parent=2409"}],"curies":[{"name":"wp","href":"https:\/\/api.w.org\/{rel}","templated":true}]}}