{"id":2402,"date":"2025-01-15T07:06:50","date_gmt":"2025-01-15T07:06:50","guid":{"rendered":"https:\/\/www.tikdd.cc\/i\/?page_id=2402"},"modified":"2025-01-15T07:07:01","modified_gmt":"2025-01-15T07:07:01","slug":"descargar-videos-de-cnn","status":"publish","type":"page","link":"https:\/\/www.tikdd.cc\/i\/es\/descargar-videos-de-cnn\/","title":{"rendered":"Descargar V\u00eddeos de\u00a0CNN"},"content":{"rendered":"\n<p>Descargador de v\u00eddeo de CNN es una herramienta dise\u00f1ada para descargar v\u00eddeos de <a href=\"https:\/\/www.cnn.com\/\" rel=\"nofollow noopener\" target=\"_blank\">CNN<\/a>, l\u00edder mundial en noticias y periodismo. Admite una amplia gama de contenidos, como noticias de \u00faltima hora, entrevistas, documentales y reportajes especiales. Copiando y pegando la URL del v\u00eddeo en el descargador, los usuarios pueden guardar v\u00eddeos de alta calidad en formatos como .mp4 para verlos sin conexi\u00f3n. Esta herramienta es ideal para quienes deseen acceder a noticias de \u00faltima hora o reportajes en profundidad sin necesidad de conexi\u00f3n a Internet.<\/p>\n\n\n\n<p>Ejemplo de URL &gt;&gt;&gt; https:\/\/www.cnn.com\/2024\/12\/04\/politics\/video\/scotus-transgender-care-ban-sotomayor-kavanaugh-honig-ip-digvid<\/p>\n\n\n\n<div class=\"section features-1\">\n        <div class=\"container\">\n            <div class=\"row\">\n                <div class=\"col-md-8 mx-auto text-center\">\n                    <h2 class=\"display-4 mb-5\"><a href=\"#\" target=\"_blank\">\u00bfC\u00f3mo descargar v\u00eddeos de CNN?<\/a><\/h2>\n                <\/div>\n            <\/div>\n            <div class=\"row text-center\">\n                <div class=\"col\">\n                    <div class=\"info\">\n                        <div class=\"icon icon-lg icon-shape icon-shape-primary shadow rounded-circle\">\n                            <i class=\"fas fa-link\"><\/i>\n                        <\/div>\n                        <h6 class=\"info-title text-uppercase text-primary\">Copiar URL de v\u00eddeo compartible<\/h6>\n                        <p class=\"description opacity-8\"><\/p>\n                    <\/div>\n                <\/div>\n                <div class=\"col\">\n                    <div class=\"info\">\n                        <div class=\"icon icon-lg icon-shape icon-shape-success shadow rounded-circle\">\n                            <i class=\"fas fa-paste\"><\/i>\n                        <\/div>\n                        <h6 class=\"info-title text-uppercase text-success\">P\u00e9guelo en el campo de arriba<\/h6>\n                        <p class=\"description opacity-8\"><\/p>\n                    <\/div>\n                <\/div>\n                <div class=\"col\">\n                    <div class=\"info\">\n                        <div class=\"icon icon-lg icon-shape icon-shape-info shadow rounded-circle\">\n                            <i class=\"fas fa-download\"><\/i>\n                        <\/div>\n                        <h6 class=\"info-title text-uppercase text-info\">Haga clic en el bot\u00f3n de descarga<\/h6>\n                        <p class=\"description opacity-8\"><\/p>\n                    <\/div>\n                <\/div>\n            <\/div>\n        <\/div>\n    <\/div>\n","protected":false},"excerpt":{"rendered":"<p>Descargador de v\u00eddeo de CNN es una herramienta dise\u00f1ada para descargar v\u00eddeos de CNN, l\u00edder&hellip;<\/p>\n","protected":false},"author":1,"featured_media":0,"parent":0,"menu_order":0,"comment_status":"closed","ping_status":"closed","template":"page-templates\/template-downloader.php","meta":{"footnotes":""},"class_list":["post-2402","page","type-page","status-publish","hentry"],"_links":{"self":[{"href":"https:\/\/www.tikdd.cc\/i\/wp-json\/wp\/v2\/pages\/2402","targetHints":{"allow":["GET"]}}],"collection":[{"href":"https:\/\/www.tikdd.cc\/i\/wp-json\/wp\/v2\/pages"}],"about":[{"href":"https:\/\/www.tikdd.cc\/i\/wp-json\/wp\/v2\/types\/page"}],"author":[{"embeddable":true,"href":"https:\/\/www.tikdd.cc\/i\/wp-json\/wp\/v2\/users\/1"}],"replies":[{"embeddable":true,"href":"https:\/\/www.tikdd.cc\/i\/wp-json\/wp\/v2\/comments?post=2402"}],"version-history":[{"count":2,"href":"https:\/\/www.tikdd.cc\/i\/wp-json\/wp\/v2\/pages\/2402\/revisions"}],"predecessor-version":[{"id":2404,"href":"https:\/\/www.tikdd.cc\/i\/wp-json\/wp\/v2\/pages\/2402\/revisions\/2404"}],"wp:attachment":[{"href":"https:\/\/www.tikdd.cc\/i\/wp-json\/wp\/v2\/media?parent=2402"}],"curies":[{"name":"wp","href":"https:\/\/api.w.org\/{rel}","templated":true}]}}