{"id":2396,"date":"2025-01-15T06:40:03","date_gmt":"2025-01-15T06:40:03","guid":{"rendered":"https:\/\/www.tikdd.cc\/i\/?page_id=2396"},"modified":"2025-01-15T06:40:04","modified_gmt":"2025-01-15T06:40:04","slug":"descargar-videos-de-cctv","status":"publish","type":"page","link":"https:\/\/www.tikdd.cc\/i\/es\/descargar-videos-de-cctv\/","title":{"rendered":"Descargar V\u00eddeos de\u00a0CCTV"},"content":{"rendered":"\n<p>Descargador de v\u00eddeo de CCTV es una herramienta dise\u00f1ada para descargar v\u00eddeos de <a href=\"https:\/\/english.cctv.com\/\" rel=\"nofollow noopener\" target=\"_blank\">CCTV<\/a> (Televisi\u00f3n Central China), una importante emisora china que ofrece noticias, documentales, entretenimiento y programas culturales. Introduciendo la URL del v\u00eddeo, los usuarios pueden guardar f\u00e1cilmente el contenido en formatos de alta definici\u00f3n como .mp4 para verlo sin conexi\u00f3n. Esta herramienta es perfecta para quienes quieran acceder a la variada programaci\u00f3n de CCTV, incluidos informativos, series dram\u00e1ticas o contenidos educativos, sin conexi\u00f3n a Internet.<\/p>\n\n\n\n<p>Ejemplo de URL &gt;&gt;&gt; https:\/\/english.cctv.com\/2024\/12\/04\/VIDEn7yVV67tbz8l2Da46cHN241204.shtml<\/p>\n\n\n\n<div class=\"section features-1\">\n        <div class=\"container\">\n            <div class=\"row\">\n                <div class=\"col-md-8 mx-auto text-center\">\n                    <h2 class=\"display-4 mb-5\"><a href=\"#\" target=\"_blank\">\u00bfC\u00f3mo descargar v\u00eddeos de CCTV?<\/a><\/h2>\n                <\/div>\n            <\/div>\n            <div class=\"row text-center\">\n                <div class=\"col\">\n                    <div class=\"info\">\n                        <div class=\"icon icon-lg icon-shape icon-shape-primary shadow rounded-circle\">\n                            <i class=\"fas fa-link\"><\/i>\n                        <\/div>\n                        <h6 class=\"info-title text-uppercase text-primary\">Copiar URL de v\u00eddeo compartible<\/h6>\n                        <p class=\"description opacity-8\"><\/p>\n                    <\/div>\n                <\/div>\n                <div class=\"col\">\n                    <div class=\"info\">\n                        <div class=\"icon icon-lg icon-shape icon-shape-success shadow rounded-circle\">\n                            <i class=\"fas fa-paste\"><\/i>\n                        <\/div>\n                        <h6 class=\"info-title text-uppercase text-success\">P\u00e9guelo en el campo de arriba<\/h6>\n                        <p class=\"description opacity-8\"><\/p>\n                    <\/div>\n                <\/div>\n                <div class=\"col\">\n                    <div class=\"info\">\n                        <div class=\"icon icon-lg icon-shape icon-shape-info shadow rounded-circle\">\n                            <i class=\"fas fa-download\"><\/i>\n                        <\/div>\n                        <h6 class=\"info-title text-uppercase text-info\">Haga clic en el bot\u00f3n de descarga<\/h6>\n                        <p class=\"description opacity-8\"><\/p>\n                    <\/div>\n                <\/div>\n            <\/div>\n        <\/div>\n    <\/div>\n","protected":false},"excerpt":{"rendered":"<p>Descargador de v\u00eddeo de CCTV es una herramienta dise\u00f1ada para descargar v\u00eddeos de CCTV (Televisi\u00f3n&hellip;<\/p>\n","protected":false},"author":1,"featured_media":0,"parent":0,"menu_order":0,"comment_status":"closed","ping_status":"closed","template":"page-templates\/template-downloader.php","meta":{"footnotes":""},"class_list":["post-2396","page","type-page","status-publish","hentry"],"_links":{"self":[{"href":"https:\/\/www.tikdd.cc\/i\/wp-json\/wp\/v2\/pages\/2396","targetHints":{"allow":["GET"]}}],"collection":[{"href":"https:\/\/www.tikdd.cc\/i\/wp-json\/wp\/v2\/pages"}],"about":[{"href":"https:\/\/www.tikdd.cc\/i\/wp-json\/wp\/v2\/types\/page"}],"author":[{"embeddable":true,"href":"https:\/\/www.tikdd.cc\/i\/wp-json\/wp\/v2\/users\/1"}],"replies":[{"embeddable":true,"href":"https:\/\/www.tikdd.cc\/i\/wp-json\/wp\/v2\/comments?post=2396"}],"version-history":[{"count":1,"href":"https:\/\/www.tikdd.cc\/i\/wp-json\/wp\/v2\/pages\/2396\/revisions"}],"predecessor-version":[{"id":2397,"href":"https:\/\/www.tikdd.cc\/i\/wp-json\/wp\/v2\/pages\/2396\/revisions\/2397"}],"wp:attachment":[{"href":"https:\/\/www.tikdd.cc\/i\/wp-json\/wp\/v2\/media?parent=2396"}],"curies":[{"name":"wp","href":"https:\/\/api.w.org\/{rel}","templated":true}]}}