{"id":2387,"date":"2025-01-15T05:08:19","date_gmt":"2025-01-15T05:08:19","guid":{"rendered":"https:\/\/www.tikdd.cc\/i\/?page_id=2387"},"modified":"2025-01-15T05:08:20","modified_gmt":"2025-01-15T05:08:20","slug":"descargar-videos-de-bleacherreport","status":"publish","type":"page","link":"https:\/\/www.tikdd.cc\/i\/es\/descargar-videos-de-bleacherreport\/","title":{"rendered":"Descargar V\u00eddeos de\u00a0BleacherReport"},"content":{"rendered":"\n<p>Descargador de v\u00eddeo de BleacherReport es una herramienta dise\u00f1ada para descargar v\u00eddeos de <a href=\"https:\/\/bleacherreport.com\/\" rel=\"nofollow noopener\" target=\"_blank\">bleacherreport.com<\/a>, una popular plataforma de noticias, res\u00famenes y an\u00e1lisis deportivos. Copiando y pegando la URL del v\u00eddeo en el descargador, los usuarios pueden guardar el contenido en formatos de alta definici\u00f3n como .mp4 para verlo sin conexi\u00f3n. Esto es especialmente \u00fatil para los entusiastas del deporte que quieran acceder a res\u00famenes de partidos, entrevistas o contenidos exclusivos cuando les convenga, sin necesidad de conexi\u00f3n a Internet.<\/p>\n\n\n\n<p>Ejemplo de URL &gt;&gt;&gt; https:\/\/bleacherreport.com\/videos\/619738-kat-poster<\/p>\n\n\n\n<div class=\"section features-1\">\n        <div class=\"container\">\n            <div class=\"row\">\n                <div class=\"col-md-8 mx-auto text-center\">\n                    <h2 class=\"display-4 mb-5\"><a href=\"#\" target=\"_blank\">\u00bfC\u00f3mo descargar v\u00eddeos de BleacherReport?<\/a><\/h2>\n                <\/div>\n            <\/div>\n            <div class=\"row text-center\">\n                <div class=\"col\">\n                    <div class=\"info\">\n                        <div class=\"icon icon-lg icon-shape icon-shape-primary shadow rounded-circle\">\n                            <i class=\"fas fa-link\"><\/i>\n                        <\/div>\n                        <h6 class=\"info-title text-uppercase text-primary\">Copiar URL de v\u00eddeo compartible<\/h6>\n                        <p class=\"description opacity-8\"><\/p>\n                    <\/div>\n                <\/div>\n                <div class=\"col\">\n                    <div class=\"info\">\n                        <div class=\"icon icon-lg icon-shape icon-shape-success shadow rounded-circle\">\n                            <i class=\"fas fa-paste\"><\/i>\n                        <\/div>\n                        <h6 class=\"info-title text-uppercase text-success\">P\u00e9guelo en el campo de arriba<\/h6>\n                        <p class=\"description opacity-8\"><\/p>\n                    <\/div>\n                <\/div>\n                <div class=\"col\">\n                    <div class=\"info\">\n                        <div class=\"icon icon-lg icon-shape icon-shape-info shadow rounded-circle\">\n                            <i class=\"fas fa-download\"><\/i>\n                        <\/div>\n                        <h6 class=\"info-title text-uppercase text-info\">Haga clic en el bot\u00f3n de descarga<\/h6>\n                        <p class=\"description opacity-8\"><\/p>\n                    <\/div>\n                <\/div>\n            <\/div>\n        <\/div>\n    <\/div>\n","protected":false},"excerpt":{"rendered":"<p>Descargador de v\u00eddeo de BleacherReport es una herramienta dise\u00f1ada para descargar v\u00eddeos de bleacherreport.com, una&hellip;<\/p>\n","protected":false},"author":1,"featured_media":0,"parent":0,"menu_order":0,"comment_status":"closed","ping_status":"closed","template":"page-templates\/template-downloader.php","meta":{"footnotes":""},"class_list":["post-2387","page","type-page","status-publish","hentry"],"_links":{"self":[{"href":"https:\/\/www.tikdd.cc\/i\/wp-json\/wp\/v2\/pages\/2387","targetHints":{"allow":["GET"]}}],"collection":[{"href":"https:\/\/www.tikdd.cc\/i\/wp-json\/wp\/v2\/pages"}],"about":[{"href":"https:\/\/www.tikdd.cc\/i\/wp-json\/wp\/v2\/types\/page"}],"author":[{"embeddable":true,"href":"https:\/\/www.tikdd.cc\/i\/wp-json\/wp\/v2\/users\/1"}],"replies":[{"embeddable":true,"href":"https:\/\/www.tikdd.cc\/i\/wp-json\/wp\/v2\/comments?post=2387"}],"version-history":[{"count":1,"href":"https:\/\/www.tikdd.cc\/i\/wp-json\/wp\/v2\/pages\/2387\/revisions"}],"predecessor-version":[{"id":2389,"href":"https:\/\/www.tikdd.cc\/i\/wp-json\/wp\/v2\/pages\/2387\/revisions\/2389"}],"wp:attachment":[{"href":"https:\/\/www.tikdd.cc\/i\/wp-json\/wp\/v2\/media?parent=2387"}],"curies":[{"name":"wp","href":"https:\/\/api.w.org\/{rel}","templated":true}]}}