{"id":2377,"date":"2025-01-15T03:24:12","date_gmt":"2025-01-15T03:24:12","guid":{"rendered":"https:\/\/www.tikdd.cc\/i\/?page_id=2377"},"modified":"2025-01-15T03:24:13","modified_gmt":"2025-01-15T03:24:13","slug":"descargar-videos-de-bbc","status":"publish","type":"page","link":"https:\/\/www.tikdd.cc\/i\/es\/descargar-videos-de-bbc\/","title":{"rendered":"Descargar V\u00eddeos de\u00a0BBC"},"content":{"rendered":"\n<p>Descargador de v\u00eddeo de BBC es una herramienta en l\u00ednea gratuita dise\u00f1ada para descargar v\u00eddeos de varias plataformas de la <a href=\"https:\/\/www.bbc.com\/\" rel=\"nofollow noopener\" target=\"_blank\">BBC<\/a>, como BBC.com, BBC iPlayer y art\u00edculos de la BBC con v\u00eddeos incrustados. Al pegar la URL del v\u00eddeo en el descargador, los usuarios pueden recuperar enlaces de descarga en formatos de alta definici\u00f3n como .mp4 para verlos sin conexi\u00f3n. Esta herramienta es ideal para quienes deseen acceder a segmentos de noticias, documentales y programas de televisi\u00f3n de la BBC cuando les resulte m\u00e1s c\u00f3modo. Es compatible con una amplia gama de fuentes de v\u00eddeo de las plataformas multimedia de la BBC.<\/p>\n\n\n\n<p>Ejemplo de URL &gt;&gt;&gt; https:\/\/www.bbc.com\/reel\/video\/p0crc7bb\/china-s-huge-and-mysterious-xiaozhai-tiankeng-sinkhole<\/p>\n\n\n\n<div class=\"section features-1\">\n        <div class=\"container\">\n            <div class=\"row\">\n                <div class=\"col-md-8 mx-auto text-center\">\n                    <h2 class=\"display-4 mb-5\"><a href=\"#\" target=\"_blank\">\u00bfC\u00f3mo descargar v\u00eddeos de BBC?<\/a><\/h2>\n                <\/div>\n            <\/div>\n            <div class=\"row text-center\">\n                <div class=\"col\">\n                    <div class=\"info\">\n                        <div class=\"icon icon-lg icon-shape icon-shape-primary shadow rounded-circle\">\n                            <i class=\"fas fa-link\"><\/i>\n                        <\/div>\n                        <h6 class=\"info-title text-uppercase text-primary\">Copiar URL de v\u00eddeo compartible<\/h6>\n                        <p class=\"description opacity-8\"><\/p>\n                    <\/div>\n                <\/div>\n                <div class=\"col\">\n                    <div class=\"info\">\n                        <div class=\"icon icon-lg icon-shape icon-shape-success shadow rounded-circle\">\n                            <i class=\"fas fa-paste\"><\/i>\n                        <\/div>\n                        <h6 class=\"info-title text-uppercase text-success\">P\u00e9guelo en el campo de arriba<\/h6>\n                        <p class=\"description opacity-8\"><\/p>\n                    <\/div>\n                <\/div>\n                <div class=\"col\">\n                    <div class=\"info\">\n                        <div class=\"icon icon-lg icon-shape icon-shape-info shadow rounded-circle\">\n                            <i class=\"fas fa-download\"><\/i>\n                        <\/div>\n                        <h6 class=\"info-title text-uppercase text-info\">Haga clic en el bot\u00f3n de descarga<\/h6>\n                        <p class=\"description opacity-8\"><\/p>\n                    <\/div>\n                <\/div>\n            <\/div>\n        <\/div>\n    <\/div>\n","protected":false},"excerpt":{"rendered":"<p>Descargador de v\u00eddeo de BBC es una herramienta en l\u00ednea gratuita dise\u00f1ada para descargar v\u00eddeos&hellip;<\/p>\n","protected":false},"author":1,"featured_media":0,"parent":0,"menu_order":0,"comment_status":"closed","ping_status":"closed","template":"page-templates\/template-downloader.php","meta":{"footnotes":""},"class_list":["post-2377","page","type-page","status-publish","hentry"],"_links":{"self":[{"href":"https:\/\/www.tikdd.cc\/i\/wp-json\/wp\/v2\/pages\/2377","targetHints":{"allow":["GET"]}}],"collection":[{"href":"https:\/\/www.tikdd.cc\/i\/wp-json\/wp\/v2\/pages"}],"about":[{"href":"https:\/\/www.tikdd.cc\/i\/wp-json\/wp\/v2\/types\/page"}],"author":[{"embeddable":true,"href":"https:\/\/www.tikdd.cc\/i\/wp-json\/wp\/v2\/users\/1"}],"replies":[{"embeddable":true,"href":"https:\/\/www.tikdd.cc\/i\/wp-json\/wp\/v2\/comments?post=2377"}],"version-history":[{"count":1,"href":"https:\/\/www.tikdd.cc\/i\/wp-json\/wp\/v2\/pages\/2377\/revisions"}],"predecessor-version":[{"id":2378,"href":"https:\/\/www.tikdd.cc\/i\/wp-json\/wp\/v2\/pages\/2377\/revisions\/2378"}],"wp:attachment":[{"href":"https:\/\/www.tikdd.cc\/i\/wp-json\/wp\/v2\/media?parent=2377"}],"curies":[{"name":"wp","href":"https:\/\/api.w.org\/{rel}","templated":true}]}}