{"id":2371,"date":"2025-01-15T03:15:05","date_gmt":"2025-01-15T03:15:05","guid":{"rendered":"https:\/\/www.tikdd.cc\/i\/?page_id=2371"},"modified":"2025-01-15T03:15:06","modified_gmt":"2025-01-15T03:15:06","slug":"descargar-videos-de-archive-org","status":"publish","type":"page","link":"https:\/\/www.tikdd.cc\/i\/es\/descargar-videos-de-archive-org\/","title":{"rendered":"Descargar V\u00eddeos de\u00a0Archive.org"},"content":{"rendered":"\n<p>Descargador de v\u00eddeo de Archive.org es una herramienta que permite a los usuarios descargar v\u00eddeos de <a href=\"https:\/\/archive.org\/\" rel=\"nofollow noopener\" target=\"_blank\">Archive<\/a>, una vasta biblioteca digital que ofrece acceso gratuito a pel\u00edculas, documentales, contenidos educativos y material hist\u00f3rico. Introduciendo la URL del v\u00eddeo en el descargador, los usuarios pueden extraer enlaces y guardar el contenido en varios formatos y resoluciones para verlo sin conexi\u00f3n. Esta herramienta es ideal para conservar recursos valiosos o explorar material de archivo sin necesidad de acceder a Internet.<\/p>\n\n\n\n<p>Ejemplo de URL &gt;&gt;&gt; https:\/\/archive.org\/details\/bitbbh-ep-89-go-to-sleep<\/p>\n\n\n\n<div class=\"section features-1\">\n        <div class=\"container\">\n            <div class=\"row\">\n                <div class=\"col-md-8 mx-auto text-center\">\n                    <h2 class=\"display-4 mb-5\"><a href=\"#\" target=\"_blank\">\u00bfC\u00f3mo descargar v\u00eddeos de Archive.org?<\/a><\/h2>\n                <\/div>\n            <\/div>\n            <div class=\"row text-center\">\n                <div class=\"col\">\n                    <div class=\"info\">\n                        <div class=\"icon icon-lg icon-shape icon-shape-primary shadow rounded-circle\">\n                            <i class=\"fas fa-link\"><\/i>\n                        <\/div>\n                        <h6 class=\"info-title text-uppercase text-primary\">Copiar URL de v\u00eddeo compartible<\/h6>\n                        <p class=\"description opacity-8\"><\/p>\n                    <\/div>\n                <\/div>\n                <div class=\"col\">\n                    <div class=\"info\">\n                        <div class=\"icon icon-lg icon-shape icon-shape-success shadow rounded-circle\">\n                            <i class=\"fas fa-paste\"><\/i>\n                        <\/div>\n                        <h6 class=\"info-title text-uppercase text-success\">P\u00e9guelo en el campo de arriba<\/h6>\n                        <p class=\"description opacity-8\"><\/p>\n                    <\/div>\n                <\/div>\n                <div class=\"col\">\n                    <div class=\"info\">\n                        <div class=\"icon icon-lg icon-shape icon-shape-info shadow rounded-circle\">\n                            <i class=\"fas fa-download\"><\/i>\n                        <\/div>\n                        <h6 class=\"info-title text-uppercase text-info\">Haga clic en el bot\u00f3n de descarga<\/h6>\n                        <p class=\"description opacity-8\"><\/p>\n                    <\/div>\n                <\/div>\n            <\/div>\n        <\/div>\n    <\/div>\n","protected":false},"excerpt":{"rendered":"<p>Descargador de v\u00eddeo de Archive.org es una herramienta que permite a los usuarios descargar v\u00eddeos&hellip;<\/p>\n","protected":false},"author":1,"featured_media":0,"parent":0,"menu_order":0,"comment_status":"closed","ping_status":"closed","template":"page-templates\/template-downloader.php","meta":{"footnotes":""},"class_list":["post-2371","page","type-page","status-publish","hentry"],"_links":{"self":[{"href":"https:\/\/www.tikdd.cc\/i\/wp-json\/wp\/v2\/pages\/2371","targetHints":{"allow":["GET"]}}],"collection":[{"href":"https:\/\/www.tikdd.cc\/i\/wp-json\/wp\/v2\/pages"}],"about":[{"href":"https:\/\/www.tikdd.cc\/i\/wp-json\/wp\/v2\/types\/page"}],"author":[{"embeddable":true,"href":"https:\/\/www.tikdd.cc\/i\/wp-json\/wp\/v2\/users\/1"}],"replies":[{"embeddable":true,"href":"https:\/\/www.tikdd.cc\/i\/wp-json\/wp\/v2\/comments?post=2371"}],"version-history":[{"count":1,"href":"https:\/\/www.tikdd.cc\/i\/wp-json\/wp\/v2\/pages\/2371\/revisions"}],"predecessor-version":[{"id":2372,"href":"https:\/\/www.tikdd.cc\/i\/wp-json\/wp\/v2\/pages\/2371\/revisions\/2372"}],"wp:attachment":[{"href":"https:\/\/www.tikdd.cc\/i\/wp-json\/wp\/v2\/media?parent=2371"}],"curies":[{"name":"wp","href":"https:\/\/api.w.org\/{rel}","templated":true}]}}