{"id":2369,"date":"2025-01-15T03:11:01","date_gmt":"2025-01-15T03:11:01","guid":{"rendered":"https:\/\/www.tikdd.cc\/i\/?page_id=2369"},"modified":"2025-01-15T03:11:02","modified_gmt":"2025-01-15T03:11:02","slug":"descargar-de-apple-podcasts","status":"publish","type":"page","link":"https:\/\/www.tikdd.cc\/i\/es\/descargar-de-apple-podcasts\/","title":{"rendered":"Descargar de Apple Podcasts"},"content":{"rendered":"\n<p>Descargador de Apple Podcasts es una herramienta dise\u00f1ada para descargar archivos de audio de <a href=\"https:\/\/podcasts.apple.com\/us\/browse\" rel=\"nofollow noopener\" target=\"_blank\">Apple Podcasts<\/a>, una plataforma que ofrece una amplia gama de podcasts de diversos g\u00e9neros, como noticias, entretenimiento, educaci\u00f3n y narrativa. Copiando y pegando la URL del episodio del podcast en el descargador, los usuarios pueden recuperar los enlaces de descarga para guardar los episodios y escucharlos sin conexi\u00f3n. Esta herramienta es especialmente \u00fatil para quienes quieran disfrutar de podcasts sin depender de una conexi\u00f3n a Internet.<\/p>\n\n\n\n<p>Ejemplo de URL &gt;&gt;&gt; https:\/\/podcasts.apple.com\/us\/podcast\/kylie-on-pregnancy-reaction-parenting-with-jason\/id1780888125?i=1000679368422<\/p>\n\n\n\n<div class=\"section features-1\">\n        <div class=\"container\">\n            <div class=\"row\">\n                <div class=\"col-md-8 mx-auto text-center\">\n                    <h2 class=\"display-4 mb-5\"><a href=\"#\" target=\"_blank\">\u00bfC\u00f3mo descargar audios de Apple Podcasts?<\/a><\/h2>\n                <\/div>\n            <\/div>\n            <div class=\"row text-center\">\n                <div class=\"col\">\n                    <div class=\"info\">\n                        <div class=\"icon icon-lg icon-shape icon-shape-primary shadow rounded-circle\">\n                            <i class=\"fas fa-link\"><\/i>\n                        <\/div>\n                        <h6 class=\"info-title text-uppercase text-primary\">Copiar URL de v\u00eddeo compartible<\/h6>\n                        <p class=\"description opacity-8\"><\/p>\n                    <\/div>\n                <\/div>\n                <div class=\"col\">\n                    <div class=\"info\">\n                        <div class=\"icon icon-lg icon-shape icon-shape-success shadow rounded-circle\">\n                            <i class=\"fas fa-paste\"><\/i>\n                        <\/div>\n                        <h6 class=\"info-title text-uppercase text-success\">P\u00e9guelo en el campo de arriba<\/h6>\n                        <p class=\"description opacity-8\"><\/p>\n                    <\/div>\n                <\/div>\n                <div class=\"col\">\n                    <div class=\"info\">\n                        <div class=\"icon icon-lg icon-shape icon-shape-info shadow rounded-circle\">\n                            <i class=\"fas fa-download\"><\/i>\n                        <\/div>\n                        <h6 class=\"info-title text-uppercase text-info\">Haga clic en el bot\u00f3n de descarga<\/h6>\n                        <p class=\"description opacity-8\"><\/p>\n                    <\/div>\n                <\/div>\n            <\/div>\n        <\/div>\n    <\/div>\n","protected":false},"excerpt":{"rendered":"<p>Descargador de Apple Podcasts es una herramienta dise\u00f1ada para descargar archivos de audio de Apple&hellip;<\/p>\n","protected":false},"author":1,"featured_media":0,"parent":0,"menu_order":0,"comment_status":"closed","ping_status":"closed","template":"page-templates\/template-downloader.php","meta":{"footnotes":""},"class_list":["post-2369","page","type-page","status-publish","hentry"],"_links":{"self":[{"href":"https:\/\/www.tikdd.cc\/i\/wp-json\/wp\/v2\/pages\/2369","targetHints":{"allow":["GET"]}}],"collection":[{"href":"https:\/\/www.tikdd.cc\/i\/wp-json\/wp\/v2\/pages"}],"about":[{"href":"https:\/\/www.tikdd.cc\/i\/wp-json\/wp\/v2\/types\/page"}],"author":[{"embeddable":true,"href":"https:\/\/www.tikdd.cc\/i\/wp-json\/wp\/v2\/users\/1"}],"replies":[{"embeddable":true,"href":"https:\/\/www.tikdd.cc\/i\/wp-json\/wp\/v2\/comments?post=2369"}],"version-history":[{"count":1,"href":"https:\/\/www.tikdd.cc\/i\/wp-json\/wp\/v2\/pages\/2369\/revisions"}],"predecessor-version":[{"id":2370,"href":"https:\/\/www.tikdd.cc\/i\/wp-json\/wp\/v2\/pages\/2369\/revisions\/2370"}],"wp:attachment":[{"href":"https:\/\/www.tikdd.cc\/i\/wp-json\/wp\/v2\/media?parent=2369"}],"curies":[{"name":"wp","href":"https:\/\/api.w.org\/{rel}","templated":true}]}}