{"id":2320,"date":"2025-01-13T08:41:10","date_gmt":"2025-01-13T08:41:10","guid":{"rendered":"https:\/\/www.tikdd.cc\/i\/?page_id=2320"},"modified":"2026-03-01T03:27:34","modified_gmt":"2026-03-01T03:27:34","slug":"telecharger-video-xxxy","status":"publish","type":"page","link":"https:\/\/www.tikdd.cc\/i\/fr\/telecharger-video-xxxy\/","title":{"rendered":"T\u00e9l\u00e9charger Vid\u00e9o\u00a0XXXY"},"content":{"rendered":"\n<p><strong>T\u00e9l\u00e9chargeur de vid\u00e9os XXXY<\/strong> est un outil gratuit de t\u00e9l\u00e9chargement de films et de vid\u00e9os \u00e0 partir de <a href=\"https:\/\/www.xxxymovies.com\/\" rel=\"nofollow noopener\" target=\"_blank\">xxxymovies.com<\/a>, permettant aux utilisateurs de sauvegarder le contenu dans des formats de haute qualit\u00e9 tels que .MP4 pour une visualisation hors ligne. Ce t\u00e9l\u00e9chargeur garantit une exp\u00e9rience rapide et conviviale pour acc\u00e9der au contenu de divertissement \u00e0 votre convenance. Pour l&#8217;utiliser, copiez l&#8217;URL du film ou de la vid\u00e9o sur XXXY Movies, collez-la dans le t\u00e9l\u00e9chargeur et r\u00e9cup\u00e9rez le fichier facilement.<\/p>\n\n\n\n<p>Exemple d&#8217;URL &gt;&gt;&gt; https:\/\/m.xxxymovies.com\/videos\/193989\/battle-royale-featuring-angelina-diamanti-charles-dera\/<\/p>\n\n\n\n<div class=\"section features-1\">\n        <div class=\"container\">\n            <div class=\"row\">\n                <div class=\"col-md-8 mx-auto text-center\">\n                    <h2 class=\"display-4 mb-5\"><a href=\"#\" target=\"_blank\">Comment t\u00e9l\u00e9charger des vid\u00e9os de XXXY?<\/a><\/h2>\n                <\/div>\n            <\/div>\n            <div class=\"row text-center\">\n                <div class=\"col\">\n                    <div class=\"info\">\n                        <div class=\"icon icon-lg icon-shape icon-shape-primary shadow rounded-circle\">\n                            <i class=\"fas fa-link\"><\/i>\n                        <\/div>\n                        <h6 class=\"info-title text-uppercase text-primary\">Copier l&#8217;URL de la vid\u00e9o \u00e0 partager<\/h6>\n                        <p class=\"description opacity-8\"><\/p>\n                    <\/div>\n                <\/div>\n                <div class=\"col\">\n                    <div class=\"info\">\n                        <div class=\"icon icon-lg icon-shape icon-shape-success shadow rounded-circle\">\n                            <i class=\"fas fa-paste\"><\/i>\n                        <\/div>\n                        <h6 class=\"info-title text-uppercase text-success\">Collez-la dans le champ ci-dessus<\/h6>\n                        <p class=\"description opacity-8\"><\/p>\n                    <\/div>\n                <\/div>\n                <div class=\"col\">\n                    <div class=\"info\">\n                        <div class=\"icon icon-lg icon-shape icon-shape-info shadow rounded-circle\">\n                            <i class=\"fas fa-download\"><\/i>\n                        <\/div>\n                        <h6 class=\"info-title text-uppercase text-info\">Cliquez sur le bouton de t\u00e9l\u00e9chargement<\/h6>\n                        <p class=\"description opacity-8\"><\/p>\n                    <\/div>\n                <\/div>\n            <\/div>\n        <\/div>\n    <\/div>\n\n\n","protected":false},"excerpt":{"rendered":"<p>T\u00e9l\u00e9chargeur de vid\u00e9os XXXY est un outil gratuit de t\u00e9l\u00e9chargement de films et de vid\u00e9os&hellip;<\/p>\n","protected":false},"author":1,"featured_media":0,"parent":0,"menu_order":0,"comment_status":"closed","ping_status":"closed","template":"page-templates\/template-downloader.php","meta":{"footnotes":""},"class_list":["post-2320","page","type-page","status-publish","hentry"],"_links":{"self":[{"href":"https:\/\/www.tikdd.cc\/i\/wp-json\/wp\/v2\/pages\/2320","targetHints":{"allow":["GET"]}}],"collection":[{"href":"https:\/\/www.tikdd.cc\/i\/wp-json\/wp\/v2\/pages"}],"about":[{"href":"https:\/\/www.tikdd.cc\/i\/wp-json\/wp\/v2\/types\/page"}],"author":[{"embeddable":true,"href":"https:\/\/www.tikdd.cc\/i\/wp-json\/wp\/v2\/users\/1"}],"replies":[{"embeddable":true,"href":"https:\/\/www.tikdd.cc\/i\/wp-json\/wp\/v2\/comments?post=2320"}],"version-history":[{"count":3,"href":"https:\/\/www.tikdd.cc\/i\/wp-json\/wp\/v2\/pages\/2320\/revisions"}],"predecessor-version":[{"id":2693,"href":"https:\/\/www.tikdd.cc\/i\/wp-json\/wp\/v2\/pages\/2320\/revisions\/2693"}],"wp:attachment":[{"href":"https:\/\/www.tikdd.cc\/i\/wp-json\/wp\/v2\/media?parent=2320"}],"curies":[{"name":"wp","href":"https:\/\/api.w.org\/{rel}","templated":true}]}}