{"id":2300,"date":"2025-01-13T08:21:04","date_gmt":"2025-01-13T08:21:04","guid":{"rendered":"https:\/\/www.tikdd.cc\/i\/?page_id=2300"},"modified":"2025-01-13T08:21:06","modified_gmt":"2025-01-13T08:21:06","slug":"telecharger-video-tva-nouvelles","status":"publish","type":"page","link":"https:\/\/www.tikdd.cc\/i\/fr\/telecharger-video-tva-nouvelles\/","title":{"rendered":"T\u00e9l\u00e9charger Vid\u00e9o\u00a0TVA Nouvelles"},"content":{"rendered":"\n<p><strong>T\u00e9l\u00e9chargeur de vid\u00e9os TVA Nouvelles<\/strong> est un outil gratuit permettant de t\u00e9l\u00e9charger des vid\u00e9os \u00e0 partir de <a href=\"https:\/\/www.tvanouvelles.ca\/\" rel=\"nofollow noopener\" target=\"_blank\">tvanouvelles.ca<\/a>, une importante plateforme d&#8217;information canadienne proposant des mises \u00e0 jour, des rapports et des analyses approfondies. Ce t\u00e9l\u00e9chargeur permet aux utilisateurs de sauvegarder les vid\u00e9os dans des formats de haute qualit\u00e9 tels que .mp4, garantissant ainsi un acc\u00e8s hors ligne transparent \u00e0 des contenus d&#8217;actualit\u00e9 importants. Pour utiliser l&#8217;outil, il suffit de copier l&#8217;URL de la vid\u00e9o souhait\u00e9e sur TVA Nouvelles, de la coller dans le t\u00e9l\u00e9chargeur et de r\u00e9cup\u00e9rer la vid\u00e9o rapidement.<\/p>\n\n\n\n<p>Exemple d&#8217;URL &gt;&gt;&gt; https:\/\/www.tvanouvelles.ca\/2024\/12\/11\/pluie-verglacante-des-ecoles-fermees-dans-le-bas-saint-laurent<\/p>\n\n\n\n<div class=\"section features-1\">\n        <div class=\"container\">\n            <div class=\"row\">\n                <div class=\"col-md-8 mx-auto text-center\">\n                    <h2 class=\"display-4 mb-5\"><a href=\"#\" target=\"_blank\">Comment t\u00e9l\u00e9charger des vid\u00e9os de TVA Nouvelles?<\/a><\/h2>\n                <\/div>\n            <\/div>\n            <div class=\"row text-center\">\n                <div class=\"col\">\n                    <div class=\"info\">\n                        <div class=\"icon icon-lg icon-shape icon-shape-primary shadow rounded-circle\">\n                            <i class=\"fas fa-link\"><\/i>\n                        <\/div>\n                        <h6 class=\"info-title text-uppercase text-primary\">Copier l&#8217;URL de la vid\u00e9o \u00e0 partager<\/h6>\n                        <p class=\"description opacity-8\"><\/p>\n                    <\/div>\n                <\/div>\n                <div class=\"col\">\n                    <div class=\"info\">\n                        <div class=\"icon icon-lg icon-shape icon-shape-success shadow rounded-circle\">\n                            <i class=\"fas fa-paste\"><\/i>\n                        <\/div>\n                        <h6 class=\"info-title text-uppercase text-success\">Collez-la dans le champ ci-dessus<\/h6>\n                        <p class=\"description opacity-8\"><\/p>\n                    <\/div>\n                <\/div>\n                <div class=\"col\">\n                    <div class=\"info\">\n                        <div class=\"icon icon-lg icon-shape icon-shape-info shadow rounded-circle\">\n                            <i class=\"fas fa-download\"><\/i>\n                        <\/div>\n                        <h6 class=\"info-title text-uppercase text-info\">Cliquez sur le bouton de t\u00e9l\u00e9chargement<\/h6>\n                        <p class=\"description opacity-8\"><\/p>\n                    <\/div>\n                <\/div>\n            <\/div>\n        <\/div>\n    <\/div>\n","protected":false},"excerpt":{"rendered":"<p>T\u00e9l\u00e9chargeur de vid\u00e9os TVA Nouvelles est un outil gratuit permettant de t\u00e9l\u00e9charger des vid\u00e9os \u00e0&hellip;<\/p>\n","protected":false},"author":1,"featured_media":0,"parent":0,"menu_order":0,"comment_status":"closed","ping_status":"closed","template":"page-templates\/template-downloader.php","meta":{"footnotes":""},"class_list":["post-2300","page","type-page","status-publish","hentry"],"_links":{"self":[{"href":"https:\/\/www.tikdd.cc\/i\/wp-json\/wp\/v2\/pages\/2300","targetHints":{"allow":["GET"]}}],"collection":[{"href":"https:\/\/www.tikdd.cc\/i\/wp-json\/wp\/v2\/pages"}],"about":[{"href":"https:\/\/www.tikdd.cc\/i\/wp-json\/wp\/v2\/types\/page"}],"author":[{"embeddable":true,"href":"https:\/\/www.tikdd.cc\/i\/wp-json\/wp\/v2\/users\/1"}],"replies":[{"embeddable":true,"href":"https:\/\/www.tikdd.cc\/i\/wp-json\/wp\/v2\/comments?post=2300"}],"version-history":[{"count":1,"href":"https:\/\/www.tikdd.cc\/i\/wp-json\/wp\/v2\/pages\/2300\/revisions"}],"predecessor-version":[{"id":2301,"href":"https:\/\/www.tikdd.cc\/i\/wp-json\/wp\/v2\/pages\/2300\/revisions\/2301"}],"wp:attachment":[{"href":"https:\/\/www.tikdd.cc\/i\/wp-json\/wp\/v2\/media?parent=2300"}],"curies":[{"name":"wp","href":"https:\/\/api.w.org\/{rel}","templated":true}]}}