{"id":2298,"date":"2025-01-13T08:19:07","date_gmt":"2025-01-13T08:19:07","guid":{"rendered":"https:\/\/www.tikdd.cc\/i\/?page_id=2298"},"modified":"2025-01-13T08:19:08","modified_gmt":"2025-01-13T08:19:08","slug":"telecharger-video-tv2-dk","status":"publish","type":"page","link":"https:\/\/www.tikdd.cc\/i\/fr\/telecharger-video-tv2-dk\/","title":{"rendered":"T\u00e9l\u00e9charger Vid\u00e9o\u00a0TV2.dk"},"content":{"rendered":"\n<p><strong>T\u00e9l\u00e9chargeur de vid\u00e9os TV2<\/strong> est un outil gratuit permettant de t\u00e9l\u00e9charger des vid\u00e9os \u00e0 partir de <a href=\"https:\/\/tv2.dk\/\" rel=\"nofollow noopener\" target=\"_blank\">TV2.dk<\/a>, un radiodiffuseur de premier plan offrant un large \u00e9ventail de contenus, notamment des actualit\u00e9s, des divertissements, des sports et des documentaires. Le processus est simple et efficace : copiez l&#8217;URL de la vid\u00e9o de TV2, collez-la dans le t\u00e9l\u00e9chargeur et acc\u00e9dez instantan\u00e9ment au contenu souhait\u00e9.<\/p>\n\n\n\n<p>Example URL &gt;&gt;&gt; https:\/\/tv2.dk\/reel\/2024-12-10-bliver-de-trukket-rundt-i-laenker-6365793342112<\/p>\n\n\n\n<div class=\"section features-1\">\n        <div class=\"container\">\n            <div class=\"row\">\n                <div class=\"col-md-8 mx-auto text-center\">\n                    <h2 class=\"display-4 mb-5\"><a href=\"#\" target=\"_blank\">Comment t\u00e9l\u00e9charger des vid\u00e9os de TV2.dk?<\/a><\/h2>\n                <\/div>\n            <\/div>\n            <div class=\"row text-center\">\n                <div class=\"col\">\n                    <div class=\"info\">\n                        <div class=\"icon icon-lg icon-shape icon-shape-primary shadow rounded-circle\">\n                            <i class=\"fas fa-link\"><\/i>\n                        <\/div>\n                        <h6 class=\"info-title text-uppercase text-primary\">Copier l&#8217;URL de la vid\u00e9o \u00e0 partager<\/h6>\n                        <p class=\"description opacity-8\"><\/p>\n                    <\/div>\n                <\/div>\n                <div class=\"col\">\n                    <div class=\"info\">\n                        <div class=\"icon icon-lg icon-shape icon-shape-success shadow rounded-circle\">\n                            <i class=\"fas fa-paste\"><\/i>\n                        <\/div>\n                        <h6 class=\"info-title text-uppercase text-success\">Collez-la dans le champ ci-dessus<\/h6>\n                        <p class=\"description opacity-8\"><\/p>\n                    <\/div>\n                <\/div>\n                <div class=\"col\">\n                    <div class=\"info\">\n                        <div class=\"icon icon-lg icon-shape icon-shape-info shadow rounded-circle\">\n                            <i class=\"fas fa-download\"><\/i>\n                        <\/div>\n                        <h6 class=\"info-title text-uppercase text-info\">Cliquez sur le bouton de t\u00e9l\u00e9chargement<\/h6>\n                        <p class=\"description opacity-8\"><\/p>\n                    <\/div>\n                <\/div>\n            <\/div>\n        <\/div>\n    <\/div>\n","protected":false},"excerpt":{"rendered":"<p>T\u00e9l\u00e9chargeur de vid\u00e9os TV2 est un outil gratuit permettant de t\u00e9l\u00e9charger des vid\u00e9os \u00e0 partir&hellip;<\/p>\n","protected":false},"author":1,"featured_media":0,"parent":0,"menu_order":0,"comment_status":"closed","ping_status":"closed","template":"page-templates\/template-downloader.php","meta":{"footnotes":""},"class_list":["post-2298","page","type-page","status-publish","hentry"],"_links":{"self":[{"href":"https:\/\/www.tikdd.cc\/i\/wp-json\/wp\/v2\/pages\/2298","targetHints":{"allow":["GET"]}}],"collection":[{"href":"https:\/\/www.tikdd.cc\/i\/wp-json\/wp\/v2\/pages"}],"about":[{"href":"https:\/\/www.tikdd.cc\/i\/wp-json\/wp\/v2\/types\/page"}],"author":[{"embeddable":true,"href":"https:\/\/www.tikdd.cc\/i\/wp-json\/wp\/v2\/users\/1"}],"replies":[{"embeddable":true,"href":"https:\/\/www.tikdd.cc\/i\/wp-json\/wp\/v2\/comments?post=2298"}],"version-history":[{"count":1,"href":"https:\/\/www.tikdd.cc\/i\/wp-json\/wp\/v2\/pages\/2298\/revisions"}],"predecessor-version":[{"id":2299,"href":"https:\/\/www.tikdd.cc\/i\/wp-json\/wp\/v2\/pages\/2298\/revisions\/2299"}],"wp:attachment":[{"href":"https:\/\/www.tikdd.cc\/i\/wp-json\/wp\/v2\/media?parent=2298"}],"curies":[{"name":"wp","href":"https:\/\/api.w.org\/{rel}","templated":true}]}}