{"id":2290,"date":"2025-01-13T07:46:30","date_gmt":"2025-01-13T07:46:30","guid":{"rendered":"https:\/\/www.tikdd.cc\/i\/?page_id=2290"},"modified":"2025-01-13T07:46:31","modified_gmt":"2025-01-13T07:46:31","slug":"telecharger-video-telegraaf","status":"publish","type":"page","link":"https:\/\/www.tikdd.cc\/i\/fr\/telecharger-video-telegraaf\/","title":{"rendered":"T\u00e9l\u00e9charger Vid\u00e9o\u00a0Telegraaf"},"content":{"rendered":"\n<p><strong>T\u00e9l\u00e9chargeur de vid\u00e9os Telegraaf<\/strong> est un outil pratique pour t\u00e9l\u00e9charger des vid\u00e9os \u00e0 partir de <a href=\"https:\/\/www.telegraaf.nl\/\" data-type=\"link\" data-id=\"https:\/\/www.telegraaf.nl\/\" rel=\"nofollow noopener\" target=\"_blank\">Telegraaf<\/a>, une plateforme d&#8217;information n\u00e9erlandaise de premier plan qui offre un large \u00e9ventail de contenus vid\u00e9o, notamment des reportages, des interviews et des articles de fond. Le processus est simple : les utilisateurs copient l&#8217;URL de la vid\u00e9o depuis Telegraaf, la collent dans le t\u00e9l\u00e9chargeur et acc\u00e8dent rapidement au contenu pour leur usage personnel.<\/p>\n\n\n\n<p>Exemple d&#8217;URL &gt;&gt;&gt; https:\/\/www.telegraaf.nl\/video\/1005174034\/hevige-explosie-verwoest-huis-compleet<\/p>\n\n\n\n<div class=\"section features-1\">\n        <div class=\"container\">\n            <div class=\"row\">\n                <div class=\"col-md-8 mx-auto text-center\">\n                    <h2 class=\"display-4 mb-5\"><a href=\"#\" target=\"_blank\">Comment t\u00e9l\u00e9charger des vid\u00e9os de Telegraaf?<\/a><\/h2>\n                <\/div>\n            <\/div>\n            <div class=\"row text-center\">\n                <div class=\"col\">\n                    <div class=\"info\">\n                        <div class=\"icon icon-lg icon-shape icon-shape-primary shadow rounded-circle\">\n                            <i class=\"fas fa-link\"><\/i>\n                        <\/div>\n                        <h6 class=\"info-title text-uppercase text-primary\">Copier l&#8217;URL de la vid\u00e9o \u00e0 partager<\/h6>\n                        <p class=\"description opacity-8\"><\/p>\n                    <\/div>\n                <\/div>\n                <div class=\"col\">\n                    <div class=\"info\">\n                        <div class=\"icon icon-lg icon-shape icon-shape-success shadow rounded-circle\">\n                            <i class=\"fas fa-paste\"><\/i>\n                        <\/div>\n                        <h6 class=\"info-title text-uppercase text-success\">Collez-la dans le champ ci-dessus<\/h6>\n                        <p class=\"description opacity-8\"><\/p>\n                    <\/div>\n                <\/div>\n                <div class=\"col\">\n                    <div class=\"info\">\n                        <div class=\"icon icon-lg icon-shape icon-shape-info shadow rounded-circle\">\n                            <i class=\"fas fa-download\"><\/i>\n                        <\/div>\n                        <h6 class=\"info-title text-uppercase text-info\">Cliquez sur le bouton de t\u00e9l\u00e9chargement<\/h6>\n                        <p class=\"description opacity-8\"><\/p>\n                    <\/div>\n                <\/div>\n            <\/div>\n        <\/div>\n    <\/div>\n","protected":false},"excerpt":{"rendered":"<p>T\u00e9l\u00e9chargeur de vid\u00e9os Telegraaf est un outil pratique pour t\u00e9l\u00e9charger des vid\u00e9os \u00e0 partir de&hellip;<\/p>\n","protected":false},"author":1,"featured_media":0,"parent":0,"menu_order":0,"comment_status":"closed","ping_status":"closed","template":"page-templates\/template-downloader.php","meta":{"footnotes":""},"class_list":["post-2290","page","type-page","status-publish","hentry"],"_links":{"self":[{"href":"https:\/\/www.tikdd.cc\/i\/wp-json\/wp\/v2\/pages\/2290","targetHints":{"allow":["GET"]}}],"collection":[{"href":"https:\/\/www.tikdd.cc\/i\/wp-json\/wp\/v2\/pages"}],"about":[{"href":"https:\/\/www.tikdd.cc\/i\/wp-json\/wp\/v2\/types\/page"}],"author":[{"embeddable":true,"href":"https:\/\/www.tikdd.cc\/i\/wp-json\/wp\/v2\/users\/1"}],"replies":[{"embeddable":true,"href":"https:\/\/www.tikdd.cc\/i\/wp-json\/wp\/v2\/comments?post=2290"}],"version-history":[{"count":1,"href":"https:\/\/www.tikdd.cc\/i\/wp-json\/wp\/v2\/pages\/2290\/revisions"}],"predecessor-version":[{"id":2291,"href":"https:\/\/www.tikdd.cc\/i\/wp-json\/wp\/v2\/pages\/2290\/revisions\/2291"}],"wp:attachment":[{"href":"https:\/\/www.tikdd.cc\/i\/wp-json\/wp\/v2\/media?parent=2290"}],"curies":[{"name":"wp","href":"https:\/\/api.w.org\/{rel}","templated":true}]}}