{"id":2288,"date":"2025-01-13T07:29:26","date_gmt":"2025-01-13T07:29:26","guid":{"rendered":"https:\/\/www.tikdd.cc\/i\/?page_id=2288"},"modified":"2025-01-13T07:29:28","modified_gmt":"2025-01-13T07:29:28","slug":"telecharger-video-teamtreehouse","status":"publish","type":"page","link":"https:\/\/www.tikdd.cc\/i\/fr\/telecharger-video-teamtreehouse\/","title":{"rendered":"T\u00e9l\u00e9charger Vid\u00e9o\u00a0Teamtreehouse"},"content":{"rendered":"\n<p><strong>T\u00e9l\u00e9chargeur de vid\u00e9os TeamTreehouse<\/strong> est un outil gratuit con\u00e7u pour t\u00e9l\u00e9charger des vid\u00e9os \u00e9ducatives de <a href=\"https:\/\/teamtreehouse.com\/\" rel=\"nofollow noopener\" target=\"_blank\">TeamTreehouse<\/a>, une plateforme proposant des tutoriels de codage, de conception et de technologie. Ce t\u00e9l\u00e9chargeur permet aux utilisateurs d&#8217;enregistrer des vid\u00e9os p\u00e9dagogiques dans des formats de haute qualit\u00e9 tels que .mp4, garantissant ainsi un apprentissage ininterrompu m\u00eame sans acc\u00e8s \u00e0 l&#8217;internet. Le t\u00e9l\u00e9chargeur est facile \u00e0 utiliser : il suffit de copier l&#8217;URL de la vid\u00e9o depuis TeamTreehouse, de la coller dans l&#8217;outil et de t\u00e9l\u00e9charger rapidement le contenu.<\/p>\n\n\n\n<p>Exemple d&#8217;URL &gt;&gt;&gt; https:\/\/teamtreehouse.com\/library\/python-basics-3\/the-python-shell<\/p>\n\n\n\n<div class=\"section features-1\">\n        <div class=\"container\">\n            <div class=\"row\">\n                <div class=\"col-md-8 mx-auto text-center\">\n                    <h2 class=\"display-4 mb-5\"><a href=\"#\" target=\"_blank\">Comment t\u00e9l\u00e9charger des vid\u00e9os de Teamtreehouse?<\/a><\/h2>\n                <\/div>\n            <\/div>\n            <div class=\"row text-center\">\n                <div class=\"col\">\n                    <div class=\"info\">\n                        <div class=\"icon icon-lg icon-shape icon-shape-primary shadow rounded-circle\">\n                            <i class=\"fas fa-link\"><\/i>\n                        <\/div>\n                        <h6 class=\"info-title text-uppercase text-primary\">Copier l&#8217;URL de la vid\u00e9o \u00e0 partager<\/h6>\n                        <p class=\"description opacity-8\"><\/p>\n                    <\/div>\n                <\/div>\n                <div class=\"col\">\n                    <div class=\"info\">\n                        <div class=\"icon icon-lg icon-shape icon-shape-success shadow rounded-circle\">\n                            <i class=\"fas fa-paste\"><\/i>\n                        <\/div>\n                        <h6 class=\"info-title text-uppercase text-success\">Collez-la dans le champ ci-dessus<\/h6>\n                        <p class=\"description opacity-8\"><\/p>\n                    <\/div>\n                <\/div>\n                <div class=\"col\">\n                    <div class=\"info\">\n                        <div class=\"icon icon-lg icon-shape icon-shape-info shadow rounded-circle\">\n                            <i class=\"fas fa-download\"><\/i>\n                        <\/div>\n                        <h6 class=\"info-title text-uppercase text-info\">Cliquez sur le bouton de t\u00e9l\u00e9chargement<\/h6>\n                        <p class=\"description opacity-8\"><\/p>\n                    <\/div>\n                <\/div>\n            <\/div>\n        <\/div>\n    <\/div>\n","protected":false},"excerpt":{"rendered":"<p>T\u00e9l\u00e9chargeur de vid\u00e9os TeamTreehouse est un outil gratuit con\u00e7u pour t\u00e9l\u00e9charger des vid\u00e9os \u00e9ducatives de&hellip;<\/p>\n","protected":false},"author":1,"featured_media":0,"parent":0,"menu_order":0,"comment_status":"closed","ping_status":"closed","template":"page-templates\/template-downloader.php","meta":{"footnotes":""},"class_list":["post-2288","page","type-page","status-publish","hentry"],"_links":{"self":[{"href":"https:\/\/www.tikdd.cc\/i\/wp-json\/wp\/v2\/pages\/2288","targetHints":{"allow":["GET"]}}],"collection":[{"href":"https:\/\/www.tikdd.cc\/i\/wp-json\/wp\/v2\/pages"}],"about":[{"href":"https:\/\/www.tikdd.cc\/i\/wp-json\/wp\/v2\/types\/page"}],"author":[{"embeddable":true,"href":"https:\/\/www.tikdd.cc\/i\/wp-json\/wp\/v2\/users\/1"}],"replies":[{"embeddable":true,"href":"https:\/\/www.tikdd.cc\/i\/wp-json\/wp\/v2\/comments?post=2288"}],"version-history":[{"count":1,"href":"https:\/\/www.tikdd.cc\/i\/wp-json\/wp\/v2\/pages\/2288\/revisions"}],"predecessor-version":[{"id":2289,"href":"https:\/\/www.tikdd.cc\/i\/wp-json\/wp\/v2\/pages\/2288\/revisions\/2289"}],"wp:attachment":[{"href":"https:\/\/www.tikdd.cc\/i\/wp-json\/wp\/v2\/media?parent=2288"}],"curies":[{"name":"wp","href":"https:\/\/api.w.org\/{rel}","templated":true}]}}