{"id":2276,"date":"2025-01-13T06:19:00","date_gmt":"2025-01-13T06:19:00","guid":{"rendered":"https:\/\/www.tikdd.cc\/i\/?page_id=2276"},"modified":"2025-01-13T06:19:01","modified_gmt":"2025-01-13T06:19:01","slug":"telecharger-video-sooplive","status":"publish","type":"page","link":"https:\/\/www.tikdd.cc\/i\/fr\/telecharger-video-sooplive\/","title":{"rendered":"T\u00e9l\u00e9charger Vid\u00e9o\u00a0Sooplive"},"content":{"rendered":"\n<p><strong>T\u00e9l\u00e9chargeur de vid\u00e9os Sooplive<\/strong> est un outil qui permet aux utilisateurs de t\u00e9l\u00e9charger des vid\u00e9os \u00e0 partir de <a href=\"https:\/\/www.sooplive.co.kr\/\" rel=\"nofollow noopener\" target=\"_blank\">Sooplive<\/a>, une plateforme offrant du contenu en direct et \u00e0 la demande. En collant l&#8217;URL de la vid\u00e9o dans le t\u00e9l\u00e9chargeur, les utilisateurs peuvent acc\u00e9der \u00e0 des liens permettant de sauvegarder le contenu dans diff\u00e9rents formats et r\u00e9solutions pour une visualisation hors ligne. Cet outil est particuli\u00e8rement utile pour capturer des \u00e9v\u00e9nements en direct, des spectacles ou des vid\u00e9os exclusives pour le plaisir personnel sans d\u00e9pendre d&#8217;une connexion internet.<\/p>\n\n\n\n<p>Exemple d&#8217;URL &gt;&gt;&gt; https:\/\/vod.sooplive.co.kr\/player\/142682225<\/p>\n\n\n\n<div class=\"section features-1\">\n        <div class=\"container\">\n            <div class=\"row\">\n                <div class=\"col-md-8 mx-auto text-center\">\n                    <h2 class=\"display-4 mb-5\"><a href=\"#\" target=\"_blank\">Comment t\u00e9l\u00e9charger des vid\u00e9os de Sooplive?<\/a><\/h2>\n                <\/div>\n            <\/div>\n            <div class=\"row text-center\">\n                <div class=\"col\">\n                    <div class=\"info\">\n                        <div class=\"icon icon-lg icon-shape icon-shape-primary shadow rounded-circle\">\n                            <i class=\"fas fa-link\"><\/i>\n                        <\/div>\n                        <h6 class=\"info-title text-uppercase text-primary\">Copier l&#8217;URL de la vid\u00e9o \u00e0 partager<\/h6>\n                        <p class=\"description opacity-8\"><\/p>\n                    <\/div>\n                <\/div>\n                <div class=\"col\">\n                    <div class=\"info\">\n                        <div class=\"icon icon-lg icon-shape icon-shape-success shadow rounded-circle\">\n                            <i class=\"fas fa-paste\"><\/i>\n                        <\/div>\n                        <h6 class=\"info-title text-uppercase text-success\">Collez-la dans le champ ci-dessus<\/h6>\n                        <p class=\"description opacity-8\"><\/p>\n                    <\/div>\n                <\/div>\n                <div class=\"col\">\n                    <div class=\"info\">\n                        <div class=\"icon icon-lg icon-shape icon-shape-info shadow rounded-circle\">\n                            <i class=\"fas fa-download\"><\/i>\n                        <\/div>\n                        <h6 class=\"info-title text-uppercase text-info\">Cliquez sur le bouton de t\u00e9l\u00e9chargement<\/h6>\n                        <p class=\"description opacity-8\"><\/p>\n                    <\/div>\n                <\/div>\n            <\/div>\n        <\/div>\n    <\/div>\n","protected":false},"excerpt":{"rendered":"<p>T\u00e9l\u00e9chargeur de vid\u00e9os Sooplive est un outil qui permet aux utilisateurs de t\u00e9l\u00e9charger des vid\u00e9os&hellip;<\/p>\n","protected":false},"author":1,"featured_media":0,"parent":0,"menu_order":0,"comment_status":"closed","ping_status":"closed","template":"page-templates\/template-downloader.php","meta":{"footnotes":""},"class_list":["post-2276","page","type-page","status-publish","hentry"],"_links":{"self":[{"href":"https:\/\/www.tikdd.cc\/i\/wp-json\/wp\/v2\/pages\/2276","targetHints":{"allow":["GET"]}}],"collection":[{"href":"https:\/\/www.tikdd.cc\/i\/wp-json\/wp\/v2\/pages"}],"about":[{"href":"https:\/\/www.tikdd.cc\/i\/wp-json\/wp\/v2\/types\/page"}],"author":[{"embeddable":true,"href":"https:\/\/www.tikdd.cc\/i\/wp-json\/wp\/v2\/users\/1"}],"replies":[{"embeddable":true,"href":"https:\/\/www.tikdd.cc\/i\/wp-json\/wp\/v2\/comments?post=2276"}],"version-history":[{"count":1,"href":"https:\/\/www.tikdd.cc\/i\/wp-json\/wp\/v2\/pages\/2276\/revisions"}],"predecessor-version":[{"id":2277,"href":"https:\/\/www.tikdd.cc\/i\/wp-json\/wp\/v2\/pages\/2276\/revisions\/2277"}],"wp:attachment":[{"href":"https:\/\/www.tikdd.cc\/i\/wp-json\/wp\/v2\/media?parent=2276"}],"curies":[{"name":"wp","href":"https:\/\/api.w.org\/{rel}","templated":true}]}}