{"id":2258,"date":"2025-01-08T14:16:52","date_gmt":"2025-01-08T14:16:52","guid":{"rendered":"https:\/\/www.tikdd.cc\/i\/?page_id=2258"},"modified":"2026-03-01T03:30:33","modified_gmt":"2026-03-01T03:30:33","slug":"telecharger-video-porntube","status":"publish","type":"page","link":"https:\/\/www.tikdd.cc\/i\/fr\/telecharger-video-porntube\/","title":{"rendered":"T\u00e9l\u00e9charger Vid\u00e9o\u00a0PornTube"},"content":{"rendered":"\n<p><strong>T\u00e9l\u00e9chargeur de vid\u00e9os PornTube<\/strong> est un outil gratuit de t\u00e9l\u00e9chargement de vid\u00e9os depuis <a href=\"https:\/\/www.porntube.com\/\" rel=\"nofollow noopener\" target=\"_blank\">PornTube<\/a>, permettant aux utilisateurs de sauvegarder le contenu adulte dans des formats de haute qualit\u00e9 tels que .mp4 pour un visionnage hors ligne. En copiant et en collant l&#8217;URL de la vid\u00e9o dans le t\u00e9l\u00e9chargeur, les utilisateurs peuvent rapidement acc\u00e9der \u00e0 leurs vid\u00e9os pr\u00e9f\u00e9r\u00e9es en toute simplicit\u00e9. Il est important de noter que les utilisateurs doivent se conformer aux conditions d&#8217;utilisation de PornTube et \u00e0 la r\u00e9glementation sur les droits d&#8217;auteur.<\/p>\n\n\n\n<p>Exemple d&#8217;URL &gt;&gt;&gt; https:\/\/www.porntube.com\/video\/ZzUlmbMkTgRiBs0y\/euro-cutie-matty-mila-perez-gets-down-on-american-dick<\/p>\n\n\n\n<div class=\"section features-1\">\n        <div class=\"container\">\n            <div class=\"row\">\n                <div class=\"col-md-8 mx-auto text-center\">\n                    <h2 class=\"display-4 mb-5\"><a href=\"#\" target=\"_blank\">Comment t\u00e9l\u00e9charger des vid\u00e9os de PornTube?<\/a><\/h2>\n                <\/div>\n            <\/div>\n            <div class=\"row text-center\">\n                <div class=\"col\">\n                    <div class=\"info\">\n                        <div class=\"icon icon-lg icon-shape icon-shape-primary shadow rounded-circle\">\n                            <i class=\"fas fa-link\"><\/i>\n                        <\/div>\n                        <h6 class=\"info-title text-uppercase text-primary\">Copier l&#8217;URL de la vid\u00e9o \u00e0 partager<\/h6>\n                        <p class=\"description opacity-8\"><\/p>\n                    <\/div>\n                <\/div>\n                <div class=\"col\">\n                    <div class=\"info\">\n                        <div class=\"icon icon-lg icon-shape icon-shape-success shadow rounded-circle\">\n                            <i class=\"fas fa-paste\"><\/i>\n                        <\/div>\n                        <h6 class=\"info-title text-uppercase text-success\">Collez-la dans le champ ci-dessus<\/h6>\n                        <p class=\"description opacity-8\"><\/p>\n                    <\/div>\n                <\/div>\n                <div class=\"col\">\n                    <div class=\"info\">\n                        <div class=\"icon icon-lg icon-shape icon-shape-info shadow rounded-circle\">\n                            <i class=\"fas fa-download\"><\/i>\n                        <\/div>\n                        <h6 class=\"info-title text-uppercase text-info\">Cliquez sur le bouton de t\u00e9l\u00e9chargement<\/h6>\n                        <p class=\"description opacity-8\"><\/p>\n                    <\/div>\n                <\/div>\n            <\/div>\n        <\/div>\n    <\/div>\n\n\n","protected":false},"excerpt":{"rendered":"<p>T\u00e9l\u00e9chargeur de vid\u00e9os PornTube est un outil gratuit de t\u00e9l\u00e9chargement de vid\u00e9os depuis PornTube, permettant&hellip;<\/p>\n","protected":false},"author":1,"featured_media":0,"parent":0,"menu_order":0,"comment_status":"closed","ping_status":"closed","template":"page-templates\/template-downloader.php","meta":{"footnotes":""},"class_list":["post-2258","page","type-page","status-publish","hentry"],"_links":{"self":[{"href":"https:\/\/www.tikdd.cc\/i\/wp-json\/wp\/v2\/pages\/2258","targetHints":{"allow":["GET"]}}],"collection":[{"href":"https:\/\/www.tikdd.cc\/i\/wp-json\/wp\/v2\/pages"}],"about":[{"href":"https:\/\/www.tikdd.cc\/i\/wp-json\/wp\/v2\/types\/page"}],"author":[{"embeddable":true,"href":"https:\/\/www.tikdd.cc\/i\/wp-json\/wp\/v2\/users\/1"}],"replies":[{"embeddable":true,"href":"https:\/\/www.tikdd.cc\/i\/wp-json\/wp\/v2\/comments?post=2258"}],"version-history":[{"count":3,"href":"https:\/\/www.tikdd.cc\/i\/wp-json\/wp\/v2\/pages\/2258\/revisions"}],"predecessor-version":[{"id":2707,"href":"https:\/\/www.tikdd.cc\/i\/wp-json\/wp\/v2\/pages\/2258\/revisions\/2707"}],"wp:attachment":[{"href":"https:\/\/www.tikdd.cc\/i\/wp-json\/wp\/v2\/media?parent=2258"}],"curies":[{"name":"wp","href":"https:\/\/api.w.org\/{rel}","templated":true}]}}