{"id":2250,"date":"2025-01-08T13:47:01","date_gmt":"2025-01-08T13:47:01","guid":{"rendered":"https:\/\/www.tikdd.cc\/i\/?page_id=2250"},"modified":"2025-01-08T13:47:02","modified_gmt":"2025-01-08T13:47:02","slug":"telecharger-video-peertube","status":"publish","type":"page","link":"https:\/\/www.tikdd.cc\/i\/fr\/telecharger-video-peertube\/","title":{"rendered":"T\u00e9l\u00e9charger Vid\u00e9o\u00a0PeerTube"},"content":{"rendered":"\n<p><strong>T\u00e9l\u00e9chargeur de vid\u00e9os PeerTube<\/strong> est un outil gratuit permettant de t\u00e9l\u00e9charger des vid\u00e9os \u00e0 partir de <a href=\"https:\/\/peertube.tv\/\" rel=\"nofollow noopener\" target=\"_blank\">PeerTube<\/a>, une plateforme d\u00e9centralis\u00e9e de partage de vid\u00e9os qui soutient divers contenus provenant de cr\u00e9ateurs ind\u00e9pendants et de communaut\u00e9s. Ce t\u00e9l\u00e9chargeur permet aux utilisateurs d&#8217;enregistrer des vid\u00e9os dans des formats de haute qualit\u00e9 tels que .mp4 pour un visionnage hors ligne. Le t\u00e9l\u00e9chargeur est convivial, rapide et conserve la qualit\u00e9 originale de la vid\u00e9o, ce qui en fait un excellent choix pour les amateurs de m\u00e9dias open-source et communautaires.<\/p>\n\n\n\n<p>Exemple d&#8217;URL &gt;&gt;&gt; https:\/\/peertube.tv\/w\/h9k9Zf8WnfgJ4JbNuRyz8C<\/p>\n\n\n\n<div class=\"section features-1\">\n        <div class=\"container\">\n            <div class=\"row\">\n                <div class=\"col-md-8 mx-auto text-center\">\n                    <h2 class=\"display-4 mb-5\"><a href=\"#\" target=\"_blank\">Comment t\u00e9l\u00e9charger des vid\u00e9os de PeerTube?<\/a><\/h2>\n                <\/div>\n            <\/div>\n            <div class=\"row text-center\">\n                <div class=\"col\">\n                    <div class=\"info\">\n                        <div class=\"icon icon-lg icon-shape icon-shape-primary shadow rounded-circle\">\n                            <i class=\"fas fa-link\"><\/i>\n                        <\/div>\n                        <h6 class=\"info-title text-uppercase text-primary\">Copier l&#8217;URL de la vid\u00e9o \u00e0 partager<\/h6>\n                        <p class=\"description opacity-8\"><\/p>\n                    <\/div>\n                <\/div>\n                <div class=\"col\">\n                    <div class=\"info\">\n                        <div class=\"icon icon-lg icon-shape icon-shape-success shadow rounded-circle\">\n                            <i class=\"fas fa-paste\"><\/i>\n                        <\/div>\n                        <h6 class=\"info-title text-uppercase text-success\">Collez-la dans le champ ci-dessus<\/h6>\n                        <p class=\"description opacity-8\"><\/p>\n                    <\/div>\n                <\/div>\n                <div class=\"col\">\n                    <div class=\"info\">\n                        <div class=\"icon icon-lg icon-shape icon-shape-info shadow rounded-circle\">\n                            <i class=\"fas fa-download\"><\/i>\n                        <\/div>\n                        <h6 class=\"info-title text-uppercase text-info\">Cliquez sur le bouton de t\u00e9l\u00e9chargement<\/h6>\n                        <p class=\"description opacity-8\"><\/p>\n                    <\/div>\n                <\/div>\n            <\/div>\n        <\/div>\n    <\/div>\n","protected":false},"excerpt":{"rendered":"<p>T\u00e9l\u00e9chargeur de vid\u00e9os PeerTube est un outil gratuit permettant de t\u00e9l\u00e9charger des vid\u00e9os \u00e0 partir&hellip;<\/p>\n","protected":false},"author":1,"featured_media":0,"parent":0,"menu_order":0,"comment_status":"closed","ping_status":"closed","template":"page-templates\/template-downloader.php","meta":{"footnotes":""},"class_list":["post-2250","page","type-page","status-publish","hentry"],"_links":{"self":[{"href":"https:\/\/www.tikdd.cc\/i\/wp-json\/wp\/v2\/pages\/2250","targetHints":{"allow":["GET"]}}],"collection":[{"href":"https:\/\/www.tikdd.cc\/i\/wp-json\/wp\/v2\/pages"}],"about":[{"href":"https:\/\/www.tikdd.cc\/i\/wp-json\/wp\/v2\/types\/page"}],"author":[{"embeddable":true,"href":"https:\/\/www.tikdd.cc\/i\/wp-json\/wp\/v2\/users\/1"}],"replies":[{"embeddable":true,"href":"https:\/\/www.tikdd.cc\/i\/wp-json\/wp\/v2\/comments?post=2250"}],"version-history":[{"count":1,"href":"https:\/\/www.tikdd.cc\/i\/wp-json\/wp\/v2\/pages\/2250\/revisions"}],"predecessor-version":[{"id":2251,"href":"https:\/\/www.tikdd.cc\/i\/wp-json\/wp\/v2\/pages\/2250\/revisions\/2251"}],"wp:attachment":[{"href":"https:\/\/www.tikdd.cc\/i\/wp-json\/wp\/v2\/media?parent=2250"}],"curies":[{"name":"wp","href":"https:\/\/api.w.org\/{rel}","templated":true}]}}