{"id":2246,"date":"2025-01-08T13:37:46","date_gmt":"2025-01-08T13:37:46","guid":{"rendered":"https:\/\/www.tikdd.cc\/i\/?page_id=2246"},"modified":"2025-01-08T13:37:48","modified_gmt":"2025-01-08T13:37:48","slug":"telecharger-musique-palcomp3","status":"publish","type":"page","link":"https:\/\/www.tikdd.cc\/i\/fr\/telecharger-musique-palcomp3\/","title":{"rendered":"T\u00e9l\u00e9charger Musique Palcomp3"},"content":{"rendered":"\n<p><strong>T\u00e9l\u00e9chargeur de vid\u00e9os Palcomp3<\/strong> est un outil gratuit con\u00e7u pour t\u00e9l\u00e9charger des fichiers audio \u00e0 partir de <a href=\"https:\/\/www.palcomp3.com.br\/\" rel=\"nofollow noopener\" target=\"_blank\">Palcomp3<\/a>, une plateforme br\u00e9silienne de streaming musical tr\u00e8s populaire. Le t\u00e9l\u00e9chargeur permet aux utilisateurs de sauvegarder leurs morceaux pr\u00e9f\u00e9r\u00e9s dans des formats de haute qualit\u00e9, tels que .mp3, pour une \u00e9coute hors ligne. En collant l&#8217;URL d&#8217;une chanson dans l&#8217;outil, les utilisateurs peuvent rapidement t\u00e9l\u00e9charger de la musique de diff\u00e9rents genres et artistes disponibles sur Palcomp3. Cet outil est convivial et permet aux amateurs de musique de stocker et d&#8217;\u00e9couter leurs morceaux pr\u00e9f\u00e9r\u00e9s sans connexion internet.<\/p>\n\n\n\n<p>Exemple d&#8217;URL &gt;&gt;&gt; https:\/\/www.palcomp3.com.br\/calcinhapreta\/dois-amoresduas-paixoes\/<\/p>\n\n\n\n<div class=\"section features-1\">\n        <div class=\"container\">\n            <div class=\"row\">\n                <div class=\"col-md-8 mx-auto text-center\">\n                    <h2 class=\"display-4 mb-5\"><a href=\"https:\/\/www.tikdd.cc\/i\/fr\/comment-telecharger-des-videos-de-pornhub\/\" target=\"_blank\">Comment t\u00e9l\u00e9charger des musique de Palcomp3 ?<\/a><\/h2>\n                <\/div>\n            <\/div>\n            <div class=\"row text-center\">\n                <div class=\"col\">\n                    <div class=\"info\">\n                        <div class=\"icon icon-lg icon-shape icon-shape-primary shadow rounded-circle\">\n                            <i class=\"fas fa-link\"><\/i>\n                        <\/div>\n                        <h6 class=\"info-title text-uppercase text-primary\">Copier l&#8217;URL de la vid\u00e9o \u00e0 partager<\/h6>\n                        <p class=\"description opacity-8\"><\/p>\n                    <\/div>\n                <\/div>\n                <div class=\"col\">\n                    <div class=\"info\">\n                        <div class=\"icon icon-lg icon-shape icon-shape-success shadow rounded-circle\">\n                            <i class=\"fas fa-paste\"><\/i>\n                        <\/div>\n                        <h6 class=\"info-title text-uppercase text-success\">Collez-la dans le champ ci-dessus<\/h6>\n                        <p class=\"description opacity-8\"><\/p>\n                    <\/div>\n                <\/div>\n                <div class=\"col\">\n                    <div class=\"info\">\n                        <div class=\"icon icon-lg icon-shape icon-shape-info shadow rounded-circle\">\n                            <i class=\"fas fa-download\"><\/i>\n                        <\/div>\n                        <h6 class=\"info-title text-uppercase text-info\">Cliquez sur le bouton de t\u00e9l\u00e9chargement<\/h6>\n                        <p class=\"description opacity-8\"><\/p>\n                    <\/div>\n                <\/div>\n            <\/div>\n        <\/div>\n    <\/div>\n","protected":false},"excerpt":{"rendered":"<p>T\u00e9l\u00e9chargeur de vid\u00e9os Palcomp3 est un outil gratuit con\u00e7u pour t\u00e9l\u00e9charger des fichiers audio \u00e0&hellip;<\/p>\n","protected":false},"author":1,"featured_media":0,"parent":0,"menu_order":0,"comment_status":"closed","ping_status":"closed","template":"page-templates\/template-downloader.php","meta":{"footnotes":""},"class_list":["post-2246","page","type-page","status-publish","hentry"],"_links":{"self":[{"href":"https:\/\/www.tikdd.cc\/i\/wp-json\/wp\/v2\/pages\/2246","targetHints":{"allow":["GET"]}}],"collection":[{"href":"https:\/\/www.tikdd.cc\/i\/wp-json\/wp\/v2\/pages"}],"about":[{"href":"https:\/\/www.tikdd.cc\/i\/wp-json\/wp\/v2\/types\/page"}],"author":[{"embeddable":true,"href":"https:\/\/www.tikdd.cc\/i\/wp-json\/wp\/v2\/users\/1"}],"replies":[{"embeddable":true,"href":"https:\/\/www.tikdd.cc\/i\/wp-json\/wp\/v2\/comments?post=2246"}],"version-history":[{"count":1,"href":"https:\/\/www.tikdd.cc\/i\/wp-json\/wp\/v2\/pages\/2246\/revisions"}],"predecessor-version":[{"id":2247,"href":"https:\/\/www.tikdd.cc\/i\/wp-json\/wp\/v2\/pages\/2246\/revisions\/2247"}],"wp:attachment":[{"href":"https:\/\/www.tikdd.cc\/i\/wp-json\/wp\/v2\/media?parent=2246"}],"curies":[{"name":"wp","href":"https:\/\/api.w.org\/{rel}","templated":true}]}}