{"id":2236,"date":"2025-01-08T12:57:26","date_gmt":"2025-01-08T12:57:26","guid":{"rendered":"https:\/\/www.tikdd.cc\/i\/?page_id=2236"},"modified":"2025-01-08T12:57:27","modified_gmt":"2025-01-08T12:57:27","slug":"odatv-video-downloaden","status":"publish","type":"page","link":"https:\/\/www.tikdd.cc\/i\/de\/odatv-video-downloaden\/","title":{"rendered":"OdaTV Video Downloaden"},"content":{"rendered":"\n<p>OdaTV Video Downloaden ist ein kostenloses Tool zum Herunterladen von Videos von <a href=\"https:\/\/www.odatv.com\/\" rel=\"nofollow noopener\" target=\"_blank\">OdaTV<\/a>, einer bekannten t\u00fcrkischen Nachrichten- und Medienplattform, die f\u00fcr ihren investigativen Journalismus, ihre Interviews und kulturellen Inhalte bekannt ist. Mit diesem Downloader k\u00f6nnen Benutzer Videos in hochwertigen Formaten wie .mp4 speichern und so offline zug\u00e4nglich machen. Durch Einf\u00fcgen der Video-URL in den Downloader k\u00f6nnen Nutzer ihre gew\u00fcnschten OdaTV-Inhalte f\u00fcr den pers\u00f6nlichen Gebrauch schnell abrufen. Das Tool ist benutzerfreundlich und bewahrt die Videoqualit\u00e4t, so dass es ideal f\u00fcr diejenigen ist, die ohne Internetverbindung informiert bleiben m\u00f6chten.<\/p>\n\n\n\n<p>Beispiel-URL &gt;&gt;&gt; https:\/\/www.odatv.com\/guncel\/amasrada-sit-alaninda-dalisa-gozalti-120075722<\/p>\n\n\n\n<div class=\"section features-1\">\n        <div class=\"container\">\n            <div class=\"row\">\n                <div class=\"col-md-8 mx-auto text-center\">\n                    <h2 class=\"display-4 mb-5\">Wie l\u00e4dt man Videos von OdaTV herunter?<\/h2>\n                <\/div>\n            <\/div>\n            <div class=\"row text-center\">\n                <div class=\"col\">\n                    <div class=\"info\">\n                        <div class=\"icon icon-lg icon-shape icon-shape-primary shadow rounded-circle\">\n                            <i class=\"fas fa-link\"><\/i>\n                        <\/div>\n                        <h6 class=\"info-title text-uppercase text-primary\">URL des teilbaren Videos kopieren<\/h6>\n                        <p class=\"description opacity-8\"><\/p>\n                    <\/div>\n                <\/div>\n                <div class=\"col\">\n                    <div class=\"info\">\n                        <div class=\"icon icon-lg icon-shape icon-shape-success shadow rounded-circle\">\n                            <i class=\"fas fa-paste\"><\/i>\n                        <\/div>\n                        <h6 class=\"info-title text-uppercase text-success\">F\u00fcgen Sie es in das Feld oben ein<\/h6>\n                        <p class=\"description opacity-8\"><\/p>\n                    <\/div>\n                <\/div>\n                <div class=\"col\">\n                    <div class=\"info\">\n                        <div class=\"icon icon-lg icon-shape icon-shape-info shadow rounded-circle\">\n                            <i class=\"fas fa-download\"><\/i>\n                        <\/div>\n                        <h6 class=\"info-title text-uppercase text-info\">Klicken Sie auf Download<\/h6>\n                        <p class=\"description opacity-8\"><\/p>\n                    <\/div>\n                <\/div>\n            <\/div>\n        <\/div>\n    <\/div>\n","protected":false},"excerpt":{"rendered":"<p>OdaTV Video Downloaden ist ein kostenloses Tool zum Herunterladen von Videos von OdaTV, einer bekannten&hellip;<\/p>\n","protected":false},"author":1,"featured_media":0,"parent":0,"menu_order":0,"comment_status":"closed","ping_status":"closed","template":"page-templates\/template-downloader.php","meta":{"footnotes":""},"class_list":["post-2236","page","type-page","status-publish","hentry"],"_links":{"self":[{"href":"https:\/\/www.tikdd.cc\/i\/wp-json\/wp\/v2\/pages\/2236","targetHints":{"allow":["GET"]}}],"collection":[{"href":"https:\/\/www.tikdd.cc\/i\/wp-json\/wp\/v2\/pages"}],"about":[{"href":"https:\/\/www.tikdd.cc\/i\/wp-json\/wp\/v2\/types\/page"}],"author":[{"embeddable":true,"href":"https:\/\/www.tikdd.cc\/i\/wp-json\/wp\/v2\/users\/1"}],"replies":[{"embeddable":true,"href":"https:\/\/www.tikdd.cc\/i\/wp-json\/wp\/v2\/comments?post=2236"}],"version-history":[{"count":1,"href":"https:\/\/www.tikdd.cc\/i\/wp-json\/wp\/v2\/pages\/2236\/revisions"}],"predecessor-version":[{"id":2237,"href":"https:\/\/www.tikdd.cc\/i\/wp-json\/wp\/v2\/pages\/2236\/revisions\/2237"}],"wp:attachment":[{"href":"https:\/\/www.tikdd.cc\/i\/wp-json\/wp\/v2\/media?parent=2236"}],"curies":[{"name":"wp","href":"https:\/\/api.w.org\/{rel}","templated":true}]}}