{"id":2229,"date":"2025-01-08T12:15:20","date_gmt":"2025-01-08T12:15:20","guid":{"rendered":"https:\/\/www.tikdd.cc\/i\/?page_id=2229"},"modified":"2025-01-08T12:15:28","modified_gmt":"2025-01-08T12:15:28","slug":"nytimes-video-downloaden","status":"publish","type":"page","link":"https:\/\/www.tikdd.cc\/i\/de\/nytimes-video-downloaden\/","title":{"rendered":"NYTimes Video Downloaden"},"content":{"rendered":"\n<p>NYTimes Video Downloaden ist ein kostenloses Tool zum Herunterladen von Videos der <a href=\"https:\/\/www.nytimes.com\/\" rel=\"nofollow noopener\" target=\"_blank\">New York Times<\/a>, einer renommierten Plattform, die qualitativ hochwertigen Journalismus bietet, einschlie\u00dflich Dokumentationen, Interviews, Nachrichtenanalysen und Reportagen. Mit diesem Downloader k\u00f6nnen Benutzer Videos in hochaufl\u00f6senden Formaten wie .mp4 f\u00fcr die Offline-Ansicht speichern. Durch das Einf\u00fcgen der Video-URL in den Downloader k\u00f6nnen die Nutzer schnell und einfach auf ihre bevorzugten Inhalte zugreifen.<\/p>\n\n\n\n<p>Beispiel-URL &gt;&gt;&gt; https:\/\/www.nytimes.com\/video\/us\/politics\/100000009570525\/trump-assassination-attempt.html<\/p>\n\n\n\n<div class=\"section features-1\">\n        <div class=\"container\">\n            <div class=\"row\">\n                <div class=\"col-md-8 mx-auto text-center\">\n                    <h2 class=\"display-4 mb-5\">Wie l\u00e4dt man Videos von NYTimes herunter?<\/h2>\n                <\/div>\n            <\/div>\n            <div class=\"row text-center\">\n                <div class=\"col\">\n                    <div class=\"info\">\n                        <div class=\"icon icon-lg icon-shape icon-shape-primary shadow rounded-circle\">\n                            <i class=\"fas fa-link\"><\/i>\n                        <\/div>\n                        <h6 class=\"info-title text-uppercase text-primary\">URL des teilbaren Videos kopieren<\/h6>\n                        <p class=\"description opacity-8\"><\/p>\n                    <\/div>\n                <\/div>\n                <div class=\"col\">\n                    <div class=\"info\">\n                        <div class=\"icon icon-lg icon-shape icon-shape-success shadow rounded-circle\">\n                            <i class=\"fas fa-paste\"><\/i>\n                        <\/div>\n                        <h6 class=\"info-title text-uppercase text-success\">F\u00fcgen Sie es in das Feld oben ein<\/h6>\n                        <p class=\"description opacity-8\"><\/p>\n                    <\/div>\n                <\/div>\n                <div class=\"col\">\n                    <div class=\"info\">\n                        <div class=\"icon icon-lg icon-shape icon-shape-info shadow rounded-circle\">\n                            <i class=\"fas fa-download\"><\/i>\n                        <\/div>\n                        <h6 class=\"info-title text-uppercase text-info\">Klicken Sie auf Download<\/h6>\n                        <p class=\"description opacity-8\"><\/p>\n                    <\/div>\n                <\/div>\n            <\/div>\n        <\/div>\n    <\/div>\n","protected":false},"excerpt":{"rendered":"<p>NYTimes Video Downloaden ist ein kostenloses Tool zum Herunterladen von Videos der New York Times,&hellip;<\/p>\n","protected":false},"author":1,"featured_media":0,"parent":0,"menu_order":0,"comment_status":"closed","ping_status":"closed","template":"page-templates\/template-downloader.php","meta":{"footnotes":""},"class_list":["post-2229","page","type-page","status-publish","hentry"],"_links":{"self":[{"href":"https:\/\/www.tikdd.cc\/i\/wp-json\/wp\/v2\/pages\/2229","targetHints":{"allow":["GET"]}}],"collection":[{"href":"https:\/\/www.tikdd.cc\/i\/wp-json\/wp\/v2\/pages"}],"about":[{"href":"https:\/\/www.tikdd.cc\/i\/wp-json\/wp\/v2\/types\/page"}],"author":[{"embeddable":true,"href":"https:\/\/www.tikdd.cc\/i\/wp-json\/wp\/v2\/users\/1"}],"replies":[{"embeddable":true,"href":"https:\/\/www.tikdd.cc\/i\/wp-json\/wp\/v2\/comments?post=2229"}],"version-history":[{"count":1,"href":"https:\/\/www.tikdd.cc\/i\/wp-json\/wp\/v2\/pages\/2229\/revisions"}],"predecessor-version":[{"id":2230,"href":"https:\/\/www.tikdd.cc\/i\/wp-json\/wp\/v2\/pages\/2229\/revisions\/2230"}],"wp:attachment":[{"href":"https:\/\/www.tikdd.cc\/i\/wp-json\/wp\/v2\/media?parent=2229"}],"curies":[{"name":"wp","href":"https:\/\/api.w.org\/{rel}","templated":true}]}}