{"id":2227,"date":"2025-01-08T12:07:36","date_gmt":"2025-01-08T12:07:36","guid":{"rendered":"https:\/\/www.tikdd.cc\/i\/?page_id=2227"},"modified":"2025-01-08T12:07:53","modified_gmt":"2025-01-08T12:07:53","slug":"telecharger-video-ntv-ru","status":"publish","type":"page","link":"https:\/\/www.tikdd.cc\/i\/fr\/telecharger-video-ntv-ru\/","title":{"rendered":"T\u00e9l\u00e9charger Vid\u00e9o\u00a0Ntv.ru"},"content":{"rendered":"\n<p><strong>T\u00e9l\u00e9chargeur de vid\u00e9os <\/strong>Ntv.ru est un outil gratuit con\u00e7u pour t\u00e9l\u00e9charger des vid\u00e9os de <a href=\"http:\/\/www.ntv.ru\/\" rel=\"nofollow noopener\" target=\"_blank\">Ntv.ru<\/a>, un important r\u00e9seau de t\u00e9l\u00e9vision russe proposant des actualit\u00e9s, des divertissements, des documentaires et des s\u00e9ries. Ce t\u00e9l\u00e9chargeur permet aux utilisateurs d&#8217;enregistrer des vid\u00e9os dans des formats de haute qualit\u00e9 tels que .mp4, garantissant ainsi un acc\u00e8s hors ligne fluide \u00e0 un large \u00e9ventail de contenus de NTV. Le t\u00e9l\u00e9chargeur est efficace et pr\u00e9serve la qualit\u00e9 originale des vid\u00e9os, ce qui le rend parfait pour ceux qui souhaitent regarder le contenu de NTV sans connexion Internet.<\/p>\n\n\n\n<p>Exemple d&#8217;URL &gt;&gt;&gt; http:\/\/www.ntv.ru\/novosti\/863142\/<\/p>\n\n\n\n<div class=\"section features-1\">\n        <div class=\"container\">\n            <div class=\"row\">\n                <div class=\"col-md-8 mx-auto text-center\">\n                    <h2 class=\"display-4 mb-5\"><a href=\"#\" target=\"_blank\">Comment t\u00e9l\u00e9charger des vid\u00e9os de Ntv.ru ?<\/a><\/h2>\n                <\/div>\n            <\/div>\n            <div class=\"row text-center\">\n                <div class=\"col\">\n                    <div class=\"info\">\n                        <div class=\"icon icon-lg icon-shape icon-shape-primary shadow rounded-circle\">\n                            <i class=\"fas fa-link\"><\/i>\n                        <\/div>\n                        <h6 class=\"info-title text-uppercase text-primary\">Copier l&#8217;URL de la vid\u00e9o \u00e0 partager<\/h6>\n                        <p class=\"description opacity-8\"><\/p>\n                    <\/div>\n                <\/div>\n                <div class=\"col\">\n                    <div class=\"info\">\n                        <div class=\"icon icon-lg icon-shape icon-shape-success shadow rounded-circle\">\n                            <i class=\"fas fa-paste\"><\/i>\n                        <\/div>\n                        <h6 class=\"info-title text-uppercase text-success\">Collez-la dans le champ ci-dessus<\/h6>\n                        <p class=\"description opacity-8\"><\/p>\n                    <\/div>\n                <\/div>\n                <div class=\"col\">\n                    <div class=\"info\">\n                        <div class=\"icon icon-lg icon-shape icon-shape-info shadow rounded-circle\">\n                            <i class=\"fas fa-download\"><\/i>\n                        <\/div>\n                        <h6 class=\"info-title text-uppercase text-info\">Cliquez sur le bouton de t\u00e9l\u00e9chargement<\/h6>\n                        <p class=\"description opacity-8\"><\/p>\n                    <\/div>\n                <\/div>\n            <\/div>\n        <\/div>\n    <\/div>\n","protected":false},"excerpt":{"rendered":"<p>T\u00e9l\u00e9chargeur de vid\u00e9os Ntv.ru est un outil gratuit con\u00e7u pour t\u00e9l\u00e9charger des vid\u00e9os de Ntv.ru,&hellip;<\/p>\n","protected":false},"author":1,"featured_media":0,"parent":0,"menu_order":0,"comment_status":"closed","ping_status":"closed","template":"page-templates\/template-downloader.php","meta":{"footnotes":""},"class_list":["post-2227","page","type-page","status-publish","hentry"],"_links":{"self":[{"href":"https:\/\/www.tikdd.cc\/i\/wp-json\/wp\/v2\/pages\/2227","targetHints":{"allow":["GET"]}}],"collection":[{"href":"https:\/\/www.tikdd.cc\/i\/wp-json\/wp\/v2\/pages"}],"about":[{"href":"https:\/\/www.tikdd.cc\/i\/wp-json\/wp\/v2\/types\/page"}],"author":[{"embeddable":true,"href":"https:\/\/www.tikdd.cc\/i\/wp-json\/wp\/v2\/users\/1"}],"replies":[{"embeddable":true,"href":"https:\/\/www.tikdd.cc\/i\/wp-json\/wp\/v2\/comments?post=2227"}],"version-history":[{"count":1,"href":"https:\/\/www.tikdd.cc\/i\/wp-json\/wp\/v2\/pages\/2227\/revisions"}],"predecessor-version":[{"id":2228,"href":"https:\/\/www.tikdd.cc\/i\/wp-json\/wp\/v2\/pages\/2227\/revisions\/2228"}],"wp:attachment":[{"href":"https:\/\/www.tikdd.cc\/i\/wp-json\/wp\/v2\/media?parent=2227"}],"curies":[{"name":"wp","href":"https:\/\/api.w.org\/{rel}","templated":true}]}}