{"id":2211,"date":"2025-01-08T08:58:09","date_gmt":"2025-01-08T08:58:09","guid":{"rendered":"https:\/\/www.tikdd.cc\/i\/?page_id=2211"},"modified":"2025-01-08T08:58:10","modified_gmt":"2025-01-08T08:58:10","slug":"telecharger-video-ndr","status":"publish","type":"page","link":"https:\/\/www.tikdd.cc\/i\/fr\/telecharger-video-ndr\/","title":{"rendered":"T\u00e9l\u00e9charger Vid\u00e9o\u00a0NDR"},"content":{"rendered":"\n<p><strong>T\u00e9l\u00e9chargeur de vid\u00e9os NDR<\/strong> est un outil gratuit permettant de t\u00e9l\u00e9charger des vid\u00e9os \u00e0 partir de <a href=\"https:\/\/www.ndr.de\/\" rel=\"nofollow noopener\" target=\"_blank\">NDR.de<\/a> (Norddeutscher Rundfunk), un r\u00e9seau de radiodiffusion public allemand qui propose une grande vari\u00e9t\u00e9 de contenus, notamment des actualit\u00e9s, des documentaires, des programmes culturels et des divertissements. Ce t\u00e9l\u00e9chargeur permet aux utilisateurs d&#8217;enregistrer des vid\u00e9os dans des formats de haute qualit\u00e9 tels que .mp4 pour un visionnage hors ligne. En entrant l&#8217;URL de la vid\u00e9o dans l&#8217;outil, les utilisateurs peuvent acc\u00e9der rapidement et efficacement \u00e0 leurs programmes pr\u00e9f\u00e9r\u00e9s \u00e0 tout moment. Le t\u00e9l\u00e9chargeur est convivial et pr\u00e9serve la qualit\u00e9 de la vid\u00e9o originale, ce qui en fait un outil id\u00e9al pour les fans de m\u00e9dias allemands.<\/p>\n\n\n\n<p>Exemple d&#8217;URL &gt;&gt;&gt; https:\/\/www.ndr.de\/nachrichten\/niedersachsen\/braunschweig_harz_goettingen\/Zehntausende-streiken-bei-VW-Tarifkonflikt-weiter-ohne-Einigung,vw6442.html<\/p>\n\n\n\n<div class=\"section features-1\">\r\n        <div class=\"container\">\r\n            <div class=\"row\">\r\n                <div class=\"col-md-8 mx-auto text-center\">\r\n                    <h2 class=\"display-4 mb-5\"><a href=\"https:\/\/www.tikdd.cc\/i\/fr\/comment-telecharger-des-videos-de-pornhub\/\" target=\"_blank\">Comment t\u00e9l\u00e9charger des vid\u00e9os de Pornhub ?<\/a><\/h2>\r\n                <\/div>\r\n            <\/div>\r\n            <div class=\"row text-center\">\r\n                <div class=\"col\">\r\n                    <div class=\"info\">\r\n                        <div class=\"icon icon-lg icon-shape icon-shape-primary shadow rounded-circle\">\r\n                            <i class=\"fas fa-link\"><\/i>\r\n                        <\/div>\r\n                        <h6 class=\"info-title text-uppercase text-primary\">Copier l&#8217;URL de la vid\u00e9o \u00e0 partager<\/h6>\r\n                        <p class=\"description opacity-8\"><\/p>\r\n                    <\/div>\r\n                <\/div>\r\n                <div class=\"col\">\r\n                    <div class=\"info\">\r\n                        <div class=\"icon icon-lg icon-shape icon-shape-success shadow rounded-circle\">\r\n                            <i class=\"fas fa-paste\"><\/i>\r\n                        <\/div>\r\n                        <h6 class=\"info-title text-uppercase text-success\">Collez-la dans le champ ci-dessus<\/h6>\r\n                        <p class=\"description opacity-8\"><\/p>\r\n                    <\/div>\r\n                <\/div>\r\n                <div class=\"col\">\r\n                    <div class=\"info\">\r\n                        <div class=\"icon icon-lg icon-shape icon-shape-info shadow rounded-circle\">\r\n                            <i class=\"fas fa-download\"><\/i>\r\n                        <\/div>\r\n                        <h6 class=\"info-title text-uppercase text-info\">Cliquez sur le bouton de t\u00e9l\u00e9chargement<\/h6>\r\n                        <p class=\"description opacity-8\"><\/p>\r\n                    <\/div>\r\n                <\/div>\r\n            <\/div>\r\n        <\/div>\r\n    <\/div>\n","protected":false},"excerpt":{"rendered":"<p>T\u00e9l\u00e9chargeur de vid\u00e9os NDR est un outil gratuit permettant de t\u00e9l\u00e9charger des vid\u00e9os \u00e0 partir&hellip;<\/p>\n","protected":false},"author":1,"featured_media":0,"parent":0,"menu_order":0,"comment_status":"closed","ping_status":"closed","template":"page-templates\/template-downloader.php","meta":{"footnotes":""},"class_list":["post-2211","page","type-page","status-publish","hentry"],"_links":{"self":[{"href":"https:\/\/www.tikdd.cc\/i\/wp-json\/wp\/v2\/pages\/2211","targetHints":{"allow":["GET"]}}],"collection":[{"href":"https:\/\/www.tikdd.cc\/i\/wp-json\/wp\/v2\/pages"}],"about":[{"href":"https:\/\/www.tikdd.cc\/i\/wp-json\/wp\/v2\/types\/page"}],"author":[{"embeddable":true,"href":"https:\/\/www.tikdd.cc\/i\/wp-json\/wp\/v2\/users\/1"}],"replies":[{"embeddable":true,"href":"https:\/\/www.tikdd.cc\/i\/wp-json\/wp\/v2\/comments?post=2211"}],"version-history":[{"count":1,"href":"https:\/\/www.tikdd.cc\/i\/wp-json\/wp\/v2\/pages\/2211\/revisions"}],"predecessor-version":[{"id":2212,"href":"https:\/\/www.tikdd.cc\/i\/wp-json\/wp\/v2\/pages\/2211\/revisions\/2212"}],"wp:attachment":[{"href":"https:\/\/www.tikdd.cc\/i\/wp-json\/wp\/v2\/media?parent=2211"}],"curies":[{"name":"wp","href":"https:\/\/api.w.org\/{rel}","templated":true}]}}