{"id":2204,"date":"2025-01-08T08:23:00","date_gmt":"2025-01-08T08:23:00","guid":{"rendered":"https:\/\/www.tikdd.cc\/i\/?page_id=2204"},"modified":"2025-01-08T08:23:01","modified_gmt":"2025-01-08T08:23:01","slug":"telecharger-video-muenchentv","status":"publish","type":"page","link":"https:\/\/www.tikdd.cc\/i\/fr\/telecharger-video-muenchentv\/","title":{"rendered":"T\u00e9l\u00e9charger Vid\u00e9o\u00a0MuenchenTV"},"content":{"rendered":"\n<p><strong>T\u00e9l\u00e9chargeur de vid\u00e9os MuenchenTV<\/strong> est un outil gratuit con\u00e7u pour t\u00e9l\u00e9charger des vid\u00e9os de <a href=\"https:\/\/www.muenchen.tv\/\" rel=\"nofollow noopener\" target=\"_blank\">MuenchenTV<\/a>, une cha\u00eene de t\u00e9l\u00e9vision r\u00e9gionale proposant des informations, des programmes culturels et des divertissements ax\u00e9s sur Munich et ses environs. Ce t\u00e9l\u00e9chargeur permet aux utilisateurs d&#8217;enregistrer des vid\u00e9os dans des formats de haute qualit\u00e9 tels que .mp4 pour une visualisation hors ligne. En collant l&#8217;URL de la vid\u00e9o dans l&#8217;outil, les utilisateurs peuvent facilement acc\u00e9der aux \u00e9missions locales et aux caract\u00e9ristiques sp\u00e9ciales sans avoir besoin d&#8217;une connexion internet. Le t\u00e9l\u00e9chargeur garantit une exp\u00e9rience transparente et conviviale, parfaite pour suivre les actualit\u00e9s et les programmes r\u00e9gionaux.<\/p>\n\n\n\n<p>Exemple d&#8217;URL &gt;&gt;&gt; https:\/\/www.muenchen.tv\/mediathek\/video\/denen-wird-noch-was-bluehen\/<\/p>\n\n\n\n<div class=\"section features-1\">\n        <div class=\"container\">\n            <div class=\"row\">\n                <div class=\"col-md-8 mx-auto text-center\">\n                    <h2 class=\"display-4 mb-5\"><a href=\"#\" target=\"_blank\">Comment t\u00e9l\u00e9charger des vid\u00e9os de MuenchenTV ?<\/a><\/h2>\n                <\/div>\n            <\/div>\n            <div class=\"row text-center\">\n                <div class=\"col\">\n                    <div class=\"info\">\n                        <div class=\"icon icon-lg icon-shape icon-shape-primary shadow rounded-circle\">\n                            <i class=\"fas fa-link\"><\/i>\n                        <\/div>\n                        <h6 class=\"info-title text-uppercase text-primary\">Copier l&#8217;URL de la vid\u00e9o \u00e0 partager<\/h6>\n                        <p class=\"description opacity-8\"><\/p>\n                    <\/div>\n                <\/div>\n                <div class=\"col\">\n                    <div class=\"info\">\n                        <div class=\"icon icon-lg icon-shape icon-shape-success shadow rounded-circle\">\n                            <i class=\"fas fa-paste\"><\/i>\n                        <\/div>\n                        <h6 class=\"info-title text-uppercase text-success\">Collez-la dans le champ ci-dessus<\/h6>\n                        <p class=\"description opacity-8\"><\/p>\n                    <\/div>\n                <\/div>\n                <div class=\"col\">\n                    <div class=\"info\">\n                        <div class=\"icon icon-lg icon-shape icon-shape-info shadow rounded-circle\">\n                            <i class=\"fas fa-download\"><\/i>\n                        <\/div>\n                        <h6 class=\"info-title text-uppercase text-info\">Cliquez sur le bouton de t\u00e9l\u00e9chargement<\/h6>\n                        <p class=\"description opacity-8\"><\/p>\n                    <\/div>\n                <\/div>\n            <\/div>\n        <\/div>\n    <\/div>\n","protected":false},"excerpt":{"rendered":"<p>T\u00e9l\u00e9chargeur de vid\u00e9os MuenchenTV est un outil gratuit con\u00e7u pour t\u00e9l\u00e9charger des vid\u00e9os de MuenchenTV,&hellip;<\/p>\n","protected":false},"author":1,"featured_media":0,"parent":0,"menu_order":0,"comment_status":"closed","ping_status":"closed","template":"page-templates\/template-downloader.php","meta":{"footnotes":""},"class_list":["post-2204","page","type-page","status-publish","hentry"],"_links":{"self":[{"href":"https:\/\/www.tikdd.cc\/i\/wp-json\/wp\/v2\/pages\/2204","targetHints":{"allow":["GET"]}}],"collection":[{"href":"https:\/\/www.tikdd.cc\/i\/wp-json\/wp\/v2\/pages"}],"about":[{"href":"https:\/\/www.tikdd.cc\/i\/wp-json\/wp\/v2\/types\/page"}],"author":[{"embeddable":true,"href":"https:\/\/www.tikdd.cc\/i\/wp-json\/wp\/v2\/users\/1"}],"replies":[{"embeddable":true,"href":"https:\/\/www.tikdd.cc\/i\/wp-json\/wp\/v2\/comments?post=2204"}],"version-history":[{"count":1,"href":"https:\/\/www.tikdd.cc\/i\/wp-json\/wp\/v2\/pages\/2204\/revisions"}],"predecessor-version":[{"id":2206,"href":"https:\/\/www.tikdd.cc\/i\/wp-json\/wp\/v2\/pages\/2204\/revisions\/2206"}],"wp:attachment":[{"href":"https:\/\/www.tikdd.cc\/i\/wp-json\/wp\/v2\/media?parent=2204"}],"curies":[{"name":"wp","href":"https:\/\/api.w.org\/{rel}","templated":true}]}}