{"id":2196,"date":"2025-01-08T07:44:03","date_gmt":"2025-01-08T07:44:03","guid":{"rendered":"https:\/\/www.tikdd.cc\/i\/?page_id=2196"},"modified":"2025-01-08T07:44:04","modified_gmt":"2025-01-08T07:44:04","slug":"telecharger-video-media-ccc-de","status":"publish","type":"page","link":"https:\/\/www.tikdd.cc\/i\/fr\/telecharger-video-media-ccc-de\/","title":{"rendered":"T\u00e9l\u00e9charger Vid\u00e9o\u00a0Media.ccc.de"},"content":{"rendered":"\n<p><strong>T\u00e9l\u00e9chargeur de vid\u00e9os Media.ccc.de<\/strong> est un outil sp\u00e9cialis\u00e9 con\u00e7u pour t\u00e9l\u00e9charger des vid\u00e9os \u00e0 partir de <a href=\"https:\/\/media.ccc.de\/\" rel=\"nofollow noopener\" target=\"_blank\">Media.ccc.de<\/a>, une plateforme h\u00e9bergeant des enregistrements de pr\u00e9sentations et d&#8217;\u00e9v\u00e9nements organis\u00e9s par le Chaos Computer Club (CCC). Ce t\u00e9l\u00e9chargeur permet aux utilisateurs de sauvegarder les vid\u00e9os dans des formats de haute qualit\u00e9 tels que .mp4, ce qui est pratique pour le visionnage hors ligne de pr\u00e9sentations techniques, d&#8217;ateliers et de conf\u00e9rences. En collant l&#8217;URL de la vid\u00e9o dans l&#8217;outil, les utilisateurs peuvent rapidement r\u00e9cup\u00e9rer le contenu \u00e0 des fins d&#8217;\u00e9tude personnelle ou de r\u00e9f\u00e9rence.<\/p>\n\n\n\n<p>Exemple d&#8217;URL &gt;&gt;&gt; https:\/\/media.ccc.de\/v\/emf2024-177-science-magic-magic-science<\/p>\n\n\n\n<div class=\"section features-1\">\n        <div class=\"container\">\n            <div class=\"row\">\n                <div class=\"col-md-8 mx-auto text-center\">\n                    <h2 class=\"display-4 mb-5\"><a href=\"#\" target=\"_blank\">Comment t\u00e9l\u00e9charger des vid\u00e9os de Media.ccc.de ?<\/a><\/h2>\n                <\/div>\n            <\/div>\n            <div class=\"row text-center\">\n                <div class=\"col\">\n                    <div class=\"info\">\n                        <div class=\"icon icon-lg icon-shape icon-shape-primary shadow rounded-circle\">\n                            <i class=\"fas fa-link\"><\/i>\n                        <\/div>\n                        <h6 class=\"info-title text-uppercase text-primary\">Copier l&#8217;URL de la vid\u00e9o \u00e0 partager<\/h6>\n                        <p class=\"description opacity-8\"><\/p>\n                    <\/div>\n                <\/div>\n                <div class=\"col\">\n                    <div class=\"info\">\n                        <div class=\"icon icon-lg icon-shape icon-shape-success shadow rounded-circle\">\n                            <i class=\"fas fa-paste\"><\/i>\n                        <\/div>\n                        <h6 class=\"info-title text-uppercase text-success\">Collez-la dans le champ ci-dessus<\/h6>\n                        <p class=\"description opacity-8\"><\/p>\n                    <\/div>\n                <\/div>\n                <div class=\"col\">\n                    <div class=\"info\">\n                        <div class=\"icon icon-lg icon-shape icon-shape-info shadow rounded-circle\">\n                            <i class=\"fas fa-download\"><\/i>\n                        <\/div>\n                        <h6 class=\"info-title text-uppercase text-info\">Cliquez sur le bouton de t\u00e9l\u00e9chargement<\/h6>\n                        <p class=\"description opacity-8\"><\/p>\n                    <\/div>\n                <\/div>\n            <\/div>\n        <\/div>\n    <\/div>\n","protected":false},"excerpt":{"rendered":"<p>T\u00e9l\u00e9chargeur de vid\u00e9os Media.ccc.de est un outil sp\u00e9cialis\u00e9 con\u00e7u pour t\u00e9l\u00e9charger des vid\u00e9os \u00e0 partir&hellip;<\/p>\n","protected":false},"author":1,"featured_media":0,"parent":0,"menu_order":0,"comment_status":"closed","ping_status":"closed","template":"page-templates\/template-downloader.php","meta":{"footnotes":""},"class_list":["post-2196","page","type-page","status-publish","hentry"],"_links":{"self":[{"href":"https:\/\/www.tikdd.cc\/i\/wp-json\/wp\/v2\/pages\/2196","targetHints":{"allow":["GET"]}}],"collection":[{"href":"https:\/\/www.tikdd.cc\/i\/wp-json\/wp\/v2\/pages"}],"about":[{"href":"https:\/\/www.tikdd.cc\/i\/wp-json\/wp\/v2\/types\/page"}],"author":[{"embeddable":true,"href":"https:\/\/www.tikdd.cc\/i\/wp-json\/wp\/v2\/users\/1"}],"replies":[{"embeddable":true,"href":"https:\/\/www.tikdd.cc\/i\/wp-json\/wp\/v2\/comments?post=2196"}],"version-history":[{"count":1,"href":"https:\/\/www.tikdd.cc\/i\/wp-json\/wp\/v2\/pages\/2196\/revisions"}],"predecessor-version":[{"id":2197,"href":"https:\/\/www.tikdd.cc\/i\/wp-json\/wp\/v2\/pages\/2196\/revisions\/2197"}],"wp:attachment":[{"href":"https:\/\/www.tikdd.cc\/i\/wp-json\/wp\/v2\/media?parent=2196"}],"curies":[{"name":"wp","href":"https:\/\/api.w.org\/{rel}","templated":true}]}}