{"id":2193,"date":"2025-01-08T07:30:49","date_gmt":"2025-01-08T07:30:49","guid":{"rendered":"https:\/\/www.tikdd.cc\/i\/?page_id=2193"},"modified":"2025-01-08T07:31:09","modified_gmt":"2025-01-08T07:31:09","slug":"telecharger-video-mdr","status":"publish","type":"page","link":"https:\/\/www.tikdd.cc\/i\/fr\/telecharger-video-mdr\/","title":{"rendered":"T\u00e9l\u00e9charger Vid\u00e9o\u00a0MDR"},"content":{"rendered":"\n<p><strong>T\u00e9l\u00e9chargeur de vid\u00e9os MDR<\/strong> est un outil gratuit con\u00e7u pour t\u00e9l\u00e9charger des vid\u00e9os de <a href=\"https:\/\/www.mdr.de\/\" rel=\"nofollow noopener\" target=\"_blank\">MDR<\/a> (Mitteldeutscher Rundfunk), un r\u00e9seau de radiodiffusion public allemand. Ce t\u00e9l\u00e9chargeur permet aux utilisateurs d&#8217;enregistrer des vid\u00e9os de haute qualit\u00e9 dans des formats tels que .mp4 pour un visionnage hors ligne. En collant l&#8217;URL de la vid\u00e9o dans l&#8217;outil, les utilisateurs peuvent acc\u00e9der rapidement aux documentaires, aux actualit\u00e9s, aux programmes culturels et \u00e0 d&#8217;autres contenus fournis par MDR. Le t\u00e9l\u00e9chargeur est convivial et efficace, id\u00e9al pour ceux qui souhaitent profiter du contenu de MDR sans connexion internet.<\/p>\n\n\n\n<p>Exemple d&#8217;URL &gt;&gt;&gt; https:\/\/www.mdr.de\/video\/mdr-videos\/f\/video-844784.html<\/p>\n\n\n\n<div class=\"section features-1\">\n        <div class=\"container\">\n            <div class=\"row\">\n                <div class=\"col-md-8 mx-auto text-center\">\n                    <h2 class=\"display-4 mb-5\"><a href=\"#\" target=\"_blank\">Comment t\u00e9l\u00e9charger des vid\u00e9os de MDR ?<\/a><\/h2>\n                <\/div>\n            <\/div>\n            <div class=\"row text-center\">\n                <div class=\"col\">\n                    <div class=\"info\">\n                        <div class=\"icon icon-lg icon-shape icon-shape-primary shadow rounded-circle\">\n                            <i class=\"fas fa-link\"><\/i>\n                        <\/div>\n                        <h6 class=\"info-title text-uppercase text-primary\">Copier l&#8217;URL de la vid\u00e9o \u00e0 partager<\/h6>\n                        <p class=\"description opacity-8\"><\/p>\n                    <\/div>\n                <\/div>\n                <div class=\"col\">\n                    <div class=\"info\">\n                        <div class=\"icon icon-lg icon-shape icon-shape-success shadow rounded-circle\">\n                            <i class=\"fas fa-paste\"><\/i>\n                        <\/div>\n                        <h6 class=\"info-title text-uppercase text-success\">Collez-la dans le champ ci-dessus<\/h6>\n                        <p class=\"description opacity-8\"><\/p>\n                    <\/div>\n                <\/div>\n                <div class=\"col\">\n                    <div class=\"info\">\n                        <div class=\"icon icon-lg icon-shape icon-shape-info shadow rounded-circle\">\n                            <i class=\"fas fa-download\"><\/i>\n                        <\/div>\n                        <h6 class=\"info-title text-uppercase text-info\">Cliquez sur le bouton de t\u00e9l\u00e9chargement<\/h6>\n                        <p class=\"description opacity-8\"><\/p>\n                    <\/div>\n                <\/div>\n            <\/div>\n        <\/div>\n    <\/div>\n","protected":false},"excerpt":{"rendered":"<p>T\u00e9l\u00e9chargeur de vid\u00e9os MDR est un outil gratuit con\u00e7u pour t\u00e9l\u00e9charger des vid\u00e9os de MDR&hellip;<\/p>\n","protected":false},"author":1,"featured_media":0,"parent":0,"menu_order":0,"comment_status":"closed","ping_status":"closed","template":"page-templates\/template-downloader.php","meta":{"footnotes":""},"class_list":["post-2193","page","type-page","status-publish","hentry"],"_links":{"self":[{"href":"https:\/\/www.tikdd.cc\/i\/wp-json\/wp\/v2\/pages\/2193","targetHints":{"allow":["GET"]}}],"collection":[{"href":"https:\/\/www.tikdd.cc\/i\/wp-json\/wp\/v2\/pages"}],"about":[{"href":"https:\/\/www.tikdd.cc\/i\/wp-json\/wp\/v2\/types\/page"}],"author":[{"embeddable":true,"href":"https:\/\/www.tikdd.cc\/i\/wp-json\/wp\/v2\/users\/1"}],"replies":[{"embeddable":true,"href":"https:\/\/www.tikdd.cc\/i\/wp-json\/wp\/v2\/comments?post=2193"}],"version-history":[{"count":2,"href":"https:\/\/www.tikdd.cc\/i\/wp-json\/wp\/v2\/pages\/2193\/revisions"}],"predecessor-version":[{"id":2195,"href":"https:\/\/www.tikdd.cc\/i\/wp-json\/wp\/v2\/pages\/2193\/revisions\/2195"}],"wp:attachment":[{"href":"https:\/\/www.tikdd.cc\/i\/wp-json\/wp\/v2\/media?parent=2193"}],"curies":[{"name":"wp","href":"https:\/\/api.w.org\/{rel}","templated":true}]}}