{"id":2187,"date":"2025-01-08T07:13:35","date_gmt":"2025-01-08T07:13:35","guid":{"rendered":"https:\/\/www.tikdd.cc\/i\/?page_id=2187"},"modified":"2025-01-08T07:13:36","modified_gmt":"2025-01-08T07:13:36","slug":"telecharger-livestream","status":"publish","type":"page","link":"https:\/\/www.tikdd.cc\/i\/fr\/telecharger-livestream\/","title":{"rendered":"T\u00e9l\u00e9charger Livestream"},"content":{"rendered":"\n<p><strong>T\u00e9l\u00e9charger Livestream<\/strong> est un outil gratuit con\u00e7u pour t\u00e9l\u00e9charger des vid\u00e9os et des flux en direct de <a href=\"https:\/\/livestream.com\/watch\" rel=\"nofollow noopener\" target=\"_blank\">Livestream<\/a>, une plateforme utilis\u00e9e pour diffuser des \u00e9v\u00e9nements, des webinaires et des spectacles en direct. Gr\u00e2ce \u00e0 ce t\u00e9l\u00e9chargeur, les utilisateurs peuvent enregistrer des vid\u00e9os dans des formats de haute qualit\u00e9 tels que .mp4, ce qui leur permet d&#8217;acc\u00e9der hors ligne \u00e0 des contenus importants ou m\u00e9morables. En collant l&#8217;URL de la vid\u00e9o ou du flux dans le t\u00e9l\u00e9chargeur, les utilisateurs peuvent r\u00e9cup\u00e9rer efficacement les m\u00e9dias souhait\u00e9s. Cet outil est id\u00e9al pour les organisateurs d&#8217;\u00e9v\u00e9nements, les \u00e9ducateurs et les t\u00e9l\u00e9spectateurs qui souhaitent conserver un enregistrement des sessions en direct.<\/p>\n\n\n\n<p>Exemple d&#8217;URL &gt;&gt;&gt; https:\/\/livestream.com\/accounts\/4838057\/commencement2016\/videos\/123055275<\/p>\n\n\n\n<div class=\"section features-1\">\n        <div class=\"container\">\n            <div class=\"row\">\n                <div class=\"col-md-8 mx-auto text-center\">\n                    <h2 class=\"display-4 mb-5\"><a href=\"#\" target=\"_blank\">Comment t\u00e9l\u00e9charger des vid\u00e9os de Livestream ?<\/a><\/h2>\n                <\/div>\n            <\/div>\n            <div class=\"row text-center\">\n                <div class=\"col\">\n                    <div class=\"info\">\n                        <div class=\"icon icon-lg icon-shape icon-shape-primary shadow rounded-circle\">\n                            <i class=\"fas fa-link\"><\/i>\n                        <\/div>\n                        <h6 class=\"info-title text-uppercase text-primary\">Copier l&#8217;URL de la vid\u00e9o \u00e0 partager<\/h6>\n                        <p class=\"description opacity-8\"><\/p>\n                    <\/div>\n                <\/div>\n                <div class=\"col\">\n                    <div class=\"info\">\n                        <div class=\"icon icon-lg icon-shape icon-shape-success shadow rounded-circle\">\n                            <i class=\"fas fa-paste\"><\/i>\n                        <\/div>\n                        <h6 class=\"info-title text-uppercase text-success\">Collez-la dans le champ ci-dessus<\/h6>\n                        <p class=\"description opacity-8\"><\/p>\n                    <\/div>\n                <\/div>\n                <div class=\"col\">\n                    <div class=\"info\">\n                        <div class=\"icon icon-lg icon-shape icon-shape-info shadow rounded-circle\">\n                            <i class=\"fas fa-download\"><\/i>\n                        <\/div>\n                        <h6 class=\"info-title text-uppercase text-info\">Cliquez sur le bouton de t\u00e9l\u00e9chargement<\/h6>\n                        <p class=\"description opacity-8\"><\/p>\n                    <\/div>\n                <\/div>\n            <\/div>\n        <\/div>\n    <\/div>\n","protected":false},"excerpt":{"rendered":"<p>T\u00e9l\u00e9charger Livestream est un outil gratuit con\u00e7u pour t\u00e9l\u00e9charger des vid\u00e9os et des flux en&hellip;<\/p>\n","protected":false},"author":1,"featured_media":0,"parent":0,"menu_order":0,"comment_status":"closed","ping_status":"closed","template":"page-templates\/template-downloader.php","meta":{"footnotes":""},"class_list":["post-2187","page","type-page","status-publish","hentry"],"_links":{"self":[{"href":"https:\/\/www.tikdd.cc\/i\/wp-json\/wp\/v2\/pages\/2187","targetHints":{"allow":["GET"]}}],"collection":[{"href":"https:\/\/www.tikdd.cc\/i\/wp-json\/wp\/v2\/pages"}],"about":[{"href":"https:\/\/www.tikdd.cc\/i\/wp-json\/wp\/v2\/types\/page"}],"author":[{"embeddable":true,"href":"https:\/\/www.tikdd.cc\/i\/wp-json\/wp\/v2\/users\/1"}],"replies":[{"embeddable":true,"href":"https:\/\/www.tikdd.cc\/i\/wp-json\/wp\/v2\/comments?post=2187"}],"version-history":[{"count":1,"href":"https:\/\/www.tikdd.cc\/i\/wp-json\/wp\/v2\/pages\/2187\/revisions"}],"predecessor-version":[{"id":2188,"href":"https:\/\/www.tikdd.cc\/i\/wp-json\/wp\/v2\/pages\/2187\/revisions\/2188"}],"wp:attachment":[{"href":"https:\/\/www.tikdd.cc\/i\/wp-json\/wp\/v2\/media?parent=2187"}],"curies":[{"name":"wp","href":"https:\/\/api.w.org\/{rel}","templated":true}]}}