{"id":2183,"date":"2025-01-08T07:08:52","date_gmt":"2025-01-08T07:08:52","guid":{"rendered":"https:\/\/www.tikdd.cc\/i\/?page_id=2183"},"modified":"2025-01-08T07:08:52","modified_gmt":"2025-01-08T07:08:52","slug":"telecharger-video-kakao","status":"publish","type":"page","link":"https:\/\/www.tikdd.cc\/i\/fr\/telecharger-video-kakao\/","title":{"rendered":"T\u00e9l\u00e9charger Vid\u00e9o\u00a0Kakao"},"content":{"rendered":"\n<p><strong>T\u00e9l\u00e9chargeur de vid\u00e9os Kakao<\/strong> est un outil pratique con\u00e7u pour t\u00e9l\u00e9charger des vid\u00e9os \u00e0 partir de <a href=\"https:\/\/tv.kakao.com\/\" rel=\"nofollow noopener\" target=\"_blank\">Kakao<\/a>, une plateforme sud-cor\u00e9enne populaire offrant un contenu vari\u00e9, y compris des dramatiques, des divertissements et des vid\u00e9os t\u00e9l\u00e9charg\u00e9es par les utilisateurs. Ce t\u00e9l\u00e9chargeur permet aux utilisateurs d&#8217;enregistrer des vid\u00e9os dans des formats haute d\u00e9finition tels que .mp4 pour un visionnage hors ligne. En collant l&#8217;URL de la vid\u00e9o dans l&#8217;outil, les utilisateurs peuvent acc\u00e9der rapidement \u00e0 leur contenu Kakao pr\u00e9f\u00e9r\u00e9 sans avoir besoin d&#8217;une connexion internet. Le t\u00e9l\u00e9chargeur est rapide, gratuit et facile \u00e0 utiliser, ce qui en fait un outil id\u00e9al pour les amateurs de m\u00e9dias cor\u00e9ens.<\/p>\n\n\n\n<p>Exemple d&#8217;URL &gt;&gt;&gt; https:\/\/tv.kakao.com\/channel\/1508\/cliplink\/451480441<\/p>\n\n\n\n<div class=\"section features-1\">\n        <div class=\"container\">\n            <div class=\"row\">\n                <div class=\"col-md-8 mx-auto text-center\">\n                    <h2 class=\"display-4 mb-5\"><a href=\"#\" target=\"_blank\">Comment t\u00e9l\u00e9charger des vid\u00e9os de Kakao ?<\/a><\/h2>\n                <\/div>\n            <\/div>\n            <div class=\"row text-center\">\n                <div class=\"col\">\n                    <div class=\"info\">\n                        <div class=\"icon icon-lg icon-shape icon-shape-primary shadow rounded-circle\">\n                            <i class=\"fas fa-link\"><\/i>\n                        <\/div>\n                        <h6 class=\"info-title text-uppercase text-primary\">Copier l&#8217;URL de la vid\u00e9o \u00e0 partager<\/h6>\n                        <p class=\"description opacity-8\"><\/p>\n                    <\/div>\n                <\/div>\n                <div class=\"col\">\n                    <div class=\"info\">\n                        <div class=\"icon icon-lg icon-shape icon-shape-success shadow rounded-circle\">\n                            <i class=\"fas fa-paste\"><\/i>\n                        <\/div>\n                        <h6 class=\"info-title text-uppercase text-success\">Collez-la dans le champ ci-dessus<\/h6>\n                        <p class=\"description opacity-8\"><\/p>\n                    <\/div>\n                <\/div>\n                <div class=\"col\">\n                    <div class=\"info\">\n                        <div class=\"icon icon-lg icon-shape icon-shape-info shadow rounded-circle\">\n                            <i class=\"fas fa-download\"><\/i>\n                        <\/div>\n                        <h6 class=\"info-title text-uppercase text-info\">Cliquez sur le bouton de t\u00e9l\u00e9chargement<\/h6>\n                        <p class=\"description opacity-8\"><\/p>\n                    <\/div>\n                <\/div>\n            <\/div>\n        <\/div>\n    <\/div>\n","protected":false},"excerpt":{"rendered":"<p>T\u00e9l\u00e9chargeur de vid\u00e9os Kakao est un outil pratique con\u00e7u pour t\u00e9l\u00e9charger des vid\u00e9os \u00e0 partir&hellip;<\/p>\n","protected":false},"author":1,"featured_media":0,"parent":0,"menu_order":0,"comment_status":"closed","ping_status":"closed","template":"page-templates\/template-downloader.php","meta":{"footnotes":""},"class_list":["post-2183","page","type-page","status-publish","hentry"],"_links":{"self":[{"href":"https:\/\/www.tikdd.cc\/i\/wp-json\/wp\/v2\/pages\/2183","targetHints":{"allow":["GET"]}}],"collection":[{"href":"https:\/\/www.tikdd.cc\/i\/wp-json\/wp\/v2\/pages"}],"about":[{"href":"https:\/\/www.tikdd.cc\/i\/wp-json\/wp\/v2\/types\/page"}],"author":[{"embeddable":true,"href":"https:\/\/www.tikdd.cc\/i\/wp-json\/wp\/v2\/users\/1"}],"replies":[{"embeddable":true,"href":"https:\/\/www.tikdd.cc\/i\/wp-json\/wp\/v2\/comments?post=2183"}],"version-history":[{"count":1,"href":"https:\/\/www.tikdd.cc\/i\/wp-json\/wp\/v2\/pages\/2183\/revisions"}],"predecessor-version":[{"id":2184,"href":"https:\/\/www.tikdd.cc\/i\/wp-json\/wp\/v2\/pages\/2183\/revisions\/2184"}],"wp:attachment":[{"href":"https:\/\/www.tikdd.cc\/i\/wp-json\/wp\/v2\/media?parent=2183"}],"curies":[{"name":"wp","href":"https:\/\/api.w.org\/{rel}","templated":true}]}}