{"id":2172,"date":"2025-01-08T02:29:42","date_gmt":"2025-01-08T02:29:42","guid":{"rendered":"https:\/\/www.tikdd.cc\/i\/?page_id=2172"},"modified":"2025-01-08T02:29:43","modified_gmt":"2025-01-08T02:29:43","slug":"telecharger-video-instagram","status":"publish","type":"page","link":"https:\/\/www.tikdd.cc\/i\/fr\/telecharger-video-instagram\/","title":{"rendered":"T\u00e9l\u00e9charger Vid\u00e9o\u00a0Instagram"},"content":{"rendered":"\n<p>T\u00e9l\u00e9charger Vid\u00e9o\u00a0Instagram est un outil polyvalent permettant de t\u00e9l\u00e9charger du contenu depuis <a href=\"https:\/\/www.instagram.com\/\" rel=\"nofollow noopener\" target=\"_blank\">Instagram<\/a>, notamment des photos, des vid\u00e9os, des Stories, des Reels et des posts IGTV. Ce t\u00e9l\u00e9chargeur permet aux utilisateurs d&#8217;enregistrer des fichiers de haute qualit\u00e9 pour une visualisation hors ligne ou une utilisation personnelle.<\/p>\n\n\n\n<p>Pour l&#8217;utiliser, il suffit de copier l&#8217;URL du contenu souhait\u00e9 sur Instagram, de la coller dans le t\u00e9l\u00e9chargeur et de r\u00e9cup\u00e9rer son fichier rapidement. Il est important de respecter les conditions d&#8217;utilisation et les politiques de copyright d&#8217;Instagram. Le contenu t\u00e9l\u00e9charg\u00e9 ne doit \u00eatre utilis\u00e9 qu&#8217;\u00e0 des fins personnelles, et toute distribution non autoris\u00e9e ou utilisation commerciale est interdite. Veillez toujours \u00e0 une utilisation \u00e9thique et l\u00e9gale du t\u00e9l\u00e9chargeur.<\/p>\n\n\n\n<p>Exemple d&#8217;URL &gt;&gt;&gt; https:\/\/www.instagram.com\/reel\/DDybTcNS6ZD\/<\/p>\n\n\n\n<div class=\"section features-1\">\n        <div class=\"container\">\n            <div class=\"row\">\n                <div class=\"col-md-8 mx-auto text-center\">\n                    <h2 class=\"display-4 mb-5\"><a href=\"#\" target=\"_blank\">Comment t\u00e9l\u00e9charger des vid\u00e9os de Instagram ?<\/a><\/h2>\n                <\/div>\n            <\/div>\n            <div class=\"row text-center\">\n                <div class=\"col\">\n                    <div class=\"info\">\n                        <div class=\"icon icon-lg icon-shape icon-shape-primary shadow rounded-circle\">\n                            <i class=\"fas fa-link\"><\/i>\n                        <\/div>\n                        <h6 class=\"info-title text-uppercase text-primary\">Copier l&#8217;URL de la vid\u00e9o \u00e0 partager<\/h6>\n                        <p class=\"description opacity-8\"><\/p>\n                    <\/div>\n                <\/div>\n                <div class=\"col\">\n                    <div class=\"info\">\n                        <div class=\"icon icon-lg icon-shape icon-shape-success shadow rounded-circle\">\n                            <i class=\"fas fa-paste\"><\/i>\n                        <\/div>\n                        <h6 class=\"info-title text-uppercase text-success\">Collez-la dans le champ ci-dessus<\/h6>\n                        <p class=\"description opacity-8\"><\/p>\n                    <\/div>\n                <\/div>\n                <div class=\"col\">\n                    <div class=\"info\">\n                        <div class=\"icon icon-lg icon-shape icon-shape-info shadow rounded-circle\">\n                            <i class=\"fas fa-download\"><\/i>\n                        <\/div>\n                        <h6 class=\"info-title text-uppercase text-info\">Cliquez sur le bouton de t\u00e9l\u00e9chargement<\/h6>\n                        <p class=\"description opacity-8\"><\/p>\n                    <\/div>\n                <\/div>\n            <\/div>\n        <\/div>\n    <\/div>\n","protected":false},"excerpt":{"rendered":"<p>T\u00e9l\u00e9charger Vid\u00e9o\u00a0Instagram est un outil polyvalent permettant de t\u00e9l\u00e9charger du contenu depuis Instagram, notamment des&hellip;<\/p>\n","protected":false},"author":1,"featured_media":1999,"parent":0,"menu_order":0,"comment_status":"closed","ping_status":"closed","template":"page-templates\/template-downloader.php","meta":{"footnotes":""},"class_list":["post-2172","page","type-page","status-publish","has-post-thumbnail","hentry"],"_links":{"self":[{"href":"https:\/\/www.tikdd.cc\/i\/wp-json\/wp\/v2\/pages\/2172","targetHints":{"allow":["GET"]}}],"collection":[{"href":"https:\/\/www.tikdd.cc\/i\/wp-json\/wp\/v2\/pages"}],"about":[{"href":"https:\/\/www.tikdd.cc\/i\/wp-json\/wp\/v2\/types\/page"}],"author":[{"embeddable":true,"href":"https:\/\/www.tikdd.cc\/i\/wp-json\/wp\/v2\/users\/1"}],"replies":[{"embeddable":true,"href":"https:\/\/www.tikdd.cc\/i\/wp-json\/wp\/v2\/comments?post=2172"}],"version-history":[{"count":1,"href":"https:\/\/www.tikdd.cc\/i\/wp-json\/wp\/v2\/pages\/2172\/revisions"}],"predecessor-version":[{"id":2173,"href":"https:\/\/www.tikdd.cc\/i\/wp-json\/wp\/v2\/pages\/2172\/revisions\/2173"}],"wp:featuredmedia":[{"embeddable":true,"href":"https:\/\/www.tikdd.cc\/i\/wp-json\/wp\/v2\/media\/1999"}],"wp:attachment":[{"href":"https:\/\/www.tikdd.cc\/i\/wp-json\/wp\/v2\/media?parent=2172"}],"curies":[{"name":"wp","href":"https:\/\/api.w.org\/{rel}","templated":true}]}}