{"id":2166,"date":"2025-01-07T13:57:57","date_gmt":"2025-01-07T13:57:57","guid":{"rendered":"https:\/\/www.tikdd.cc\/i\/?page_id=2166"},"modified":"2025-01-07T13:57:59","modified_gmt":"2025-01-07T13:57:59","slug":"telecharger-video-huffpost","status":"publish","type":"page","link":"https:\/\/www.tikdd.cc\/i\/fr\/telecharger-video-huffpost\/","title":{"rendered":"T\u00e9l\u00e9charger Vid\u00e9o\u00a0Huffpost"},"content":{"rendered":"\n<p><strong>T\u00e9l\u00e9chargeur de vid\u00e9os HuffPost<\/strong> est un outil con\u00e7u pour t\u00e9l\u00e9charger des vid\u00e9os \u00e0 partir de <a href=\"https:\/\/www.huffpost.com\/\" rel=\"nofollow noopener\" target=\"_blank\">HuffPost<\/a>, une plateforme de premier plan pour les actualit\u00e9s, le divertissement et le style de vie. En collant l&#8217;URL de la vid\u00e9o dans le t\u00e9l\u00e9chargeur, les utilisateurs peuvent enregistrer des vid\u00e9os de haute qualit\u00e9 dans des formats tels que .mp4 pour les visionner hors ligne. Cet outil est id\u00e9al pour ceux qui souhaitent acc\u00e9der \u00e0 des reportages, des interviews ou des articles de fond sans avoir besoin d&#8217;une connexion internet. Le t\u00e9l\u00e9chargeur offre une exp\u00e9rience rapide et conviviale tout en pr\u00e9servant la qualit\u00e9 de la vid\u00e9o originale.<\/p>\n\n\n\n<p>Exemple d&#8217;URL &gt;&gt;&gt; https:\/\/www.huffpost.com\/entry\/once-again-america-has-showed-us-exactly-who-it-is_n_67326d6ee4b080b0b2b23f54<\/p>\n\n\n\n<div class=\"section features-1\">\n        <div class=\"container\">\n            <div class=\"row\">\n                <div class=\"col-md-8 mx-auto text-center\">\n                    <h2 class=\"display-4 mb-5\"><a href=\"#\" target=\"_blank\">Comment t\u00e9l\u00e9charger des vid\u00e9os de Huffpost ?<\/a><\/h2>\n                <\/div>\n            <\/div>\n            <div class=\"row text-center\">\n                <div class=\"col\">\n                    <div class=\"info\">\n                        <div class=\"icon icon-lg icon-shape icon-shape-primary shadow rounded-circle\">\n                            <i class=\"fas fa-link\"><\/i>\n                        <\/div>\n                        <h6 class=\"info-title text-uppercase text-primary\">Copier l&#8217;URL de la vid\u00e9o \u00e0 partager<\/h6>\n                        <p class=\"description opacity-8\"><\/p>\n                    <\/div>\n                <\/div>\n                <div class=\"col\">\n                    <div class=\"info\">\n                        <div class=\"icon icon-lg icon-shape icon-shape-success shadow rounded-circle\">\n                            <i class=\"fas fa-paste\"><\/i>\n                        <\/div>\n                        <h6 class=\"info-title text-uppercase text-success\">Collez-la dans le champ ci-dessus<\/h6>\n                        <p class=\"description opacity-8\"><\/p>\n                    <\/div>\n                <\/div>\n                <div class=\"col\">\n                    <div class=\"info\">\n                        <div class=\"icon icon-lg icon-shape icon-shape-info shadow rounded-circle\">\n                            <i class=\"fas fa-download\"><\/i>\n                        <\/div>\n                        <h6 class=\"info-title text-uppercase text-info\">Cliquez sur le bouton de t\u00e9l\u00e9chargement<\/h6>\n                        <p class=\"description opacity-8\"><\/p>\n                    <\/div>\n                <\/div>\n            <\/div>\n        <\/div>\n    <\/div>\n","protected":false},"excerpt":{"rendered":"<p>T\u00e9l\u00e9chargeur de vid\u00e9os HuffPost est un outil con\u00e7u pour t\u00e9l\u00e9charger des vid\u00e9os \u00e0 partir de&hellip;<\/p>\n","protected":false},"author":1,"featured_media":0,"parent":0,"menu_order":0,"comment_status":"closed","ping_status":"closed","template":"page-templates\/template-downloader.php","meta":{"footnotes":""},"class_list":["post-2166","page","type-page","status-publish","hentry"],"_links":{"self":[{"href":"https:\/\/www.tikdd.cc\/i\/wp-json\/wp\/v2\/pages\/2166","targetHints":{"allow":["GET"]}}],"collection":[{"href":"https:\/\/www.tikdd.cc\/i\/wp-json\/wp\/v2\/pages"}],"about":[{"href":"https:\/\/www.tikdd.cc\/i\/wp-json\/wp\/v2\/types\/page"}],"author":[{"embeddable":true,"href":"https:\/\/www.tikdd.cc\/i\/wp-json\/wp\/v2\/users\/1"}],"replies":[{"embeddable":true,"href":"https:\/\/www.tikdd.cc\/i\/wp-json\/wp\/v2\/comments?post=2166"}],"version-history":[{"count":1,"href":"https:\/\/www.tikdd.cc\/i\/wp-json\/wp\/v2\/pages\/2166\/revisions"}],"predecessor-version":[{"id":2167,"href":"https:\/\/www.tikdd.cc\/i\/wp-json\/wp\/v2\/pages\/2166\/revisions\/2167"}],"wp:attachment":[{"href":"https:\/\/www.tikdd.cc\/i\/wp-json\/wp\/v2\/media?parent=2166"}],"curies":[{"name":"wp","href":"https:\/\/api.w.org\/{rel}","templated":true}]}}