{"id":2164,"date":"2025-01-07T13:55:50","date_gmt":"2025-01-07T13:55:50","guid":{"rendered":"https:\/\/www.tikdd.cc\/i\/?page_id=2164"},"modified":"2025-01-07T13:55:54","modified_gmt":"2025-01-07T13:55:54","slug":"huffpost-video-downloaden","status":"publish","type":"page","link":"https:\/\/www.tikdd.cc\/i\/de\/huffpost-video-downloaden\/","title":{"rendered":"Huffpost Video Downloaden"},"content":{"rendered":"\n<p>HuffPost Video Downloaden ist ein Tool zum Herunterladen von Videos von <a href=\"https:\/\/www.huffpost.com\/\" rel=\"nofollow noopener\" target=\"_blank\">HuffPost<\/a>, einer f\u00fchrenden Plattform f\u00fcr Nachrichten, Unterhaltung und Lifestyle-Inhalte. Durch Einf\u00fcgen der Video-URL in den Downloader k\u00f6nnen Nutzer hochwertige Videos in Formaten wie .mp4 f\u00fcr die Offline-Ansicht speichern. Dieses Tool ist ideal f\u00fcr alle, die auf Nachrichtenberichte, Interviews oder Reportagen zugreifen m\u00f6chten, ohne eine Internetverbindung zu ben\u00f6tigen. Der Downloader bietet ein schnelles und benutzerfreundliches Erlebnis unter Beibehaltung der urspr\u00fcnglichen Videoqualit\u00e4t.<\/p>\n\n\n\n<p>Beispiel-URL &gt;&gt;&gt; https:\/\/www.huffpost.com\/entry\/once-again-america-has-showed-us-exactly-who-it-is_n_67326d6ee4b080b0b2b23f54<\/p>\n\n\n\n<div class=\"section features-1\">\n        <div class=\"container\">\n            <div class=\"row\">\n                <div class=\"col-md-8 mx-auto text-center\">\n                    <h2 class=\"display-4 mb-5\">Wie l\u00e4dt man Videos von Huffpost herunter?<\/h2>\n                <\/div>\n            <\/div>\n            <div class=\"row text-center\">\n                <div class=\"col\">\n                    <div class=\"info\">\n                        <div class=\"icon icon-lg icon-shape icon-shape-primary shadow rounded-circle\">\n                            <i class=\"fas fa-link\"><\/i>\n                        <\/div>\n                        <h6 class=\"info-title text-uppercase text-primary\">URL des teilbaren Videos kopieren<\/h6>\n                        <p class=\"description opacity-8\"><\/p>\n                    <\/div>\n                <\/div>\n                <div class=\"col\">\n                    <div class=\"info\">\n                        <div class=\"icon icon-lg icon-shape icon-shape-success shadow rounded-circle\">\n                            <i class=\"fas fa-paste\"><\/i>\n                        <\/div>\n                        <h6 class=\"info-title text-uppercase text-success\">F\u00fcgen Sie es in das Feld oben ein<\/h6>\n                        <p class=\"description opacity-8\"><\/p>\n                    <\/div>\n                <\/div>\n                <div class=\"col\">\n                    <div class=\"info\">\n                        <div class=\"icon icon-lg icon-shape icon-shape-info shadow rounded-circle\">\n                            <i class=\"fas fa-download\"><\/i>\n                        <\/div>\n                        <h6 class=\"info-title text-uppercase text-info\">Klicken Sie auf Download<\/h6>\n                        <p class=\"description opacity-8\"><\/p>\n                    <\/div>\n                <\/div>\n            <\/div>\n        <\/div>\n    <\/div>\n","protected":false},"excerpt":{"rendered":"<p>HuffPost Video Downloaden ist ein Tool zum Herunterladen von Videos von HuffPost, einer f\u00fchrenden Plattform&hellip;<\/p>\n","protected":false},"author":1,"featured_media":0,"parent":0,"menu_order":0,"comment_status":"closed","ping_status":"closed","template":"page-templates\/template-downloader.php","meta":{"footnotes":""},"class_list":["post-2164","page","type-page","status-publish","hentry"],"_links":{"self":[{"href":"https:\/\/www.tikdd.cc\/i\/wp-json\/wp\/v2\/pages\/2164","targetHints":{"allow":["GET"]}}],"collection":[{"href":"https:\/\/www.tikdd.cc\/i\/wp-json\/wp\/v2\/pages"}],"about":[{"href":"https:\/\/www.tikdd.cc\/i\/wp-json\/wp\/v2\/types\/page"}],"author":[{"embeddable":true,"href":"https:\/\/www.tikdd.cc\/i\/wp-json\/wp\/v2\/users\/1"}],"replies":[{"embeddable":true,"href":"https:\/\/www.tikdd.cc\/i\/wp-json\/wp\/v2\/comments?post=2164"}],"version-history":[{"count":1,"href":"https:\/\/www.tikdd.cc\/i\/wp-json\/wp\/v2\/pages\/2164\/revisions"}],"predecessor-version":[{"id":2165,"href":"https:\/\/www.tikdd.cc\/i\/wp-json\/wp\/v2\/pages\/2164\/revisions\/2165"}],"wp:attachment":[{"href":"https:\/\/www.tikdd.cc\/i\/wp-json\/wp\/v2\/media?parent=2164"}],"curies":[{"name":"wp","href":"https:\/\/api.w.org\/{rel}","templated":true}]}}