{"id":2146,"date":"2025-01-07T12:43:41","date_gmt":"2025-01-07T12:43:41","guid":{"rendered":"https:\/\/www.tikdd.cc\/i\/?page_id=2146"},"modified":"2025-01-07T12:43:45","modified_gmt":"2025-01-07T12:43:45","slug":"telecharger-video-disney","status":"publish","type":"page","link":"https:\/\/www.tikdd.cc\/i\/fr\/telecharger-video-disney\/","title":{"rendered":"T\u00e9l\u00e9charger Vid\u00e9o\u00a0Disney"},"content":{"rendered":"\n<p><strong>T\u00e9l\u00e9chargeur de vid\u00e9os Disney<\/strong> est un outil gratuit et facile \u00e0 utiliser pour t\u00e9l\u00e9charger des vid\u00e9os \u00e0 partir des plateformes <a href=\"https:\/\/www.disney.com\/\" rel=\"nofollow noopener\" target=\"_blank\">Disney<\/a>, y compris des \u00e9missions exclusives, des films et des clips. Ce t\u00e9l\u00e9chargeur permet aux utilisateurs d&#8217;enregistrer le contenu dans des formats haute d\u00e9finition tels que .mp4, ce qui le rend parfait pour un visionnage hors ligne. En collant simplement l&#8217;URL de la vid\u00e9o, les utilisateurs peuvent acc\u00e9der rapidement \u00e0 leurs contenus Disney pr\u00e9f\u00e9r\u00e9s, des animations classiques aux derni\u00e8res nouveaut\u00e9s.<\/p>\n\n\n\n<p>Exemple d&#8217;URL &gt;&gt;&gt; https:\/\/video.disney.com\/watch\/disneys-snow-white-official-trailer-in-theaters-march-21-62860e3038a21dec84551fce<\/p>\n\n\n\n<div class=\"section features-1\">\n        <div class=\"container\">\n            <div class=\"row\">\n                <div class=\"col-md-8 mx-auto text-center\">\n                    <h2 class=\"display-4 mb-5\"><a href=\"#\" target=\"_blank\">Comment t\u00e9l\u00e9charger des vid\u00e9os de Disney ?<\/a><\/h2>\n                <\/div>\n            <\/div>\n            <div class=\"row text-center\">\n                <div class=\"col\">\n                    <div class=\"info\">\n                        <div class=\"icon icon-lg icon-shape icon-shape-primary shadow rounded-circle\">\n                            <i class=\"fas fa-link\"><\/i>\n                        <\/div>\n                        <h6 class=\"info-title text-uppercase text-primary\">Copier l&#8217;URL de la vid\u00e9o \u00e0 partager<\/h6>\n                        <p class=\"description opacity-8\"><\/p>\n                    <\/div>\n                <\/div>\n                <div class=\"col\">\n                    <div class=\"info\">\n                        <div class=\"icon icon-lg icon-shape icon-shape-success shadow rounded-circle\">\n                            <i class=\"fas fa-paste\"><\/i>\n                        <\/div>\n                        <h6 class=\"info-title text-uppercase text-success\">Collez-la dans le champ ci-dessus<\/h6>\n                        <p class=\"description opacity-8\"><\/p>\n                    <\/div>\n                <\/div>\n                <div class=\"col\">\n                    <div class=\"info\">\n                        <div class=\"icon icon-lg icon-shape icon-shape-info shadow rounded-circle\">\n                            <i class=\"fas fa-download\"><\/i>\n                        <\/div>\n                        <h6 class=\"info-title text-uppercase text-info\">Cliquez sur le bouton de t\u00e9l\u00e9chargement<\/h6>\n                        <p class=\"description opacity-8\"><\/p>\n                    <\/div>\n                <\/div>\n            <\/div>\n        <\/div>\n    <\/div>\n","protected":false},"excerpt":{"rendered":"<p>T\u00e9l\u00e9chargeur de vid\u00e9os Disney est un outil gratuit et facile \u00e0 utiliser pour t\u00e9l\u00e9charger des&hellip;<\/p>\n","protected":false},"author":1,"featured_media":0,"parent":0,"menu_order":0,"comment_status":"closed","ping_status":"closed","template":"page-templates\/template-downloader.php","meta":{"footnotes":""},"class_list":["post-2146","page","type-page","status-publish","hentry"],"_links":{"self":[{"href":"https:\/\/www.tikdd.cc\/i\/wp-json\/wp\/v2\/pages\/2146","targetHints":{"allow":["GET"]}}],"collection":[{"href":"https:\/\/www.tikdd.cc\/i\/wp-json\/wp\/v2\/pages"}],"about":[{"href":"https:\/\/www.tikdd.cc\/i\/wp-json\/wp\/v2\/types\/page"}],"author":[{"embeddable":true,"href":"https:\/\/www.tikdd.cc\/i\/wp-json\/wp\/v2\/users\/1"}],"replies":[{"embeddable":true,"href":"https:\/\/www.tikdd.cc\/i\/wp-json\/wp\/v2\/comments?post=2146"}],"version-history":[{"count":1,"href":"https:\/\/www.tikdd.cc\/i\/wp-json\/wp\/v2\/pages\/2146\/revisions"}],"predecessor-version":[{"id":2148,"href":"https:\/\/www.tikdd.cc\/i\/wp-json\/wp\/v2\/pages\/2146\/revisions\/2148"}],"wp:attachment":[{"href":"https:\/\/www.tikdd.cc\/i\/wp-json\/wp\/v2\/media?parent=2146"}],"curies":[{"name":"wp","href":"https:\/\/api.w.org\/{rel}","templated":true}]}}