{"id":2136,"date":"2025-01-07T12:20:50","date_gmt":"2025-01-07T12:20:50","guid":{"rendered":"https:\/\/www.tikdd.cc\/i\/?page_id=2136"},"modified":"2025-01-07T12:22:10","modified_gmt":"2025-01-07T12:22:10","slug":"ctv-video-downloaden","status":"publish","type":"page","link":"https:\/\/www.tikdd.cc\/i\/de\/ctv-video-downloaden\/","title":{"rendered":"CTV Video Downloaden"},"content":{"rendered":"\n<p>CTV Video Downloaden ist ein Tool zum Herunterladen von Videos von CTV und CTV News, zwei der f\u00fchrenden kanadischen Plattformen f\u00fcr Unterhaltung, Nachrichten und Live-\u00dcbertragungen. Indem Benutzer die Video-URL kopieren und in den Downloader einf\u00fcgen, k\u00f6nnen sie Inhalte in hochwertigen Formaten wie .mp4 speichern, um sie offline anzusehen. Dieses Tool ist perfekt f\u00fcr den Zugriff auf Fernsehsendungen, Nachrichtenberichte und exklusive Inhalte geeignet, ohne dass eine Internetverbindung erforderlich ist. Es unterst\u00fctzt eine Reihe von Videos auf beiden Plattformen und gew\u00e4hrleistet so ein nahtloses Benutzererlebnis.<\/p>\n\n\n\n<p>Beispiel-URL &gt;&gt;&gt; https:\/\/www.ctvnews.ca\/video\/c3007388-fall-flea-and-tick-prevention<\/p>\n\n\n\n<div class=\"section features-1\">\n        <div class=\"container\">\n            <div class=\"row\">\n                <div class=\"col-md-8 mx-auto text-center\">\n                    <h2 class=\"display-4 mb-5\">Wie l\u00e4dt man Videos von CTV herunter?<\/h2>\n                <\/div>\n            <\/div>\n            <div class=\"row text-center\">\n                <div class=\"col\">\n                    <div class=\"info\">\n                        <div class=\"icon icon-lg icon-shape icon-shape-primary shadow rounded-circle\">\n                            <i class=\"fas fa-link\"><\/i>\n                        <\/div>\n                        <h6 class=\"info-title text-uppercase text-primary\">URL des teilbaren Videos kopieren<\/h6>\n                        <p class=\"description opacity-8\"><\/p>\n                    <\/div>\n                <\/div>\n                <div class=\"col\">\n                    <div class=\"info\">\n                        <div class=\"icon icon-lg icon-shape icon-shape-success shadow rounded-circle\">\n                            <i class=\"fas fa-paste\"><\/i>\n                        <\/div>\n                        <h6 class=\"info-title text-uppercase text-success\">F\u00fcgen Sie es in das Feld oben ein<\/h6>\n                        <p class=\"description opacity-8\"><\/p>\n                    <\/div>\n                <\/div>\n                <div class=\"col\">\n                    <div class=\"info\">\n                        <div class=\"icon icon-lg icon-shape icon-shape-info shadow rounded-circle\">\n                            <i class=\"fas fa-download\"><\/i>\n                        <\/div>\n                        <h6 class=\"info-title text-uppercase text-info\">Klicken Sie auf Download<\/h6>\n                        <p class=\"description opacity-8\"><\/p>\n                    <\/div>\n                <\/div>\n            <\/div>\n        <\/div>\n    <\/div>\n","protected":false},"excerpt":{"rendered":"<p>CTV Video Downloaden ist ein Tool zum Herunterladen von Videos von CTV und CTV News,&hellip;<\/p>\n","protected":false},"author":1,"featured_media":0,"parent":0,"menu_order":0,"comment_status":"closed","ping_status":"closed","template":"page-templates\/template-downloader.php","meta":{"footnotes":""},"class_list":["post-2136","page","type-page","status-publish","hentry"],"_links":{"self":[{"href":"https:\/\/www.tikdd.cc\/i\/wp-json\/wp\/v2\/pages\/2136","targetHints":{"allow":["GET"]}}],"collection":[{"href":"https:\/\/www.tikdd.cc\/i\/wp-json\/wp\/v2\/pages"}],"about":[{"href":"https:\/\/www.tikdd.cc\/i\/wp-json\/wp\/v2\/types\/page"}],"author":[{"embeddable":true,"href":"https:\/\/www.tikdd.cc\/i\/wp-json\/wp\/v2\/users\/1"}],"replies":[{"embeddable":true,"href":"https:\/\/www.tikdd.cc\/i\/wp-json\/wp\/v2\/comments?post=2136"}],"version-history":[{"count":1,"href":"https:\/\/www.tikdd.cc\/i\/wp-json\/wp\/v2\/pages\/2136\/revisions"}],"predecessor-version":[{"id":2137,"href":"https:\/\/www.tikdd.cc\/i\/wp-json\/wp\/v2\/pages\/2136\/revisions\/2137"}],"wp:attachment":[{"href":"https:\/\/www.tikdd.cc\/i\/wp-json\/wp\/v2\/media?parent=2136"}],"curies":[{"name":"wp","href":"https:\/\/api.w.org\/{rel}","templated":true}]}}