{"id":2120,"date":"2025-01-07T08:31:19","date_gmt":"2025-01-07T08:31:19","guid":{"rendered":"https:\/\/www.tikdd.cc\/i\/?page_id=2120"},"modified":"2025-01-07T08:31:20","modified_gmt":"2025-01-07T08:31:20","slug":"telecharger-video-cbs-news","status":"publish","type":"page","link":"https:\/\/www.tikdd.cc\/i\/fr\/telecharger-video-cbs-news\/","title":{"rendered":"T\u00e9l\u00e9charger Vid\u00e9o\u00a0CBS News"},"content":{"rendered":"\n<p><strong>T\u00e9l\u00e9chargeur de vid\u00e9os CBS News<\/strong> est un outil con\u00e7u pour t\u00e9l\u00e9charger des vid\u00e9os de CBS News, une source fiable d&#8217;informations de derni\u00e8re minute, de reportages approfondis et d&#8217;\u00e9missions en direct. En collant l&#8217;URL de la vid\u00e9o dans le t\u00e9l\u00e9chargeur, les utilisateurs peuvent enregistrer le contenu dans des formats haute d\u00e9finition tels que .mp4 pour une visualisation hors ligne. Cet outil est id\u00e9al pour ceux qui souhaitent acc\u00e9der \u00e0 d&#8217;importantes s\u00e9quences d&#8217;actualit\u00e9, \u00e0 des documentaires et \u00e0 des reportages sp\u00e9ciaux sans d\u00e9pendre d&#8217;une connexion internet.<\/p>\n\n\n\n<p>Exemple d&#8217;URL &gt;&gt;&gt; https:\/\/www.cbsnews.com\/video\/magnitude-7-0-earthquake-rattles-northern-california\/<\/p>\n\n\n\n<div class=\"section features-1\">\n        <div class=\"container\">\n            <div class=\"row\">\n                <div class=\"col-md-8 mx-auto text-center\">\n                    <h2 class=\"display-4 mb-5\"><a href=\"https:\/\/www.tikdd.cc\/i\/fr\/comment-telecharger-des-videos-de-pornhub\/\" target=\"_blank\">Comment t\u00e9l\u00e9charger des vid\u00e9os de CBS News ?<\/a><\/h2>\n                <\/div>\n            <\/div>\n            <div class=\"row text-center\">\n                <div class=\"col\">\n                    <div class=\"info\">\n                        <div class=\"icon icon-lg icon-shape icon-shape-primary shadow rounded-circle\">\n                            <i class=\"fas fa-link\"><\/i>\n                        <\/div>\n                        <h6 class=\"info-title text-uppercase text-primary\">Copier l&#8217;URL de la vid\u00e9o \u00e0 partager<\/h6>\n                        <p class=\"description opacity-8\"><\/p>\n                    <\/div>\n                <\/div>\n                <div class=\"col\">\n                    <div class=\"info\">\n                        <div class=\"icon icon-lg icon-shape icon-shape-success shadow rounded-circle\">\n                            <i class=\"fas fa-paste\"><\/i>\n                        <\/div>\n                        <h6 class=\"info-title text-uppercase text-success\">Collez-la dans le champ ci-dessus<\/h6>\n                        <p class=\"description opacity-8\"><\/p>\n                    <\/div>\n                <\/div>\n                <div class=\"col\">\n                    <div class=\"info\">\n                        <div class=\"icon icon-lg icon-shape icon-shape-info shadow rounded-circle\">\n                            <i class=\"fas fa-download\"><\/i>\n                        <\/div>\n                        <h6 class=\"info-title text-uppercase text-info\">Cliquez sur le bouton de t\u00e9l\u00e9chargement<\/h6>\n                        <p class=\"description opacity-8\"><\/p>\n                    <\/div>\n                <\/div>\n            <\/div>\n        <\/div>\n    <\/div>\n","protected":false},"excerpt":{"rendered":"<p>T\u00e9l\u00e9chargeur de vid\u00e9os CBS News est un outil con\u00e7u pour t\u00e9l\u00e9charger des vid\u00e9os de CBS&hellip;<\/p>\n","protected":false},"author":1,"featured_media":0,"parent":0,"menu_order":0,"comment_status":"closed","ping_status":"closed","template":"page-templates\/template-downloader.php","meta":{"footnotes":""},"class_list":["post-2120","page","type-page","status-publish","hentry"],"_links":{"self":[{"href":"https:\/\/www.tikdd.cc\/i\/wp-json\/wp\/v2\/pages\/2120","targetHints":{"allow":["GET"]}}],"collection":[{"href":"https:\/\/www.tikdd.cc\/i\/wp-json\/wp\/v2\/pages"}],"about":[{"href":"https:\/\/www.tikdd.cc\/i\/wp-json\/wp\/v2\/types\/page"}],"author":[{"embeddable":true,"href":"https:\/\/www.tikdd.cc\/i\/wp-json\/wp\/v2\/users\/1"}],"replies":[{"embeddable":true,"href":"https:\/\/www.tikdd.cc\/i\/wp-json\/wp\/v2\/comments?post=2120"}],"version-history":[{"count":1,"href":"https:\/\/www.tikdd.cc\/i\/wp-json\/wp\/v2\/pages\/2120\/revisions"}],"predecessor-version":[{"id":2121,"href":"https:\/\/www.tikdd.cc\/i\/wp-json\/wp\/v2\/pages\/2120\/revisions\/2121"}],"wp:attachment":[{"href":"https:\/\/www.tikdd.cc\/i\/wp-json\/wp\/v2\/media?parent=2120"}],"curies":[{"name":"wp","href":"https:\/\/api.w.org\/{rel}","templated":true}]}}