{"id":2113,"date":"2025-01-07T08:06:02","date_gmt":"2025-01-07T08:06:02","guid":{"rendered":"https:\/\/www.tikdd.cc\/i\/?page_id=2113"},"modified":"2025-01-07T08:06:04","modified_gmt":"2025-01-07T08:06:04","slug":"telecharger-video-bild-de","status":"publish","type":"page","link":"https:\/\/www.tikdd.cc\/i\/fr\/telecharger-video-bild-de\/","title":{"rendered":"T\u00e9l\u00e9charger Vid\u00e9o\u00a0Bild.de"},"content":{"rendered":"\n<p><strong>T\u00e9l\u00e9chargeur de vid\u00e9os Bild.de<\/strong> est un outil con\u00e7u pour t\u00e9l\u00e9charger des vid\u00e9os \u00e0 partir de <a href=\"https:\/\/www.bild.de\/\" rel=\"nofollow noopener\" target=\"_blank\">Bild.de<\/a>, une plateforme d&#8217;information allemande de premier plan qui propose des nouvelles de derni\u00e8re minute, des interviews, des temps forts sportifs et du contenu de divertissement. En collant l&#8217;URL de la vid\u00e9o dans le t\u00e9l\u00e9chargeur, les utilisateurs peuvent facilement enregistrer les vid\u00e9os dans des formats haute d\u00e9finition tels que .mp4 pour une visualisation hors ligne. Cet outil est id\u00e9al pour les utilisateurs qui souhaitent acc\u00e9der \u00e0 des s\u00e9quences d&#8217;actualit\u00e9, \u00e0 des reportages exclusifs ou \u00e0 du contenu multim\u00e9dia sans connexion internet.<\/p>\n\n\n\n<p>Exemple d&#8217;URL &gt;&gt;&gt; https:\/\/www.bild.de\/news\/ausland\/ganzes-land-hasst-diese-mutter-weihnachten-wird-bei-ihr-richtig-teuer-674e28cc05eeae7508013c5a<\/p>\n\n\n\n<div class=\"section features-1\">\n        <div class=\"container\">\n            <div class=\"row\">\n                <div class=\"col-md-8 mx-auto text-center\">\n                    <h2 class=\"display-4 mb-5\"><a href=\"#\" target=\"_blank\">Comment t\u00e9l\u00e9charger des vid\u00e9os de Bild.de ?<\/a><\/h2>\n                <\/div>\n            <\/div>\n            <div class=\"row text-center\">\n                <div class=\"col\">\n                    <div class=\"info\">\n                        <div class=\"icon icon-lg icon-shape icon-shape-primary shadow rounded-circle\">\n                            <i class=\"fas fa-link\"><\/i>\n                        <\/div>\n                        <h6 class=\"info-title text-uppercase text-primary\">Copier l&#8217;URL de la vid\u00e9o \u00e0 partager<\/h6>\n                        <p class=\"description opacity-8\"><\/p>\n                    <\/div>\n                <\/div>\n                <div class=\"col\">\n                    <div class=\"info\">\n                        <div class=\"icon icon-lg icon-shape icon-shape-success shadow rounded-circle\">\n                            <i class=\"fas fa-paste\"><\/i>\n                        <\/div>\n                        <h6 class=\"info-title text-uppercase text-success\">Collez-la dans le champ ci-dessus<\/h6>\n                        <p class=\"description opacity-8\"><\/p>\n                    <\/div>\n                <\/div>\n                <div class=\"col\">\n                    <div class=\"info\">\n                        <div class=\"icon icon-lg icon-shape icon-shape-info shadow rounded-circle\">\n                            <i class=\"fas fa-download\"><\/i>\n                        <\/div>\n                        <h6 class=\"info-title text-uppercase text-info\">Cliquez sur le bouton de t\u00e9l\u00e9chargement<\/h6>\n                        <p class=\"description opacity-8\"><\/p>\n                    <\/div>\n                <\/div>\n            <\/div>\n        <\/div>\n    <\/div>\n","protected":false},"excerpt":{"rendered":"<p>T\u00e9l\u00e9chargeur de vid\u00e9os Bild.de est un outil con\u00e7u pour t\u00e9l\u00e9charger des vid\u00e9os \u00e0 partir de&hellip;<\/p>\n","protected":false},"author":1,"featured_media":0,"parent":0,"menu_order":0,"comment_status":"closed","ping_status":"closed","template":"page-templates\/template-downloader.php","meta":{"footnotes":""},"class_list":["post-2113","page","type-page","status-publish","hentry"],"_links":{"self":[{"href":"https:\/\/www.tikdd.cc\/i\/wp-json\/wp\/v2\/pages\/2113","targetHints":{"allow":["GET"]}}],"collection":[{"href":"https:\/\/www.tikdd.cc\/i\/wp-json\/wp\/v2\/pages"}],"about":[{"href":"https:\/\/www.tikdd.cc\/i\/wp-json\/wp\/v2\/types\/page"}],"author":[{"embeddable":true,"href":"https:\/\/www.tikdd.cc\/i\/wp-json\/wp\/v2\/users\/1"}],"replies":[{"embeddable":true,"href":"https:\/\/www.tikdd.cc\/i\/wp-json\/wp\/v2\/comments?post=2113"}],"version-history":[{"count":1,"href":"https:\/\/www.tikdd.cc\/i\/wp-json\/wp\/v2\/pages\/2113\/revisions"}],"predecessor-version":[{"id":2114,"href":"https:\/\/www.tikdd.cc\/i\/wp-json\/wp\/v2\/pages\/2113\/revisions\/2114"}],"wp:attachment":[{"href":"https:\/\/www.tikdd.cc\/i\/wp-json\/wp\/v2\/media?parent=2113"}],"curies":[{"name":"wp","href":"https:\/\/api.w.org\/{rel}","templated":true}]}}