{"id":2097,"date":"2025-01-07T06:33:55","date_gmt":"2025-01-07T06:33:55","guid":{"rendered":"https:\/\/www.tikdd.cc\/i\/?page_id=2097"},"modified":"2025-01-07T06:34:11","modified_gmt":"2025-01-07T06:34:11","slug":"telecharger-audio-audioboom","status":"publish","type":"page","link":"https:\/\/www.tikdd.cc\/i\/fr\/telecharger-audio-audioboom\/","title":{"rendered":"T\u00e9l\u00e9charger Audio AudioBoom"},"content":{"rendered":"\n<p><strong>T\u00e9l\u00e9chargeur de audio AudioBoom<\/strong> est un outil con\u00e7u pour t\u00e9l\u00e9charger du contenu audio depuis <a href=\"https:\/\/audioboom.com\/\" rel=\"nofollow noopener\" target=\"_blank\">AudioBoom<\/a>, une plateforme proposant des podcasts, des interviews et des histoires audio dans divers genres tels que l&#8217;actualit\u00e9, le sport et le divertissement. En saisissant l&#8217;URL audio dans le t\u00e9l\u00e9chargeur, les utilisateurs peuvent extraire et enregistrer des \u00e9pisodes ou des pistes dans plusieurs formats pour une \u00e9coute hors ligne. Cet outil est particuli\u00e8rement utile pour les amateurs de podcasts qui souhaitent un acc\u00e8s ininterrompu \u00e0 leur contenu pr\u00e9f\u00e9r\u00e9 sans avoir recours \u00e0 une connexion Internet.<\/p>\n\n\n\n<div class=\"section features-1\">\n        <div class=\"container\">\n            <div class=\"row\">\n                <div class=\"col-md-8 mx-auto text-center\">\n                    <h2 class=\"display-4 mb-5\"><a href=\"#\" target=\"_blank\">Comment t\u00e9l\u00e9charger des audio de AudioBoom ?<\/a><\/h2>\n                <\/div>\n            <\/div>\n            <div class=\"row text-center\">\n                <div class=\"col\">\n                    <div class=\"info\">\n                        <div class=\"icon icon-lg icon-shape icon-shape-primary shadow rounded-circle\">\n                            <i class=\"fas fa-link\"><\/i>\n                        <\/div>\n                        <h6 class=\"info-title text-uppercase text-primary\">Copier l&#8217;URL de la vid\u00e9o \u00e0 partager<\/h6>\n                        <p class=\"description opacity-8\"><\/p>\n                    <\/div>\n                <\/div>\n                <div class=\"col\">\n                    <div class=\"info\">\n                        <div class=\"icon icon-lg icon-shape icon-shape-success shadow rounded-circle\">\n                            <i class=\"fas fa-paste\"><\/i>\n                        <\/div>\n                        <h6 class=\"info-title text-uppercase text-success\">Collez-la dans le champ ci-dessus<\/h6>\n                        <p class=\"description opacity-8\"><\/p>\n                    <\/div>\n                <\/div>\n                <div class=\"col\">\n                    <div class=\"info\">\n                        <div class=\"icon icon-lg icon-shape icon-shape-info shadow rounded-circle\">\n                            <i class=\"fas fa-download\"><\/i>\n                        <\/div>\n                        <h6 class=\"info-title text-uppercase text-info\">Cliquez sur le bouton de t\u00e9l\u00e9chargement<\/h6>\n                        <p class=\"description opacity-8\"><\/p>\n                    <\/div>\n                <\/div>\n            <\/div>\n        <\/div>\n    <\/div>\n","protected":false},"excerpt":{"rendered":"<p>T\u00e9l\u00e9chargeur de audio AudioBoom est un outil con\u00e7u pour t\u00e9l\u00e9charger du contenu audio depuis AudioBoom,&hellip;<\/p>\n","protected":false},"author":1,"featured_media":0,"parent":0,"menu_order":0,"comment_status":"closed","ping_status":"closed","template":"page-templates\/template-downloader.php","meta":{"footnotes":""},"class_list":["post-2097","page","type-page","status-publish","hentry"],"_links":{"self":[{"href":"https:\/\/www.tikdd.cc\/i\/wp-json\/wp\/v2\/pages\/2097","targetHints":{"allow":["GET"]}}],"collection":[{"href":"https:\/\/www.tikdd.cc\/i\/wp-json\/wp\/v2\/pages"}],"about":[{"href":"https:\/\/www.tikdd.cc\/i\/wp-json\/wp\/v2\/types\/page"}],"author":[{"embeddable":true,"href":"https:\/\/www.tikdd.cc\/i\/wp-json\/wp\/v2\/users\/1"}],"replies":[{"embeddable":true,"href":"https:\/\/www.tikdd.cc\/i\/wp-json\/wp\/v2\/comments?post=2097"}],"version-history":[{"count":2,"href":"https:\/\/www.tikdd.cc\/i\/wp-json\/wp\/v2\/pages\/2097\/revisions"}],"predecessor-version":[{"id":2099,"href":"https:\/\/www.tikdd.cc\/i\/wp-json\/wp\/v2\/pages\/2097\/revisions\/2099"}],"wp:attachment":[{"href":"https:\/\/www.tikdd.cc\/i\/wp-json\/wp\/v2\/media?parent=2097"}],"curies":[{"name":"wp","href":"https:\/\/api.w.org\/{rel}","templated":true}]}}