{"id":2085,"date":"2025-01-07T04:47:39","date_gmt":"2025-01-07T04:47:39","guid":{"rendered":"https:\/\/www.tikdd.cc\/i\/?page_id=2085"},"modified":"2025-01-07T04:47:41","modified_gmt":"2025-01-07T04:47:41","slug":"telecharger-video-aktualne","status":"publish","type":"page","link":"https:\/\/www.tikdd.cc\/i\/fr\/telecharger-video-aktualne\/","title":{"rendered":"T\u00e9l\u00e9charger Vid\u00e9o\u00a0Aktualne"},"content":{"rendered":"\n<p><strong>T\u00e9l\u00e9chargeur de vid\u00e9os Aktualne<\/strong> est un outil con\u00e7u pour t\u00e9l\u00e9charger des vid\u00e9os depuis Aktualne.cz, une plateforme d&#8217;actualit\u00e9s tch\u00e8que proposant des vid\u00e9os sur l&#8217;actualit\u00e9, la politique, le style de vie, etc. En collant l&#8217;URL de la vid\u00e9o dans le t\u00e9l\u00e9chargeur, les utilisateurs peuvent facilement enregistrer des vid\u00e9os de haute qualit\u00e9 dans des formats tels que .mp4 pour une visualisation hors ligne. Cet outil est parfait pour ceux qui souhaitent acc\u00e9der \u00e0 des reportages, des interviews et du contenu multim\u00e9dia sans connexion Internet.<\/p>\n\n\n\n<p>Exemple d&#8217;URL &gt;&gt;&gt; https:\/\/video.aktualne.cz\/spotlight\/spotlight-alsu-kurmasheva-zpravy\/r~442b7608b16011ef95ee0cc47ab5f122\/<\/p>\n\n\n\n<div class=\"section features-1\">\r\n        <div class=\"container\">\r\n            <div class=\"row\">\r\n                <div class=\"col-md-8 mx-auto text-center\">\r\n                    <h2 class=\"display-4 mb-5\"><a href=\"https:\/\/www.tikdd.cc\/i\/fr\/comment-telecharger-des-videos-de-pornhub\/\" target=\"_blank\">Comment t\u00e9l\u00e9charger des vid\u00e9os de Pornhub ?<\/a><\/h2>\r\n                <\/div>\r\n            <\/div>\r\n            <div class=\"row text-center\">\r\n                <div class=\"col\">\r\n                    <div class=\"info\">\r\n                        <div class=\"icon icon-lg icon-shape icon-shape-primary shadow rounded-circle\">\r\n                            <i class=\"fas fa-link\"><\/i>\r\n                        <\/div>\r\n                        <h6 class=\"info-title text-uppercase text-primary\">Copier l&#8217;URL de la vid\u00e9o \u00e0 partager<\/h6>\r\n                        <p class=\"description opacity-8\"><\/p>\r\n                    <\/div>\r\n                <\/div>\r\n                <div class=\"col\">\r\n                    <div class=\"info\">\r\n                        <div class=\"icon icon-lg icon-shape icon-shape-success shadow rounded-circle\">\r\n                            <i class=\"fas fa-paste\"><\/i>\r\n                        <\/div>\r\n                        <h6 class=\"info-title text-uppercase text-success\">Collez-la dans le champ ci-dessus<\/h6>\r\n                        <p class=\"description opacity-8\"><\/p>\r\n                    <\/div>\r\n                <\/div>\r\n                <div class=\"col\">\r\n                    <div class=\"info\">\r\n                        <div class=\"icon icon-lg icon-shape icon-shape-info shadow rounded-circle\">\r\n                            <i class=\"fas fa-download\"><\/i>\r\n                        <\/div>\r\n                        <h6 class=\"info-title text-uppercase text-info\">Cliquez sur le bouton de t\u00e9l\u00e9chargement<\/h6>\r\n                        <p class=\"description opacity-8\"><\/p>\r\n                    <\/div>\r\n                <\/div>\r\n            <\/div>\r\n        <\/div>\r\n    <\/div>\n","protected":false},"excerpt":{"rendered":"<p>T\u00e9l\u00e9chargeur de vid\u00e9os Aktualne est un outil con\u00e7u pour t\u00e9l\u00e9charger des vid\u00e9os depuis Aktualne.cz, une&hellip;<\/p>\n","protected":false},"author":1,"featured_media":0,"parent":0,"menu_order":0,"comment_status":"closed","ping_status":"closed","template":"page-templates\/template-downloader.php","meta":{"footnotes":""},"class_list":["post-2085","page","type-page","status-publish","hentry"],"_links":{"self":[{"href":"https:\/\/www.tikdd.cc\/i\/wp-json\/wp\/v2\/pages\/2085","targetHints":{"allow":["GET"]}}],"collection":[{"href":"https:\/\/www.tikdd.cc\/i\/wp-json\/wp\/v2\/pages"}],"about":[{"href":"https:\/\/www.tikdd.cc\/i\/wp-json\/wp\/v2\/types\/page"}],"author":[{"embeddable":true,"href":"https:\/\/www.tikdd.cc\/i\/wp-json\/wp\/v2\/users\/1"}],"replies":[{"embeddable":true,"href":"https:\/\/www.tikdd.cc\/i\/wp-json\/wp\/v2\/comments?post=2085"}],"version-history":[{"count":1,"href":"https:\/\/www.tikdd.cc\/i\/wp-json\/wp\/v2\/pages\/2085\/revisions"}],"predecessor-version":[{"id":2086,"href":"https:\/\/www.tikdd.cc\/i\/wp-json\/wp\/v2\/pages\/2085\/revisions\/2086"}],"wp:attachment":[{"href":"https:\/\/www.tikdd.cc\/i\/wp-json\/wp\/v2\/media?parent=2085"}],"curies":[{"name":"wp","href":"https:\/\/api.w.org\/{rel}","templated":true}]}}