{"id":2081,"date":"2025-01-07T03:42:28","date_gmt":"2025-01-07T03:42:28","guid":{"rendered":"https:\/\/www.tikdd.cc\/i\/?page_id=2081"},"modified":"2025-01-07T03:42:29","modified_gmt":"2025-01-07T03:42:29","slug":"telecharger-musique-8tracks","status":"publish","type":"page","link":"https:\/\/www.tikdd.cc\/i\/fr\/telecharger-musique-8tracks\/","title":{"rendered":"T\u00e9l\u00e9charger musique\u00a08tracks"},"content":{"rendered":"\n<p><strong>T\u00e9l\u00e9chargeur de musique 8tracks<\/strong> est un outil sp\u00e9cialis\u00e9 pour t\u00e9l\u00e9charger des playlists et des mix musicaux de <a href=\"https:\/\/8tracks.com\/\" rel=\"nofollow noopener\" target=\"_blank\">8tracks<\/a>, une plateforme connue pour ses collections musicales organis\u00e9es par les utilisateurs dans divers genres et ambiances. En saisissant l&#8217;URL de la playlist dans le t\u00e9l\u00e9chargeur, les utilisateurs peuvent acc\u00e9der aux fichiers audio et les enregistrer pour une \u00e9coute hors ligne dans plusieurs formats. Cet outil est parfait pour profiter de s\u00e9lections musicales personnalis\u00e9es sans avoir besoin d&#8217;une connexion Internet.<\/p>\n\n\n\n<div class=\"section features-1\">\n        <div class=\"container\">\n            <div class=\"row\">\n                <div class=\"col-md-8 mx-auto text-center\">\n                    <h2 class=\"display-4 mb-5\"><a href=\"#\" target=\"_blank\">Comment t\u00e9l\u00e9charger des vid\u00e9os de 8tracks ?<\/a><\/h2>\n                <\/div>\n            <\/div>\n            <div class=\"row text-center\">\n                <div class=\"col\">\n                    <div class=\"info\">\n                        <div class=\"icon icon-lg icon-shape icon-shape-primary shadow rounded-circle\">\n                            <i class=\"fas fa-link\"><\/i>\n                        <\/div>\n                        <h6 class=\"info-title text-uppercase text-primary\">Copier l&#8217;URL de la vid\u00e9o \u00e0 partager<\/h6>\n                        <p class=\"description opacity-8\"><\/p>\n                    <\/div>\n                <\/div>\n                <div class=\"col\">\n                    <div class=\"info\">\n                        <div class=\"icon icon-lg icon-shape icon-shape-success shadow rounded-circle\">\n                            <i class=\"fas fa-paste\"><\/i>\n                        <\/div>\n                        <h6 class=\"info-title text-uppercase text-success\">Collez-la dans le champ ci-dessus<\/h6>\n                        <p class=\"description opacity-8\"><\/p>\n                    <\/div>\n                <\/div>\n                <div class=\"col\">\n                    <div class=\"info\">\n                        <div class=\"icon icon-lg icon-shape icon-shape-info shadow rounded-circle\">\n                            <i class=\"fas fa-download\"><\/i>\n                        <\/div>\n                        <h6 class=\"info-title text-uppercase text-info\">Cliquez sur le bouton de t\u00e9l\u00e9chargement<\/h6>\n                        <p class=\"description opacity-8\"><\/p>\n                    <\/div>\n                <\/div>\n            <\/div>\n        <\/div>\n    <\/div>\n","protected":false},"excerpt":{"rendered":"<p>T\u00e9l\u00e9chargeur de musique 8tracks est un outil sp\u00e9cialis\u00e9 pour t\u00e9l\u00e9charger des playlists et des mix&hellip;<\/p>\n","protected":false},"author":1,"featured_media":0,"parent":0,"menu_order":0,"comment_status":"closed","ping_status":"closed","template":"page-templates\/template-downloader.php","meta":{"footnotes":""},"class_list":["post-2081","page","type-page","status-publish","hentry"],"_links":{"self":[{"href":"https:\/\/www.tikdd.cc\/i\/wp-json\/wp\/v2\/pages\/2081","targetHints":{"allow":["GET"]}}],"collection":[{"href":"https:\/\/www.tikdd.cc\/i\/wp-json\/wp\/v2\/pages"}],"about":[{"href":"https:\/\/www.tikdd.cc\/i\/wp-json\/wp\/v2\/types\/page"}],"author":[{"embeddable":true,"href":"https:\/\/www.tikdd.cc\/i\/wp-json\/wp\/v2\/users\/1"}],"replies":[{"embeddable":true,"href":"https:\/\/www.tikdd.cc\/i\/wp-json\/wp\/v2\/comments?post=2081"}],"version-history":[{"count":1,"href":"https:\/\/www.tikdd.cc\/i\/wp-json\/wp\/v2\/pages\/2081\/revisions"}],"predecessor-version":[{"id":2082,"href":"https:\/\/www.tikdd.cc\/i\/wp-json\/wp\/v2\/pages\/2081\/revisions\/2082"}],"wp:attachment":[{"href":"https:\/\/www.tikdd.cc\/i\/wp-json\/wp\/v2\/media?parent=2081"}],"curies":[{"name":"wp","href":"https:\/\/api.w.org\/{rel}","templated":true}]}}