{"id":2069,"date":"2025-01-07T02:21:05","date_gmt":"2025-01-07T02:21:05","guid":{"rendered":"https:\/\/www.tikdd.cc\/i\/?page_id=2069"},"modified":"2025-01-07T02:21:07","modified_gmt":"2025-01-07T02:21:07","slug":"telecharger-video-247sports","status":"publish","type":"page","link":"https:\/\/www.tikdd.cc\/i\/fr\/telecharger-video-247sports\/","title":{"rendered":"T\u00e9l\u00e9charger Vid\u00e9o\u00a0247Sports"},"content":{"rendered":"\n<p>T\u00e9l\u00e9chargeur de vid\u00e9os 247Sports est un outil qui permet aux utilisateurs de t\u00e9l\u00e9charger des vid\u00e9os depuis <a href=\"https:\/\/247sports.com\/\" rel=\"nofollow noopener\" target=\"_blank\">247Sports<\/a>, une plateforme d\u00e9di\u00e9e aux actualit\u00e9s, analyses et moments forts du sport. En copiant et en collant l&#8217;URL de la vid\u00e9o dans le champ de saisie du t\u00e9l\u00e9chargeur, les utilisateurs peuvent acc\u00e9der \u00e0 des liens de t\u00e9l\u00e9chargement dans diff\u00e9rents formats et r\u00e9solutions pour une visualisation hors ligne. Ceci est particuli\u00e8rement utile pour enregistrer les moments forts des matchs, les interviews et d&#8217;autres contenus sportifs.<\/p>\n\n\n\n<div class=\"section features-1\">\n        <div class=\"container\">\n            <div class=\"row\">\n                <div class=\"col-md-8 mx-auto text-center\">\n                    <h2 class=\"display-4 mb-5\"><a href=\"#\" target=\"_blank\">Comment t\u00e9l\u00e9charger des vid\u00e9os de 247Sports ?<\/a><\/h2>\n                <\/div>\n            <\/div>\n            <div class=\"row text-center\">\n                <div class=\"col\">\n                    <div class=\"info\">\n                        <div class=\"icon icon-lg icon-shape icon-shape-primary shadow rounded-circle\">\n                            <i class=\"fas fa-link\"><\/i>\n                        <\/div>\n                        <h6 class=\"info-title text-uppercase text-primary\">Copier l&#8217;URL de la vid\u00e9o \u00e0 partager<\/h6>\n                        <p class=\"description opacity-8\"><\/p>\n                    <\/div>\n                <\/div>\n                <div class=\"col\">\n                    <div class=\"info\">\n                        <div class=\"icon icon-lg icon-shape icon-shape-success shadow rounded-circle\">\n                            <i class=\"fas fa-paste\"><\/i>\n                        <\/div>\n                        <h6 class=\"info-title text-uppercase text-success\">Collez-la dans le champ ci-dessus<\/h6>\n                        <p class=\"description opacity-8\"><\/p>\n                    <\/div>\n                <\/div>\n                <div class=\"col\">\n                    <div class=\"info\">\n                        <div class=\"icon icon-lg icon-shape icon-shape-info shadow rounded-circle\">\n                            <i class=\"fas fa-download\"><\/i>\n                        <\/div>\n                        <h6 class=\"info-title text-uppercase text-info\">Cliquez sur le bouton de t\u00e9l\u00e9chargement<\/h6>\n                        <p class=\"description opacity-8\"><\/p>\n                    <\/div>\n                <\/div>\n            <\/div>\n        <\/div>\n    <\/div>\n","protected":false},"excerpt":{"rendered":"<p>T\u00e9l\u00e9chargeur de vid\u00e9os 247Sports est un outil qui permet aux utilisateurs de t\u00e9l\u00e9charger des vid\u00e9os&hellip;<\/p>\n","protected":false},"author":1,"featured_media":0,"parent":0,"menu_order":0,"comment_status":"closed","ping_status":"closed","template":"page-templates\/template-downloader.php","meta":{"footnotes":""},"class_list":["post-2069","page","type-page","status-publish","hentry"],"_links":{"self":[{"href":"https:\/\/www.tikdd.cc\/i\/wp-json\/wp\/v2\/pages\/2069","targetHints":{"allow":["GET"]}}],"collection":[{"href":"https:\/\/www.tikdd.cc\/i\/wp-json\/wp\/v2\/pages"}],"about":[{"href":"https:\/\/www.tikdd.cc\/i\/wp-json\/wp\/v2\/types\/page"}],"author":[{"embeddable":true,"href":"https:\/\/www.tikdd.cc\/i\/wp-json\/wp\/v2\/users\/1"}],"replies":[{"embeddable":true,"href":"https:\/\/www.tikdd.cc\/i\/wp-json\/wp\/v2\/comments?post=2069"}],"version-history":[{"count":1,"href":"https:\/\/www.tikdd.cc\/i\/wp-json\/wp\/v2\/pages\/2069\/revisions"}],"predecessor-version":[{"id":2070,"href":"https:\/\/www.tikdd.cc\/i\/wp-json\/wp\/v2\/pages\/2069\/revisions\/2070"}],"wp:attachment":[{"href":"https:\/\/www.tikdd.cc\/i\/wp-json\/wp\/v2\/media?parent=2069"}],"curies":[{"name":"wp","href":"https:\/\/api.w.org\/{rel}","templated":true}]}}