{"id":1870,"date":"2024-12-26T11:41:26","date_gmt":"2024-12-26T11:41:26","guid":{"rendered":"https:\/\/www.tikdd.cc\/i\/?page_id=1870"},"modified":"2024-12-26T11:41:56","modified_gmt":"2024-12-26T11:41:56","slug":"telechargeur-de-podcasts-apple","status":"publish","type":"page","link":"https:\/\/www.tikdd.cc\/i\/fr\/telechargeur-de-podcasts-apple\/","title":{"rendered":"T\u00e9l\u00e9chargeur de Podcasts Apple"},"content":{"rendered":"\n<p>T\u00e9l\u00e9chargeur de Podcasts Apple est un outil con\u00e7u pour t\u00e9l\u00e9charger des fichiers audio \u00e0 partir d&#8217;<a href=\"https:\/\/podcasts.apple.com\/us\/browse\" rel=\"nofollow noopener\" target=\"_blank\">Apple Podcasts<\/a>, une plateforme offrant un large \u00e9ventail de podcasts de diff\u00e9rents genres, y compris l&#8217;actualit\u00e9, le divertissement, l&#8217;\u00e9ducation et la narration. En copiant et en collant l&#8217;URL de l&#8217;\u00e9pisode de podcast dans le t\u00e9l\u00e9chargeur, les utilisateurs peuvent r\u00e9cup\u00e9rer les liens de t\u00e9l\u00e9chargement pour sauvegarder les \u00e9pisodes en vue d&#8217;une \u00e9coute hors ligne. Cet outil est particuli\u00e8rement utile pour ceux qui souhaitent \u00e9couter des podcasts sans d\u00e9pendre d&#8217;une connexion internet.<\/p>\n\n\n\n<p>Exemple d&#8217;URL &gt;&gt;&gt; https:\/\/podcasts.apple.com\/us\/podcast\/kylie-on-pregnancy-reaction-parenting-with-jason\/id1780888125?i=1000679368422<\/p>\n\n\n\n<div class=\"section features-1\">\n        <div class=\"container\">\n            <div class=\"row\">\n                <div class=\"col-md-8 mx-auto text-center\">\n                    <h2 class=\"display-4 mb-5\"><a href=\"https:\/\/www.tikdd.cc\/i\/fr\/comment-telecharger-des-videos-de-pornhub\/\" target=\"_blank\">Comment t\u00e9l\u00e9charger des Podcasts de Apple ?<\/a><\/h2>\n                <\/div>\n            <\/div>\n            <div class=\"row text-center\">\n                <div class=\"col\">\n                    <div class=\"info\">\n                        <div class=\"icon icon-lg icon-shape icon-shape-primary shadow rounded-circle\">\n                            <i class=\"fas fa-link\"><\/i>\n                        <\/div>\n                        <h6 class=\"info-title text-uppercase text-primary\">Copier l&#8217;URL de la vid\u00e9o \u00e0 partager<\/h6>\n                        <p class=\"description opacity-8\"><\/p>\n                    <\/div>\n                <\/div>\n                <div class=\"col\">\n                    <div class=\"info\">\n                        <div class=\"icon icon-lg icon-shape icon-shape-success shadow rounded-circle\">\n                            <i class=\"fas fa-paste\"><\/i>\n                        <\/div>\n                        <h6 class=\"info-title text-uppercase text-success\">Collez-la dans le champ ci-dessus<\/h6>\n                        <p class=\"description opacity-8\"><\/p>\n                    <\/div>\n                <\/div>\n                <div class=\"col\">\n                    <div class=\"info\">\n                        <div class=\"icon icon-lg icon-shape icon-shape-info shadow rounded-circle\">\n                            <i class=\"fas fa-download\"><\/i>\n                        <\/div>\n                        <h6 class=\"info-title text-uppercase text-info\">Cliquez sur le bouton de t\u00e9l\u00e9chargement<\/h6>\n                        <p class=\"description opacity-8\"><\/p>\n                    <\/div>\n                <\/div>\n            <\/div>\n        <\/div>\n    <\/div>\n","protected":false},"excerpt":{"rendered":"<p>T\u00e9l\u00e9chargeur de Podcasts Apple est un outil con\u00e7u pour t\u00e9l\u00e9charger des fichiers audio \u00e0 partir&hellip;<\/p>\n","protected":false},"author":1,"featured_media":0,"parent":0,"menu_order":0,"comment_status":"closed","ping_status":"closed","template":"page-templates\/template-downloader.php","meta":{"footnotes":""},"class_list":["post-1870","page","type-page","status-publish","hentry"],"_links":{"self":[{"href":"https:\/\/www.tikdd.cc\/i\/wp-json\/wp\/v2\/pages\/1870","targetHints":{"allow":["GET"]}}],"collection":[{"href":"https:\/\/www.tikdd.cc\/i\/wp-json\/wp\/v2\/pages"}],"about":[{"href":"https:\/\/www.tikdd.cc\/i\/wp-json\/wp\/v2\/types\/page"}],"author":[{"embeddable":true,"href":"https:\/\/www.tikdd.cc\/i\/wp-json\/wp\/v2\/users\/1"}],"replies":[{"embeddable":true,"href":"https:\/\/www.tikdd.cc\/i\/wp-json\/wp\/v2\/comments?post=1870"}],"version-history":[{"count":2,"href":"https:\/\/www.tikdd.cc\/i\/wp-json\/wp\/v2\/pages\/1870\/revisions"}],"predecessor-version":[{"id":1873,"href":"https:\/\/www.tikdd.cc\/i\/wp-json\/wp\/v2\/pages\/1870\/revisions\/1873"}],"wp:attachment":[{"href":"https:\/\/www.tikdd.cc\/i\/wp-json\/wp\/v2\/media?parent=1870"}],"curies":[{"name":"wp","href":"https:\/\/api.w.org\/{rel}","templated":true}]}}