{"id":1848,"date":"2024-12-24T14:25:23","date_gmt":"2024-12-24T14:25:23","guid":{"rendered":"https:\/\/www.tikdd.cc\/i\/?page_id=1848"},"modified":"2024-12-24T14:25:57","modified_gmt":"2024-12-24T14:25:57","slug":"supported-websites-and-apps-fr","status":"publish","type":"page","link":"https:\/\/www.tikdd.cc\/i\/fr\/supported-websites-and-apps-fr\/","title":{"rendered":"Sources prises en charge"},"content":{"rendered":"\n<div class=\"wp-block-columns is-layout-flex wp-container-core-columns-is-layout-9d6595d7 wp-block-columns-is-layout-flex\">\n<div class=\"wp-block-column is-vertically-aligned-center is-layout-flow wp-block-column-is-layout-flow\" style=\"padding-top:2em;padding-right:3em;padding-bottom:2em;padding-left:3em;flex-basis:100%\">\n<div class=\"wp-block-columns is-layout-flex wp-container-core-columns-is-layout-9d6595d7 wp-block-columns-is-layout-flex\">\n<div class=\"wp-block-column is-vertically-aligned-top is-layout-flow wp-block-column-is-layout-flow\" style=\"padding-right:var(--wp--preset--spacing--20);padding-left:var(--wp--preset--spacing--20)\">\n<h2 class=\"wp-block-heading\">T\u00e9l\u00e9charger les instructions<\/h2>\n\n\n\n<p>TikDD prend en charge un grand nombre de sites web de streaming pour sauvegarder le contenu. Consultez la liste \u00e0 droite pour voir tous les sites que nous supportons. Notez que m\u00eame si un site n&#8217;est pas dans la liste, il peut \u00eatre support\u00e9 de toute fa\u00e7on et vous pouvez essayer de copier-coller le lien dans le champ de saisie ci-dessus.<\/p>\n\n\n\n<h2 class=\"wp-block-heading\">Autres<\/h2>\n\n\n\n<p>Nous prenons \u00e9galement en charge de nombreux autres sites web qui ne sont pas r\u00e9pertori\u00e9s ici. Si, par exemple, vous trouvez un site avec une belle compilation de vid\u00e9os int\u00e9gr\u00e9es, vous pouvez coller le lien vers cette page dans le champ de saisie en haut de cette page et cliquer sur T\u00e9l\u00e9charger. Notre site examinera alors le site et trouvera toutes les vid\u00e9os int\u00e9gr\u00e9es que nous prenons en charge et vous fournira une liste de liens de t\u00e9l\u00e9chargement.<\/p>\n<\/div>\n\n\n\n<div class=\"wp-block-column is-vertically-aligned-top is-layout-flow wp-block-column-is-layout-flow\" style=\"padding-right:var(--wp--preset--spacing--30);padding-left:var(--wp--preset--spacing--30)\">\n<div class=\"wp-block-columns is-layout-flex wp-container-core-columns-is-layout-9d6595d7 wp-block-columns-is-layout-flex\">\n<div class=\"wp-block-column is-layout-flow wp-block-column-is-layout-flow\">\n<h3 class=\"wp-block-heading has-text-align-center\">Vid\u00e9o<\/h3>\n\n\n\n<ul class=\"wp-block-list\">\n<li><a href=\"https:\/\/www.tikdd.cc\/tiktok-downloader\/\" data-type=\"link\" data-id=\"https:\/\/www.tikdd.cc\/tiktok-downloader\/\">TikTok<\/a><\/li>\n\n\n\n<li><a href=\"https:\/\/www.tikdd.cc\/youtube-downloader\/\" data-type=\"link\" data-id=\"https:\/\/www.tikdd.cc\/youtube-downloader\/\">YouTube<\/a><\/li>\n\n\n\n<li><a href=\"https:\/\/www.tikdd.cc\/x-video-downloader\/\" data-type=\"link\" data-id=\"https:\/\/www.tikdd.cc\/x-video-downloader\/\">Twitter(X)<\/a><\/li>\n\n\n\n<li><a href=\"https:\/\/www.tikdd.cc\/instagram-downloader\/\" data-type=\"link\" data-id=\"https:\/\/www.tikdd.cc\/instagram-downloader\/\">Instagram<\/a><\/li>\n\n\n\n<li><a href=\"https:\/\/www.tikdd.cc\/threads-video-downloader\/\">Threads<\/a><\/li>\n\n\n\n<li><a href=\"https:\/\/www.tikdd.cc\/facebook-video-downloader\/\">Facebook<\/a><\/li>\n\n\n\n<li><a href=\"https:\/\/www.tikdd.cc\/snapchat-video-downloader\/\">Snapchat<\/a><\/li>\n\n\n\n<li><a href=\"https:\/\/www.tikdd.cc\/telegram-video-downloader\/\">Telegram<\/a><\/li>\n\n\n\n<li><a href=\"https:\/\/www.tikdd.cc\/vimeo-video-downloader\/\">Vimeo<\/a><\/li>\n\n\n\n<li><a href=\"https:\/\/www.tikdd.cc\/tumblr-video-downloader\/\">Tumblr<\/a><\/li>\n\n\n\n<li><a href=\"https:\/\/www.tikdd.cc\/reddit-video-downloader\/\">Reddit<\/a><\/li>\n\n\n\n<li><a href=\"https:\/\/www.tikdd.cc\/twitch-video-downloader\/\">Twitch<\/a><\/li>\n\n\n\n<li><a href=\"https:\/\/www.tikdd.cc\/vk-video-downloader\/\">VK<\/a><\/li>\n\n\n\n<li><a href=\"https:\/\/www.tikdd.cc\/9gag-downloader\/\">9GAG<\/a><\/li>\n\n\n\n<li><a href=\"https:\/\/www.tikdd.cc\/bilibili-downloader\/\" data-type=\"link\" data-id=\"https:\/\/www.tikdd.cc\/bilibili-downloader\/\">Bilibili<\/a><\/li>\n\n\n\n<li><a href=\"https:\/\/www.tikdd.cc\/bitchute-video-downloader\/\">BitChute<\/a><\/li>\n\n\n\n<li><a href=\"https:\/\/www.tikdd.cc\/blogger-video-downloader\/\">Blogger<\/a><\/li>\n\n\n\n<li><a href=\"https:\/\/www.tikdd.cc\/buzzfeed-video-downloader\/\">Buzzfeed<\/a><\/li>\n\n\n\n<li><a href=\"https:\/\/www.tikdd.cc\/capcut-downloader\/\">Capcut<\/a><\/li>\n\n\n\n<li><a href=\"https:\/\/www.tikdd.cc\/chingari-downloader\/\">Chingari<\/a><\/li>\n\n\n\n<li><a href=\"https:\/\/www.tikdd.cc\/dailymotion-video-downloader\/\">Dailymotion<\/a><\/li>\n\n\n\n<li><a href=\"https:\/\/www.tikdd.cc\/douyin-downloader\/\" data-type=\"link\" data-id=\"https:\/\/www.tikdd.cc\/douyin-downloader\/\">Douyin<\/a><\/li>\n\n\n\n<li><a href=\"https:\/\/www.tikdd.cc\/febspot-downloader\/\">Febspot<\/a><\/li>\n\n\n\n<li><a href=\"https:\/\/www.tikdd.cc\/flickr-downloader\/\">Flickr<\/a><\/li>\n\n\n\n<li><a href=\"https:\/\/www.tikdd.cc\/ifunny-video-downloader\/\">Ifunny<\/a><\/li>\n\n\n\n<li><a href=\"https:\/\/www.tikdd.cc\/imgur-downloader\/\">Imgur<\/a><\/li>\n\n\n\n<li><a href=\"https:\/\/www.tikdd.cc\/izlesene-downloader\/\">Izlesene<\/a><\/li>\n\n\n\n<li><a href=\"https:\/\/www.tikdd.cc\/kwai-video-downloader\/\">Kwai<\/a><\/li>\n\n\n\n<li><a href=\"https:\/\/www.tikdd.cc\/lemon8-downloader\/\">Lemon8<\/a><\/li>\n\n\n\n<li><a href=\"https:\/\/www.tikdd.cc\/likee-video-downloader\/\">Likee<\/a><\/li>\n\n\n\n<li><a href=\"https:\/\/www.tikdd.cc\/linkedin-video-downloader\/\">LinkedIn<\/a><\/li>\n\n\n\n<li><a href=\"https:\/\/www.tikdd.cc\/loom-video-downloader\/\">Loom<\/a><\/li>\n\n\n\n<li><a href=\"https:\/\/www.tikdd.cc\/mashable-video-downloader\/\">Mashable<\/a><\/li>\n\n\n\n<li><a href=\"https:\/\/www.tikdd.cc\/mastodon-downloader\/\">Mastodon<\/a><\/li>\n\n\n\n<li><a href=\"https:\/\/www.tikdd.cc\/medal-downloader\/\">Medal<\/a><\/li>\n\n\n\n<li><a href=\"https:\/\/www.tikdd.cc\/moj-video-downloader\/\">Moj<\/a><\/li>\n\n\n\n<li><a href=\"https:\/\/www.tikdd.cc\/mxtakatak-video-downloader\/\">MxTakatak<\/a><\/li>\n\n\n\n<li><a href=\"https:\/\/www.tikdd.cc\/ok-ru-video-downloader\/\">Ok.ru<\/a><\/li>\n\n\n\n<li><a href=\"https:\/\/www.tikdd.cc\/pinterest-video-downloader\/\">Pinterest<\/a><\/li>\n\n\n\n<li><a href=\"https:\/\/www.tikdd.cc\/rumble-downloader\/\">Rumble<\/a><\/li>\n\n\n\n<li><a href=\"https:\/\/www.tikdd.cc\/sharechat-video-downloader\/\">Share Chat<\/a><\/li>\n\n\n\n<li><a href=\"https:\/\/www.tikdd.cc\/streamable-video-downloader\/\">Streamable<\/a><\/li>\n\n\n\n<li><a href=\"https:\/\/www.tikdd.cc\/substack-video-downloader\/\">Substack<\/a><\/li>\n\n\n\n<li><a href=\"https:\/\/www.tikdd.cc\/ted-video-downloader\/\">TED<\/a><\/li>\n\n\n\n<li><a href=\"https:\/\/www.tikdd.cc\/i\/zhihu-video-downloader\/\">Zhihu<\/a><\/li>\n\n\n\n<li><a href=\"https:\/\/www.tikdd.cc\/i\/worldstarhiphop-video-downloader\/\">WorldStarHipHop<\/a><\/li>\n\n\n\n<li><a href=\"https:\/\/www.tikdd.cc\/i\/vidlii-video-downloader\/\">VidLii<\/a><\/li>\n\n\n\n<li><a href=\"https:\/\/www.tikdd.cc\/i\/arnes-video-downloader\/\">Arnes<\/a><\/li>\n\n\n\n<li><a href=\"https:\/\/www.tikdd.cc\/i\/videa-video-downloader\/\">videa.hu<\/a><\/li>\n\n\n\n<li><a href=\"https:\/\/www.tikdd.cc\/i\/vbox7-video-downloader\/\">Vbox7<\/a><\/li>\n\n\n\n<li><a href=\"https:\/\/www.tikdd.cc\/i\/thisoldhouse-video-downloader\/\">ThisOldHouse<\/a><\/li>\n\n\n\n<li><a href=\"https:\/\/www.tikdd.cc\/i\/teamtreehouse-video-downloader\/\">Teamtreehouse<\/a><\/li>\n\n\n\n<li><a href=\"https:\/\/www.tikdd.cc\/i\/steam-video-downloader\/\">Steam<\/a><\/li>\n\n\n\n<li><a href=\"https:\/\/www.tikdd.cc\/i\/pearvideo-downloader\/\">PearVideo<\/a><\/li>\n\n\n\n<li><a href=\"https:\/\/www.tikdd.cc\/i\/nowness-video-downloader\/\">Nowness<\/a><\/li>\n\n\n\n<li><a href=\"https:\/\/www.tikdd.cc\/i\/newgrounds-video-downloader\/\">Newgrounds<\/a><\/li>\n\n\n\n<li><a href=\"https:\/\/www.tikdd.cc\/i\/national-geographic-video-downloader\/\">NationalGeographic<\/a><\/li>\n\n\n\n<li><a href=\"https:\/\/www.tikdd.cc\/i\/media-ccc-de-video-downloader\/\">Media.ccc.de<\/a><\/li>\n\n\n\n<li><a href=\"https:\/\/www.tikdd.cc\/i\/manyvids-video-downloader\/\">ManyVids<\/a><\/li>\n\n\n\n<li><a href=\"https:\/\/www.tikdd.cc\/i\/livestream-video-downloader\/\">Livestream<\/a><\/li>\n\n\n\n<li><a href=\"https:\/\/www.tikdd.cc\/i\/kinja-video-downloader\/\">Kinja<\/a>(Kotaku)<\/li>\n\n\n\n<li><a href=\"https:\/\/www.tikdd.cc\/i\/jove-video-downloader\/\">Jove<\/a><\/li>\n\n\n\n<li><a href=\"https:\/\/www.tikdd.cc\/i\/indavideo-downloader\/\">Indavideo<\/a><\/li>\n\n\n\n<li><a href=\"https:\/\/www.tikdd.cc\/i\/glide-video-downloader\/\">Glide.me<\/a><\/li>\n\n\n\n<li><a href=\"https:\/\/www.tikdd.cc\/i\/coub-downloader\/\">Coub<\/a><\/li>\n\n\n\n<li><a href=\"https:\/\/www.tikdd.cc\/i\/chilloutzone-video-downloader\/\">Chilloutzone<\/a><\/li>\n\n\n\n<li><a href=\"https:\/\/www.tikdd.cc\/i\/archive-org-video-downloader\/\">Archive.org<\/a><\/li>\n\n\n\n<li><a href=\"https:\/\/www.tikdd.cc\/i\/sooplive-video-downloader\/\">Sooplive<\/a><\/li>\n\n\n\n<li><a href=\"https:\/\/www.tikdd.cc\/i\/8tracks-downloader\/\">8tracks<\/a><\/li>\n\n\n\n<li><a href=\"https:\/\/www.tikdd.cc\/i\/3q-video-downloader\/\">3Q<\/a><\/li>\n\n\n\n<li><a href=\"https:\/\/www.tikdd.cc\/i\/twentythree-video-downloader\/\">Twentythree<\/a><\/li>\n<\/ul>\n<\/div>\n\n\n\n<div class=\"wp-block-column is-layout-flow wp-block-column-is-layout-flow\">\n<h3 class=\"wp-block-heading has-text-align-center\">Musique<\/h3>\n\n\n\n<ul class=\"wp-block-list\">\n<li><a href=\"https:\/\/www.tikdd.cc\/i\/spotify-music-downloader\/\">Spotify<\/a><\/li>\n\n\n\n<li><a href=\"https:\/\/www.tikdd.cc\/bandcamp-music-downloader\/\">Bandcamp<\/a><\/li>\n\n\n\n<li><a href=\"https:\/\/www.tikdd.cc\/mixcloud-downloader\/\">Mixcloud<\/a><\/li>\n\n\n\n<li><a href=\"https:\/\/www.tikdd.cc\/soundcloud-downloader\/\">Soundcloud<\/a><\/li>\n\n\n\n<li><a href=\"https:\/\/www.tikdd.cc\/i\/ximalaya-downloader\/\">Ximalaya<\/a><\/li>\n\n\n\n<li><a href=\"https:\/\/www.tikdd.cc\/i\/tunein-downloader\/\">Tunein<\/a><\/li>\n\n\n\n<li><a href=\"https:\/\/www.tikdd.cc\/i\/palcomp3-downloader\/\">Palcomp3<\/a><\/li>\n\n\n\n<li><a href=\"https:\/\/www.tikdd.cc\/i\/myspace-video-downloader\/\">Myspace<\/a><\/li>\n\n\n\n<li><a href=\"https:\/\/www.tikdd.cc\/i\/jamendo-music-downloader\/\">Jamendo<\/a><\/li>\n\n\n\n<li><a href=\"https:\/\/www.tikdd.cc\/i\/hungama-downloader\/\">Hungama<\/a><\/li>\n<\/ul>\n\n\n\n<h3 class=\"wp-block-heading\">Film<\/h3>\n\n\n\n<ul class=\"wp-block-list\">\n<li><a href=\"https:\/\/www.tikdd.cc\/imdb-downloader\/\">IMDB<\/a><\/li>\n\n\n\n<li><a href=\"https:\/\/www.tikdd.cc\/i\/sohu-video-downloader\/\">Sohu<\/a><\/li>\n\n\n\n<li><a href=\"https:\/\/www.tikdd.cc\/i\/raiplay-video-downloader\/\">Raiplay<\/a><\/li>\n\n\n\n<li><a href=\"https:\/\/www.tikdd.cc\/i\/disney-video-downloader\/\">Disney<\/a><\/li>\n\n\n\n<li><a href=\"https:\/\/www.tikdd.cc\/i\/discovery-video-downloader\/\">Discovery<\/a><\/li>\n\n\n\n<li><a href=\"https:\/\/www.tikdd.cc\/i\/allocine-video-downloader\/\">AlloCine<\/a><\/li>\n\n\n\n<li><a href=\"https:\/\/www.tikdd.cc\/i\/7plus-downloader\/\">7plus<\/a><\/li>\n\n\n\n<li><a href=\"https:\/\/www.tikdd.cc\/i\/56-com-video-downloader\/\">56.com<\/a><\/li>\n<\/ul>\n\n\n\n<h3 class=\"wp-block-heading has-text-align-center\">Sports<\/h3>\n\n\n\n<ul class=\"wp-block-list\">\n<li><a href=\"https:\/\/www.tikdd.cc\/espn-downloader\/\">ESPN<\/a><\/li>\n\n\n\n<li><a href=\"https:\/\/www.tikdd.cc\/i\/zapiks-video-downloader\/\">zapiks<\/a><\/li>\n\n\n\n<li><a href=\"https:\/\/www.tikdd.cc\/i\/outsidetv-video-downloader\/\">OutsideTV<\/a><\/li>\n\n\n\n<li><a href=\"https:\/\/www.tikdd.cc\/i\/nfl-video-downloader\/\">NFL<\/a><\/li>\n\n\n\n<li><a href=\"https:\/\/www.tikdd.cc\/i\/mlb-video-downloader\/\">MLB<\/a><\/li>\n\n\n\n<li><a href=\"https:\/\/www.tikdd.cc\/i\/gaskrank-video-downloader\/\">Gaskrank<\/a><\/li>\n\n\n\n<li><a href=\"https:\/\/www.tikdd.cc\/i\/bleacherreport-video-downloader\/\">BleacherReport<\/a><\/li>\n\n\n\n<li><a href=\"https:\/\/www.tikdd.cc\/i\/bellator-mma-video-downloader\/\">Bellator MMA<\/a><\/li>\n\n\n\n<li><a href=\"https:\/\/www.tikdd.cc\/i\/247sports-video-downloader\/\">247Sports<\/a><\/li>\n<\/ul>\n\n\n\n<h3 class=\"wp-block-heading has-text-align-center\">Podcast&amp;Radio<\/h3>\n\n\n\n<ul class=\"wp-block-list\">\n<li><a href=\"https:\/\/www.tikdd.cc\/i\/sveriges-radio-downloader\/\">Sveriges Radio<\/a><\/li>\n\n\n\n<li><a href=\"https:\/\/www.tikdd.cc\/i\/radiobremen-downloader\/\">RadioBremen<\/a><\/li>\n\n\n\n<li><a href=\"https:\/\/www.tikdd.cc\/i\/hearthis-at-downloader\/\">HearThis.at<\/a><\/li>\n\n\n\n<li><a href=\"https:\/\/www.tikdd.cc\/i\/clyp-it-downloader\/\">Clyp.it<\/a><\/li>\n\n\n\n<li><a href=\"https:\/\/www.tikdd.cc\/i\/audioboom-downloader\/\">AudioBoom<\/a><\/li>\n\n\n\n<li><a href=\"https:\/\/www.tikdd.cc\/i\/apple-podcasts-downloader\/\">Apple Podcasts<\/a><\/li>\n<\/ul>\n\n\n\n<h3 class=\"wp-block-heading has-text-align-center\">Adulte<\/h3>\n\n\n\n<ul class=\"wp-block-list\">\n<li><a href=\"https:\/\/www.tikdd.cc\/i\/pornhub-video-downloader\/\" data-type=\"link\" data-id=\"https:\/\/www.tikdd.cc\/i\/pornhub-video-downloader\/\">PornHub<\/a><\/li>\n\n\n\n<li><a href=\"https:\/\/www.tikdd.cc\/i\/youporn-downloader\/\" target=\"_blank\" rel=\"noreferrer noopener\">YouPorn<\/a><\/li>\n\n\n\n<li><a href=\"https:\/\/www.tikdd.cc\/i\/xxxy-movies-downloader\/\">XXXYMovies<\/a><\/li>\n\n\n\n<li><a href=\"https:\/\/www.tikdd.cc\/i\/xvideos-downloader\/\">XVideos<\/a><\/li>\n\n\n\n<li><a href=\"https:\/\/www.tikdd.cc\/i\/xnxx-video-downloader\/\">XNXX<\/a><\/li>\n\n\n\n<li><a href=\"https:\/\/www.tikdd.cc\/i\/xhamster-video-downloader\/\">XHamster<\/a><\/li>\n\n\n\n<li><a href=\"https:\/\/www.tikdd.cc\/i\/tnaflix-video-downloader\/\">TNAFlix<\/a><\/li>\n\n\n\n<li><a href=\"https:\/\/www.tikdd.cc\/i\/redtube-video-downloader\/\">RedTube<\/a><\/li>\n\n\n\n<li><a href=\"https:\/\/www.tikdd.cc\/i\/porntube-video-downloader\/\">PornTube<\/a><\/li>\n\n\n\n<li><a href=\"https:\/\/www.tikdd.cc\/i\/playvids-video-downloader\/\">Playvids<\/a><\/li>\n\n\n\n<li><a href=\"https:\/\/www.tikdd.cc\/i\/moviefap-video-downloader\/\">MovieFap<\/a><\/li>\n\n\n\n<li><a href=\"https:\/\/www.tikdd.cc\/i\/lovehomeporn-downloader\/\">LoveHomePorn<\/a><\/li>\n\n\n\n<li><a href=\"https:\/\/www.tikdd.cc\/i\/iwara-video-downloader\/\">Iwara.tv<\/a><\/li>\n\n\n\n<li><a href=\"https:\/\/www.tikdd.cc\/i\/hellporno-video-downloader\/\">Hellporno<\/a><\/li>\n\n\n\n<li><a href=\"https:\/\/www.tikdd.cc\/i\/eroprofile-video-downloader\/\">EroProfile<\/a><\/li>\n\n\n\n<li><a href=\"https:\/\/www.tikdd.cc\/i\/eporner-video-downloader\/\">Eporner<\/a><\/li>\n\n\n\n<li><a href=\"https:\/\/www.tikdd.cc\/i\/empflix-video-downloader\/\">EmpFlix<\/a><\/li>\n\n\n\n<li><a href=\"https:\/\/www.tikdd.cc\/i\/beeg-video-downloader\/\">Beeg<\/a><\/li>\n\n\n\n<li><a href=\"https:\/\/www.tikdd.cc\/i\/adult-swim-video-downloader\/\">Adult Swim<\/a><\/li>\n\n\n\n<li><a href=\"https:\/\/www.tikdd.cc\/i\/91porn-video-downloader\/\">91Porn<\/a><\/li>\n\n\n\n<li><a href=\"https:\/\/www.tikdd.cc\/i\/4tube-downloader\/\">4Tube<\/a><\/li>\n<\/ul>\n<\/div>\n\n\n\n<div class=\"wp-block-column is-layout-flow wp-block-column-is-layout-flow\">\n<h3 class=\"wp-block-heading has-text-align-center\">TV&amp;Actualit\u00e9s<\/h3>\n\n\n\n<ul class=\"wp-block-list\">\n<li><a href=\"https:\/\/www.tikdd.cc\/akilli-tv-downloader\/\">ak\u0131ll\u0131 TV<\/a><\/li>\n\n\n\n<li><a href=\"https:\/\/www.tikdd.cc\/blutv-video-downloader\/\">BluTV<\/a><\/li>\n\n\n\n<li><a href=\"https:\/\/www.tikdd.cc\/puhutv-downloader\/\">PuhuTV<\/a><\/li>\n\n\n\n<li><a href=\"https:\/\/www.tikdd.cc\/i\/ynet-video-downloader\/\">ynet.co.il<\/a><\/li>\n\n\n\n<li><a href=\"https:\/\/www.tikdd.cc\/i\/yandex-video-downloader\/\">Yandex<\/a><\/li>\n\n\n\n<li><a href=\"https:\/\/www.tikdd.cc\/i\/wsj-video-downloader\/\">WSJ<\/a><\/li>\n\n\n\n<li><a href=\"https:\/\/www.tikdd.cc\/i\/tva-nouvelles-video-downloader\/\">tvanouvelles.ca<\/a><\/li>\n\n\n\n<li><a href=\"https:\/\/www.tikdd.cc\/i\/tv2-dk-video-downloader\/\">TV2.dk<\/a><\/li>\n\n\n\n<li><a href=\"https:\/\/www.tikdd.cc\/i\/telegraaf-video-downloader\/\">telegraaf.nl<\/a><\/li>\n\n\n\n<li><a href=\"https:\/\/www.tikdd.cc\/i\/stream-cz-video-downloader\/\">Stream.cz<\/a><\/li>\n\n\n\n<li><a href=\"https:\/\/www.tikdd.cc\/i\/spiegel-video-downloader\/\" target=\"_blank\" rel=\"noreferrer noopener\">Spiegel.de<\/a><\/li>\n\n\n\n<li><a href=\"https:\/\/www.tikdd.cc\/i\/skynews-arabia-video-downloader\/\">SkyNewsArabia<\/a><\/li>\n\n\n\n<li><a href=\"https:\/\/www.tikdd.cc\/i\/sbs-video-downloader\/\">SBS<\/a><\/li>\n\n\n\n<li><a href=\"https:\/\/www.tikdd.cc\/i\/regiotv-video-downloader\/\">RegioTV<\/a><\/li>\n\n\n\n<li><a href=\"https:\/\/www.tikdd.cc\/i\/picarto-video-downloader\/\">Picarto.tv<\/a><\/li>\n\n\n\n<li><a href=\"https:\/\/www.tikdd.cc\/i\/phoenix-de-video-downloader\/\">Phoenix.de<\/a><\/li>\n\n\n\n<li><a href=\"https:\/\/www.tikdd.cc\/i\/peertube-video-downloader\/\">peertube.tv<\/a><\/li>\n\n\n\n<li><a href=\"https:\/\/www.tikdd.cc\/i\/ondemandkorea-video-downloader\/\">OnDemandKorea<\/a><\/li>\n\n\n\n<li><a href=\"https:\/\/www.tikdd.cc\/i\/odatv-video-downloader\/\">OdaTV<\/a><\/li>\n\n\n\n<li><a href=\"https:\/\/www.tikdd.cc\/i\/nzz-video-downloader\/\">nzz.ch<\/a><\/li>\n\n\n\n<li><a href=\"https:\/\/www.tikdd.cc\/i\/nytimes-video-downloader\/\">NYTimes<\/a><\/li>\n\n\n\n<li><a href=\"https:\/\/www.tikdd.cc\/i\/ntv-ru-video-downloader\/\">Ntv.ru<\/a><\/li>\n\n\n\n<li><a href=\"https:\/\/www.tikdd.cc\/i\/ndr-video-downloader\/\">NDR.de<\/a><\/li>\n\n\n\n<li><a href=\"https:\/\/www.tikdd.cc\/i\/ntv-video-downloader\/\">n-tv.de<\/a><\/li>\n\n\n\n<li><a href=\"https:\/\/www.tikdd.cc\/i\/muenchentv-video-downloader\/\">MuenchenTV<\/a><\/li>\n\n\n\n<li><a href=\"https:\/\/www.tikdd.cc\/i\/mdr-video-downloader\/\">MDR<\/a><\/li>\n\n\n\n<li><a href=\"https:\/\/www.tikdd.cc\/i\/kakao-video-downloader\/\">Kakao<\/a><\/li>\n\n\n\n<li><a href=\"https:\/\/www.tikdd.cc\/i\/joj-sk-video-downloader\/\">joj.sk<\/a><\/li>\n\n\n\n<li><a href=\"https:\/\/www.tikdd.cc\/i\/huffpost-video-downloader\/\">Huffpost<\/a><\/li>\n\n\n\n<li><a href=\"https:\/\/www.tikdd.cc\/i\/aktualne-video-downloader\/\">aktualne.cz<\/a><\/li>\n\n\n\n<li><a href=\"https:\/\/www.tikdd.cc\/i\/dctp-tv-video-downloader\/\">DCTP.TV<\/a><\/li>\n\n\n\n<li><a href=\"https:\/\/www.tikdd.cc\/i\/dailymail-video-downloader\/\">DailyMail<\/a><\/li>\n\n\n\n<li><a href=\"https:\/\/www.tikdd.cc\/i\/cu-ntv-co-jp-video-downloader\/\">cu.ntv.co.jp<\/a><\/li>\n\n\n\n<li><a href=\"https:\/\/www.tikdd.cc\/i\/ctv-video-downloader\/\">CTV<\/a><\/li>\n\n\n\n<li><a href=\"https:\/\/www.tikdd.cc\/i\/cnn-video-downloader\/\">CNN<\/a><\/li>\n\n\n\n<li><a href=\"https:\/\/www.tikdd.cc\/i\/cctv-video-downloader\/\">CCTV<\/a><\/li>\n\n\n\n<li><a href=\"https:\/\/www.tikdd.cc\/i\/cbs-news-video-downloader\/\">CBS News<\/a><\/li>\n\n\n\n<li><a href=\"https:\/\/www.tikdd.cc\/i\/cbc-ca-downloader\/\">CBC.ca<\/a><\/li>\n\n\n\n<li><a href=\"https:\/\/www.tikdd.cc\/i\/bild-de-video-downloader\/\">Bild.de<\/a><\/li>\n\n\n\n<li><a href=\"https:\/\/www.tikdd.cc\/i\/bfmtv-video-downloader\/\">BFMTV<\/a><\/li>\n\n\n\n<li><a href=\"https:\/\/www.tikdd.cc\/i\/bbc-video-downloader\/\">BBC<\/a><\/li>\n\n\n\n<li><a href=\"https:\/\/www.tikdd.cc\/i\/mediathek-video-downloader\/\">Mediathek<\/a><\/li>\n\n\n\n<li><a href=\"https:\/\/www.tikdd.cc\/i\/nextapple-video-downloader\/\">Nextapple<\/a><\/li>\n\n\n\n<li><a href=\"https:\/\/www.tikdd.cc\/i\/aol-video-downloader\/\">aol.com<\/a><\/li>\n\n\n\n<li><a href=\"https:\/\/www.tikdd.cc\/i\/al-jazeera-video-downloader\/\">Al Jazeera<\/a><\/li>\n\n\n\n<li><a href=\"https:\/\/www.tikdd.cc\/i\/abc-video-downloader\/\">abc.net.au<\/a><\/li>\n\n\n\n<li><a href=\"https:\/\/www.tikdd.cc\/i\/3sat-video-downloader\/\">3sat.de<\/a><\/li>\n\n\n\n<li><a href=\"https:\/\/www.tikdd.cc\/i\/220-ro-video-downloader\/\">220.ro<\/a><\/li>\n\n\n\n<li><a href=\"https:\/\/www.tikdd.cc\/i\/20min-video-downloader\/\">20min.ch<\/a><\/li>\n\n\n\n<li><a href=\"https:\/\/www.tikdd.cc\/i\/20min-video-downloader\/\">1TV.ru<\/a><\/li>\n<\/ul>\n<\/div>\n<\/div>\n<\/div>\n<\/div>\n<\/div>\n<\/div>\n","protected":false},"excerpt":{"rendered":"<p>T\u00e9l\u00e9charger les instructions TikDD prend en charge un grand nombre de sites web de streaming&hellip;<\/p>\n","protected":false},"author":1,"featured_media":0,"parent":0,"menu_order":0,"comment_status":"closed","ping_status":"closed","template":"page-templates\/template-bloglo-fullwidth.php","meta":{"footnotes":""},"class_list":["post-1848","page","type-page","status-publish","hentry"],"_links":{"self":[{"href":"https:\/\/www.tikdd.cc\/i\/wp-json\/wp\/v2\/pages\/1848","targetHints":{"allow":["GET"]}}],"collection":[{"href":"https:\/\/www.tikdd.cc\/i\/wp-json\/wp\/v2\/pages"}],"about":[{"href":"https:\/\/www.tikdd.cc\/i\/wp-json\/wp\/v2\/types\/page"}],"author":[{"embeddable":true,"href":"https:\/\/www.tikdd.cc\/i\/wp-json\/wp\/v2\/users\/1"}],"replies":[{"embeddable":true,"href":"https:\/\/www.tikdd.cc\/i\/wp-json\/wp\/v2\/comments?post=1848"}],"version-history":[{"count":1,"href":"https:\/\/www.tikdd.cc\/i\/wp-json\/wp\/v2\/pages\/1848\/revisions"}],"predecessor-version":[{"id":1849,"href":"https:\/\/www.tikdd.cc\/i\/wp-json\/wp\/v2\/pages\/1848\/revisions\/1849"}],"wp:attachment":[{"href":"https:\/\/www.tikdd.cc\/i\/wp-json\/wp\/v2\/media?parent=1848"}],"curies":[{"name":"wp","href":"https:\/\/api.w.org\/{rel}","templated":true}]}}