{"id":1831,"date":"2024-12-24T10:37:51","date_gmt":"2024-12-24T10:37:51","guid":{"rendered":"https:\/\/www.tikdd.cc\/i\/?page_id=1831"},"modified":"2026-03-01T03:28:20","modified_gmt":"2026-03-01T03:28:20","slug":"telechargeur-de-videos-xvideos","status":"publish","type":"page","link":"https:\/\/www.tikdd.cc\/i\/fr\/telechargeur-de-videos-xvideos\/","title":{"rendered":"T\u00e9l\u00e9chargeur de vid\u00e9os XVideos"},"content":{"rendered":"\n<p>T\u00e9l\u00e9chargeur de vid\u00e9os XVideos est un outil gratuit permettant de t\u00e9l\u00e9charger des vid\u00e9os \u00e0 partir de <a href=\"https:\/\/www.xvideos.com\/\" rel=\"nofollow noopener\" target=\"_blank\">XVideos.com<\/a>, une plateforme de divertissement pour adultes largement reconnue. Ce t\u00e9l\u00e9chargeur permet aux utilisateurs de sauvegarder les vid\u00e9os dans des formats haute d\u00e9finition tels que .MP4, offrant ainsi la commodit\u00e9 d&#8217;un visionnage hors ligne. Le processus est simple : copiez l&#8217;URL de la vid\u00e9o \u00e0 partir de XVideos, collez-la dans le t\u00e9l\u00e9chargeur et commencez \u00e0 t\u00e9l\u00e9charger votre contenu rapidement et efficacement.<\/p>\n\n\n\n<p>Exemple d&#8217;URL &gt;&gt;&gt; https:\/\/www.xvideos.com\/video.ufmecebef0d\/39007453\/0\/_no_penetration_please_my_boyfriend_might_be_mad_stepsis_creamy_rubbing_and_fucking<\/p>\n\n\n\n<div class=\"section features-1\">\n        <div class=\"container\">\n            <div class=\"row\">\n                <div class=\"col-md-8 mx-auto text-center\">\n                    <h2 class=\"display-4 mb-5\">Comment t\u00e9l\u00e9charger des vid\u00e9os de XVideos?<\/h2>\n                <\/div>\n            <\/div>\n            <div class=\"row text-center\">\n                <div class=\"col\">\n                    <div class=\"info\">\n                        <div class=\"icon icon-lg icon-shape icon-shape-primary shadow rounded-circle\">\n                            <i class=\"fas fa-link\"><\/i>\n                        <\/div>\n                        <h6 class=\"info-title text-uppercase text-primary\">Copier l&#8217;URL de la vid\u00e9o \u00e0 partager<\/h6>\n                        <p class=\"description opacity-8\"><\/p>\n                    <\/div>\n                <\/div>\n                <div class=\"col\">\n                    <div class=\"info\">\n                        <div class=\"icon icon-lg icon-shape icon-shape-success shadow rounded-circle\">\n                            <i class=\"fas fa-paste\"><\/i>\n                        <\/div>\n                        <h6 class=\"info-title text-uppercase text-success\">Collez-la dans le champ ci-dessus<\/h6>\n                        <p class=\"description opacity-8\"><\/p>\n                    <\/div>\n                <\/div>\n                <div class=\"col\">\n                    <div class=\"info\">\n                        <div class=\"icon icon-lg icon-shape icon-shape-info shadow rounded-circle\">\n                            <i class=\"fas fa-download\"><\/i>\n                        <\/div>\n                        <h6 class=\"info-title text-uppercase text-info\">Cliquez sur le bouton de t\u00e9l\u00e9chargement<\/h6>\n                        <p class=\"description opacity-8\"><\/p>\n                    <\/div>\n                <\/div>\n            <\/div>\n        <\/div>\n    <\/div>\n\n\n","protected":false},"excerpt":{"rendered":"<p>T\u00e9l\u00e9chargeur de vid\u00e9os XVideos est un outil gratuit permettant de t\u00e9l\u00e9charger des vid\u00e9os \u00e0 partir&hellip;<\/p>\n","protected":false},"author":1,"featured_media":0,"parent":0,"menu_order":0,"comment_status":"closed","ping_status":"closed","template":"page-templates\/template-downloader.php","meta":{"footnotes":""},"class_list":["post-1831","page","type-page","status-publish","hentry"],"_links":{"self":[{"href":"https:\/\/www.tikdd.cc\/i\/wp-json\/wp\/v2\/pages\/1831","targetHints":{"allow":["GET"]}}],"collection":[{"href":"https:\/\/www.tikdd.cc\/i\/wp-json\/wp\/v2\/pages"}],"about":[{"href":"https:\/\/www.tikdd.cc\/i\/wp-json\/wp\/v2\/types\/page"}],"author":[{"embeddable":true,"href":"https:\/\/www.tikdd.cc\/i\/wp-json\/wp\/v2\/users\/1"}],"replies":[{"embeddable":true,"href":"https:\/\/www.tikdd.cc\/i\/wp-json\/wp\/v2\/comments?post=1831"}],"version-history":[{"count":4,"href":"https:\/\/www.tikdd.cc\/i\/wp-json\/wp\/v2\/pages\/1831\/revisions"}],"predecessor-version":[{"id":2697,"href":"https:\/\/www.tikdd.cc\/i\/wp-json\/wp\/v2\/pages\/1831\/revisions\/2697"}],"wp:attachment":[{"href":"https:\/\/www.tikdd.cc\/i\/wp-json\/wp\/v2\/media?parent=1831"}],"curies":[{"name":"wp","href":"https:\/\/api.w.org\/{rel}","templated":true}]}}