{"id":1788,"date":"2024-12-23T14:41:07","date_gmt":"2024-12-23T14:41:07","guid":{"rendered":"https:\/\/www.tikdd.cc\/i\/?page_id=1788"},"modified":"2026-03-01T03:24:16","modified_gmt":"2026-03-01T03:24:16","slug":"descargar-de-videos-eporner","status":"publish","type":"page","link":"https:\/\/www.tikdd.cc\/i\/es\/descargar-de-videos-eporner\/","title":{"rendered":"Descargar de v\u00eddeos Eporner"},"content":{"rendered":"\n<p><strong>Descargar de v\u00eddeos Eporner<\/strong> es una herramienta gratuita y de alta velocidad dise\u00f1ada para descargar v\u00eddeos de <a href=\"https:\/\/www.eporner.com\/\" rel=\"nofollow noopener\" target=\"_blank\">Eporner<\/a>, una popular plataforma de v\u00eddeos para adultos. Con resoluciones de hasta 1080P HD, el descargador permite a los usuarios guardar v\u00eddeos en formatos de alta calidad como .mp4 para verlos sin conexi\u00f3n. Gracias a su sencilla interfaz, los usuarios pueden pegar r\u00e1pidamente la URL del v\u00eddeo y descargar sus contenidos favoritos de forma eficaz. Esta herramienta garantiza una experiencia fluida manteniendo la calidad del v\u00eddeo original.<\/p>\n\n\n\n<p>Ejemplo de URL &gt;&gt;&gt; <code>https:\/\/www.eporner.com\/video-voSUyq52Goz\/give-me-a-creampie\/<\/code><\/p>\n\n\n\n<div class=\"section features-1\">\n        <div class=\"container\">\n            <div class=\"row\">\n                <div class=\"col-md-8 mx-auto text-center\">\n                    <h2 class=\"display-4 mb-5\">\u00bfC\u00f3mo descargar v\u00eddeos de Eporner?<\/h2>\n                <\/div>\n            <\/div>\n            <div class=\"row text-center\">\n                <div class=\"col\">\n                    <div class=\"info\">\n                        <div class=\"icon icon-lg icon-shape icon-shape-primary shadow rounded-circle\">\n                            <i class=\"fas fa-link\"><\/i>\n                        <\/div>\n                        <h6 class=\"info-title text-uppercase text-primary\">Copiar URL de v\u00eddeo compartible<\/h6>\n                        <p class=\"description opacity-8\"><\/p>\n                    <\/div>\n                <\/div>\n                <div class=\"col\">\n                    <div class=\"info\">\n                        <div class=\"icon icon-lg icon-shape icon-shape-success shadow rounded-circle\">\n                            <i class=\"fas fa-paste\"><\/i>\n                        <\/div>\n                        <h6 class=\"info-title text-uppercase text-success\">P\u00e9guelo en el campo de arriba<\/h6>\n                        <p class=\"description opacity-8\"><\/p>\n                    <\/div>\n                <\/div>\n                <div class=\"col\">\n                    <div class=\"info\">\n                        <div class=\"icon icon-lg icon-shape icon-shape-info shadow rounded-circle\">\n                            <i class=\"fas fa-download\"><\/i>\n                        <\/div>\n                        <h6 class=\"info-title text-uppercase text-info\">Haga clic para descargar<\/h6>\n                        <p class=\"description opacity-8\"><\/p>\n                    <\/div>\n                <\/div>\n            <\/div>\n        <\/div>\n    <\/div>\n\n\n","protected":false},"excerpt":{"rendered":"<p>Descargar de v\u00eddeos Eporner es una herramienta gratuita y de alta velocidad dise\u00f1ada para descargar&hellip;<\/p>\n","protected":false},"author":1,"featured_media":0,"parent":0,"menu_order":0,"comment_status":"closed","ping_status":"closed","template":"page-templates\/template-downloader.php","meta":{"footnotes":""},"class_list":["post-1788","page","type-page","status-publish","hentry"],"_links":{"self":[{"href":"https:\/\/www.tikdd.cc\/i\/wp-json\/wp\/v2\/pages\/1788","targetHints":{"allow":["GET"]}}],"collection":[{"href":"https:\/\/www.tikdd.cc\/i\/wp-json\/wp\/v2\/pages"}],"about":[{"href":"https:\/\/www.tikdd.cc\/i\/wp-json\/wp\/v2\/types\/page"}],"author":[{"embeddable":true,"href":"https:\/\/www.tikdd.cc\/i\/wp-json\/wp\/v2\/users\/1"}],"replies":[{"embeddable":true,"href":"https:\/\/www.tikdd.cc\/i\/wp-json\/wp\/v2\/comments?post=1788"}],"version-history":[{"count":8,"href":"https:\/\/www.tikdd.cc\/i\/wp-json\/wp\/v2\/pages\/1788\/revisions"}],"predecessor-version":[{"id":2683,"href":"https:\/\/www.tikdd.cc\/i\/wp-json\/wp\/v2\/pages\/1788\/revisions\/2683"}],"wp:attachment":[{"href":"https:\/\/www.tikdd.cc\/i\/wp-json\/wp\/v2\/media?parent=1788"}],"curies":[{"name":"wp","href":"https:\/\/api.w.org\/{rel}","templated":true}]}}